{"id":36130,"date":"2025-09-07T14:14:05","date_gmt":"2025-09-07T12:14:05","guid":{"rendered":"https:\/\/hifimarket.ee\/product\/audiolab-7000cdt-cd-transport\/"},"modified":"2026-03-13T15:51:41","modified_gmt":"2026-03-13T13:51:41","slug":"audiolab-7000cdt-cd-transport","status":"publish","type":"product","link":"https:\/\/hifimarket.ee\/et\/toode\/audiolab-7000cdt-cd-transport\/","title":{"rendered":"Audiolab 7000CDT CD Transport"},"content":{"rendered":"<h3 class=\"t4s-image-text-heading\">New Series, Same Standards<\/h3>\n<div class=\"t4s-image-text-des t4s-rte\">\n<p>The 7000CDT uses a high-precision optical system with an electronic data buffer for accurate and seamless CD playback. Very similar technology to the 9000CDT, the 7000CDT uses a read-ahead digital buffer to reduce disc-reading failures, helping it plays scratched and damaged CDs that may be unreadable by conventional mechanisms. To ensure a flawless signal reaches the accompanying DAC, the coaxial output of the 7000CDT is fed from a differential line driver. The master clock is controlled by a high-accuracy crystal oscillator, enabling the digital output from both coaxial and optical sockets to exhibit vanishingly low levels of jitter (digital distortion).   <\/p>\n<h3 class=\"t4s-image-text-heading\">Isolation From Vibration<\/h3>\n<div class=\"t4s-image-text-des t4s-rte\">\n<p>The low-friction loading tray, sturdy aluminium base and chassis of the 7000CDT work to tackle vibrations that are experienced due to the mechanics of a high-spin-velocity motor. Further, the transport is mounted in its own, electromagnetically shielded enclosure with a dedicated power supply. All of these contribute to the exemplary digital signal extraction, while the proven resonance reduction further improves performance and onward effect in ancillary Hi-Fi equipment and signal chains.  <\/p>\n<h3 class=\"t4s-image-text-heading\">Digital Files In Any Format<\/h3>\n<div class=\"t4s-image-text-des t4s-rte\">\n<p>In addition to the class-leading CD playback design, the 7000CDT also offers digital music files compatibly via a dedicated USB \u2018Type A\u2019 connection, to the rear of the unit. Every significant hi-res and lossless audio format is catered for, including WAV, AAC and WMA, as well as compressed legacy MP3 formats. <\/p>\n<h3 class=\"t4s-image-text-heading\">All On Display<\/h3>\n<div class=\"t4s-image-text-des t4s-rte\">\n<p>Taking strong influence from the flagship 9000CDT, the 7000CDT improves over the 6000CDT with a full-colour 2.8&#8243; (48 x 64mm)<br \/>\nIPS display with a detailed but simple-to-use GUI. The 7000CDT therefore offers a vivid representation of information including system settings, format, folder, track details and other data. <\/p>\n<p><img loading=\"lazy\" decoding=\"async\" class=\"alignnone size-full wp-image-34203\" src=\"https:\/\/www.hifimarket.ee\/wp-content\/uploads\/2025\/09\/WeCom_Screenshot_20230727142516.png.webp\" alt=\"\" width=\"1780\" height=\"821\" srcset=\"https:\/\/hifimarket.ee\/wp-content\/uploads\/2025\/09\/WeCom_Screenshot_20230727142516.png.webp 1780w, https:\/\/hifimarket.ee\/wp-content\/uploads\/2025\/09\/WeCom_Screenshot_20230727142516.png-400x184.webp 400w, https:\/\/hifimarket.ee\/wp-content\/uploads\/2025\/09\/WeCom_Screenshot_20230727142516.png-1300x600.webp 1300w, https:\/\/hifimarket.ee\/wp-content\/uploads\/2025\/09\/WeCom_Screenshot_20230727142516.png-768x354.webp 768w, https:\/\/hifimarket.ee\/wp-content\/uploads\/2025\/09\/WeCom_Screenshot_20230727142516.png-1536x708.webp 1536w, https:\/\/hifimarket.ee\/wp-content\/uploads\/2025\/09\/WeCom_Screenshot_20230727142516.png-430x198.webp 430w, https:\/\/hifimarket.ee\/wp-content\/uploads\/2025\/09\/WeCom_Screenshot_20230727142516.png-700x323.webp 700w, https:\/\/hifimarket.ee\/wp-content\/uploads\/2025\/09\/WeCom_Screenshot_20230727142516.png-150x69.webp 150w\" sizes=\"auto, (max-width: 1780px) 100vw, 1780px\" \/><\/p>\n<\/div>\n<\/div>\n<\/div>\n<\/div>\n","protected":false},"excerpt":{"rendered":"<p>Audiolab 7000CDT on CD-transport 7000-seeriast neile, kes tahavad oma plaadikogust kuulata puhtalt ja stabiilselt. See ei ole CD-m\u00e4ngija DAC-iga \u2014 transporti \u00fclesanne on lugeda plaat v\u00f5imalikult t\u00e4pselt ning saata digitaalne signaal edasi sinu DAC-ile v\u00f5i v\u00f5imendile digisisendiga.<br \/>7000CDT sobib ideaalselt koos 7000A ja 7000N Play\u2019ga, kui soovid ehitada loogilise \u201c7000 komplekti\u201d: v\u00f5imendi + striimer + CD-allikas. See on lihtne ja v\u00e4ga praktiline s\u00fcsteem, mis katab igap\u00e4evase kuulamise ja annab korraliku upgrade-path\u2019i.<\/p>\n<p>CD-transport (fookus plaadilugemisel ja digitaalsel v\u00e4ljundil)<br \/>V\u00e4ga hea valik, kui sul on juba kvaliteetne DAC v\u00f5i v\u00f5imendi digisisendiga<br \/>Stabiilne ja t\u00e4pne lugemine \u2014 rohkem detaili ja rahulikum taust<br \/>Loogiline paar 7000A ja 7000N Play k\u00f5rvale (7000 komplekt)<br \/>Lihtne \u201cCD + DAC\u201d \u00fclesehitus: transport teeb \u00fche asja maksimaalselt h\u00e4sti <\/p>\n","protected":false},"featured_media":36132,"template":"","meta":{"_acf_changed":false},"product_brand":[734],"product_cat":[319],"product_tag":[],"class_list":{"0":"post-36130","1":"product","2":"type-product","3":"status-publish","4":"has-post-thumbnail","6":"product_brand-audiolab","7":"product_cat-cd-players-transports","9":"first","10":"instock","11":"taxable","12":"shipping-taxable","13":"purchasable","14":"product-type-variable"},"acf":[],"jetpack_sharing_enabled":true,"_links":{"self":[{"href":"https:\/\/hifimarket.ee\/et\/wp-json\/wp\/v2\/product\/36130","targetHints":{"allow":["GET"]}}],"collection":[{"href":"https:\/\/hifimarket.ee\/et\/wp-json\/wp\/v2\/product"}],"about":[{"href":"https:\/\/hifimarket.ee\/et\/wp-json\/wp\/v2\/types\/product"}],"version-history":[{"count":2,"href":"https:\/\/hifimarket.ee\/et\/wp-json\/wp\/v2\/product\/36130\/revisions"}],"predecessor-version":[{"id":56284,"href":"https:\/\/hifimarket.ee\/et\/wp-json\/wp\/v2\/product\/36130\/revisions\/56284"}],"wp:featuredmedia":[{"embeddable":true,"href":"https:\/\/hifimarket.ee\/et\/wp-json\/wp\/v2\/media\/36132"}],"wp:attachment":[{"href":"https:\/\/hifimarket.ee\/et\/wp-json\/wp\/v2\/media?parent=36130"}],"wp:term":[{"taxonomy":"product_brand","embeddable":true,"href":"https:\/\/hifimarket.ee\/et\/wp-json\/wp\/v2\/product_brand?post=36130"},{"taxonomy":"product_cat","embeddable":true,"href":"https:\/\/hifimarket.ee\/et\/wp-json\/wp\/v2\/product_cat?post=36130"},{"taxonomy":"product_tag","embeddable":true,"href":"https:\/\/hifimarket.ee\/et\/wp-json\/wp\/v2\/product_tag?post=36130"}],"curies":[{"name":"wp","href":"https:\/\/api.w.org\/{rel}","templated":true}]}}