{"id":36140,"date":"2025-09-07T14:06:47","date_gmt":"2025-09-07T12:06:47","guid":{"rendered":"https:\/\/hifimarket.ee\/product\/audiolab-7000n-play-streamer-network-player\/"},"modified":"2026-03-13T15:45:00","modified_gmt":"2026-03-13T13:45:00","slug":"audiolab-7000n-play-streamer-network-player","status":"publish","type":"product","link":"https:\/\/hifimarket.ee\/et\/toode\/audiolab-7000n-play-streamer-network-player\/","title":{"rendered":"Audiolab 7000N Play Streamer \/ Network Player"},"content":{"rendered":"<h3 class=\"t4s-image-text-heading\">Wi-Fi\u00ae Technology<\/h3>\n<div class=\"t4s-image-text-des t4s-rte\">\n<p>Featuring DTS Play-Fi\u00ae Technology, music can be streamed over your wireless network in high-resolution format and can be easily expanded to a multi-room system if required. You can stream from any source on your wireless network, including smartphones, tablets or PCs as well as a NAS Drive. <\/p>\n<h3 class=\"t4s-image-text-heading\">DTS Play-Fi App<\/h3>\n<div class=\"t4s-image-text-des t4s-rte\">\n<p>Besides accessing your personal music library, the DTS Play-Fi platform o\ufb00ers a wealth of leading online music channels from around the globe. Spotify, Tidal, HD Tracks, Deezer, Amazon Music, Napster, KKBox and Sirius XM, to name a few. Browse a radio guide with thousands of stations and podcasts, or stream from a home media server with DLNA compatibility. And thanks to the aforementioned AirPlay 2 adoption, the 7000N Play also now o\ufb00ers further compatibility for Apple Music users and other non-Play-Fi native platforms by way of Apple Airplay 2 connectivity, o\ufb00ering all of the additional convenience of the Apple platform.   <\/p>\n<h3 class=\"t4s-image-text-heading\">Digital Screen<\/h3>\n<div class=\"t4s-image-text-des t4s-rte\">\n<p>Sporting a new 2.8\u2033 (48 x 64mm) IPS LCD screen with a detailed but simple to use GUI, the audiolab 7000N Play o\ufb00ers a vivid representation of information including streaming service, system settings, format, folder, track details and other data. It can even be set to display a VU meter in \u2018analogue\u2019 or \u2018digital\u2019 form, showing real-time decibel levels for the left and right channels for the analogue outputs \u2013 a satisfying graphical representation of the music as it plays. <\/p>\n<h3 class=\"t4s-image-text-heading\">An Endless Supply Of Music<\/h3>\n<div class=\"t4s-image-text-des t4s-rte\">\n<p>The sheer versatility, operational simplicity and wide-spanning service options from the audiolab 7000N Play make it a very appealing wireless audio streaming solution. Just like the award-winning 6000N Play; for some, it is the perfect way to stream music from the likes of Spotify, Tidal and Deezer, with all the additional functionality of Play-Fi including multi-room audio. Not to mention the expansive AirPlay 2 provisions. For others, it is simply the best way of adding radio to their hi-\ufb01 system, with the huge choice of stations available via the internet \u2013 the traditional hi-\ufb01 \u2019tuner\u2019 component, reinvented for the streaming age \u2013 all with the audiolab pedigree and performance!   <\/p>\n<h3 class=\"t4s-image-text-heading\">Wireless Streaming Technology<\/h3>\n<div class=\"t4s-image-text-des t4s-rte\">\n<p>DTS Play-Fi is premium whole-home wireless audio, now available from the largest ecosystem of brands in the world. Stream your favourite content with astounding audio quality, from every device that you\u2019ve got. <\/p>\n<p>All DTS Play-Fi products are seamlessly interoperable, so you can find the perfect speaker for every room, and know that they will all make beautiful music together.<\/p>\n<h3 class=\"t4s-image-text-heading\">Whole Home Audio, Made Easy<\/h3>\n<div class=\"t4s-image-text-des t4s-rte\">\n<p>DTS Play-Fi sends audio from mobile devices to speakers throughout the home using proprietary streaming, synchronization, and authentication technology.<\/p>\n<p>Every single DTS Play-Fi product works perfectly with all the rest, regardless of brand, so you get a huge range of options to customize your home, and one simple, elegant listening experience.<\/p>\n<h3 class=\"t4s-image-text-heading\">Works With Every Device You\u2019ve Got<\/h3>\n<div class=\"t4s-image-text-des t4s-rte\">\n<p>Now with Gapless playback and the new transfer mode, there\u2019s no interruption in your music file playback. Even in Hi-Res mode, you transfer the stream direct to the device. This means no pause between tracks and no interruption in music when your phone or smart device is used on a call, for instance.  <\/p>\n<p>Of course, your music is always close by. And we know you have all kinds of devices in your life. That\u2019s why DTS Play-Fi is built especially for smartphones, tablets, and PCs.  <\/p>\n<p>We have easy-to-use software for Android, iOS, Kindle Fires, and Windows. We support streaming via Spotify Connect, too. Any way you want to play, it just works.  <\/p>\n<p>DTS Play-Fi offers an unparalleled selection of audio products for your home, from compact battery-powered speakers to powerful soundbars, built by the most respected audio brands in the business. No more compromising your style or taste to get a high-quality wireless audio solution. <\/p>\n<p><img loading=\"lazy\" decoding=\"async\" class=\"alignnone size-full wp-image-34203\" src=\"https:\/\/www.hifimarket.ee\/wp-content\/uploads\/2025\/09\/WeCom_Screenshot_20230727142516.png.webp\" alt=\"\" width=\"1780\" height=\"821\" srcset=\"https:\/\/hifimarket.ee\/wp-content\/uploads\/2025\/09\/WeCom_Screenshot_20230727142516.png.webp 1780w, https:\/\/hifimarket.ee\/wp-content\/uploads\/2025\/09\/WeCom_Screenshot_20230727142516.png-400x184.webp 400w, https:\/\/hifimarket.ee\/wp-content\/uploads\/2025\/09\/WeCom_Screenshot_20230727142516.png-1300x600.webp 1300w, https:\/\/hifimarket.ee\/wp-content\/uploads\/2025\/09\/WeCom_Screenshot_20230727142516.png-768x354.webp 768w, https:\/\/hifimarket.ee\/wp-content\/uploads\/2025\/09\/WeCom_Screenshot_20230727142516.png-1536x708.webp 1536w, https:\/\/hifimarket.ee\/wp-content\/uploads\/2025\/09\/WeCom_Screenshot_20230727142516.png-430x198.webp 430w, https:\/\/hifimarket.ee\/wp-content\/uploads\/2025\/09\/WeCom_Screenshot_20230727142516.png-700x323.webp 700w, https:\/\/hifimarket.ee\/wp-content\/uploads\/2025\/09\/WeCom_Screenshot_20230727142516.png-150x69.webp 150w\" sizes=\"auto, (max-width: 1780px) 100vw, 1780px\" \/><\/p>\n<\/div>\n<\/div>\n<\/div>\n<\/div>\n<\/div>\n<\/div>\n<\/div>\n","protected":false},"excerpt":{"rendered":"<p>Audiolab 7000N Play on 7000-seeria v\u00f5rgu-m\u00e4ngija (streamer), mis teeb stereo digiosa lihtsaks: v\u00f5rgust muusika kuulamine, mugav juhtimine ja puhas helipilt. See sobib suurep\u00e4raselt \u201c7000 komplekti\u201d keskseks allikaks \u2014 eriti koos 7000A v\u00f5imendiga, kui tahad ehitada loogilise ja kompaktse s\u00fcsteemi ilma liigse keerukuseta.<br \/>7000N Play on hea valik, kui sinu peamine muusika tuleb striimingust ja failidest: lisad striimeri ja kogu s\u00fcsteem muutub igap\u00e4evaselt mugavamaks, samal ajal hoides heli taseme selgelt \u201chi-fi\u201d klassis.<\/p>\n<p class=\"p1\">7000-seeria v\u00f5rgu-m\u00e4ngija \/ streamer stereo jaoks<br \/>Mugav igap\u00e4evane kasutus: striiming ja failiesitus v\u00f5rgu kaudu<br \/>Hea \u201cs\u00fcsteemi allikas\u201d koos 7000A ja 7000CDT-ga (7000 komplekt)<br \/>Loogiline upgrade digiallikale: parem detail ja lava v\u00f5rreldes lihtsamate lahendustega<br \/>Sobib nii kompaktseks 2-kanaliseks s\u00fcsteemiks kui ka suurema stereo \u201cdigis\u00fcdameks\u201d<\/p>\n","protected":false},"featured_media":36142,"template":"","meta":{"_acf_changed":false},"product_brand":[734],"product_cat":[321],"product_tag":[],"class_list":{"0":"post-36140","1":"product","2":"type-product","3":"status-publish","4":"has-post-thumbnail","6":"product_brand-audiolab","7":"product_cat-streamers-and-network-players","9":"first","10":"instock","11":"taxable","12":"shipping-taxable","13":"purchasable","14":"product-type-variable"},"acf":[],"jetpack_sharing_enabled":true,"_links":{"self":[{"href":"https:\/\/hifimarket.ee\/et\/wp-json\/wp\/v2\/product\/36140","targetHints":{"allow":["GET"]}}],"collection":[{"href":"https:\/\/hifimarket.ee\/et\/wp-json\/wp\/v2\/product"}],"about":[{"href":"https:\/\/hifimarket.ee\/et\/wp-json\/wp\/v2\/types\/product"}],"version-history":[{"count":2,"href":"https:\/\/hifimarket.ee\/et\/wp-json\/wp\/v2\/product\/36140\/revisions"}],"predecessor-version":[{"id":56282,"href":"https:\/\/hifimarket.ee\/et\/wp-json\/wp\/v2\/product\/36140\/revisions\/56282"}],"wp:featuredmedia":[{"embeddable":true,"href":"https:\/\/hifimarket.ee\/et\/wp-json\/wp\/v2\/media\/36142"}],"wp:attachment":[{"href":"https:\/\/hifimarket.ee\/et\/wp-json\/wp\/v2\/media?parent=36140"}],"wp:term":[{"taxonomy":"product_brand","embeddable":true,"href":"https:\/\/hifimarket.ee\/et\/wp-json\/wp\/v2\/product_brand?post=36140"},{"taxonomy":"product_cat","embeddable":true,"href":"https:\/\/hifimarket.ee\/et\/wp-json\/wp\/v2\/product_cat?post=36140"},{"taxonomy":"product_tag","embeddable":true,"href":"https:\/\/hifimarket.ee\/et\/wp-json\/wp\/v2\/product_tag?post=36140"}],"curies":[{"name":"wp","href":"https:\/\/api.w.org\/{rel}","templated":true}]}}