{"id":36160,"date":"2025-09-07T13:26:39","date_gmt":"2025-09-07T11:26:39","guid":{"rendered":"https:\/\/hifimarket.ee\/product\/audiolab-9000cdt-cd-transport\/"},"modified":"2026-03-13T15:25:32","modified_gmt":"2026-03-13T13:25:32","slug":"audiolab-9000cdt-cd-transport","status":"publish","type":"product","link":"https:\/\/hifimarket.ee\/et\/toode\/audiolab-9000cdt-cd-transport\/","title":{"rendered":"Audiolab 9000CDT CD Transport"},"content":{"rendered":"<h3 class=\"t4s-image-text-heading\">CD for the Purist<\/h3>\n<div class=\"t4s-image-text-des t4s-rte\">\n<p>Following in a long list of award-winning audiolab CD playback devices, the 9000CDT uses a high-precision optical system with an electronic data buffer for accurate and seamless CD playback. The read-ahead digital buffer to reduce disc-reading failures, helping the 9000CDT play scratched and damaged CDs that may be unreadable by conventional mechanisms. <\/p>\n<h3 class=\"t4s-image-text-heading\">Isolation from Vibration<\/h3>\n<div class=\"t4s-image-text-des t4s-rte\">\n<p>To ensure a flawless signal reaches the accompanying DAC, the coaxial output of the 9000CDT is fed from a differential line driver. The master clock is controlled by a high-accuracy crystal oscillator, enabling the digital output from both coaxial and optical sockets to exhibit vanishingly low levels of jitter (digital distortion). <\/p>\n<p>The low-friction loading tray, sturdy aluminium base and chassis of the 9000CDT work to tackle vibrations that are experienced due to the mechanics of a high-spin-velocity motor. Further, the transport is mounted in its own, electromagnetically shielded enclosure with a dedicated power supply. All of which contribute to the exemplary digital signal extraction, while the proven resonance reduction further improves performance and onward effect in ancillary Hi-Fi equipment and signal chains.  <\/p>\n<h3 class=\"t4s-image-text-heading\">Digital Files in Any Format<\/h3>\n<div class=\"t4s-image-text-des t4s-rte\">\n<p>In addition to the class-leading CD playback design, the 9000CDT also offers digital music file compatibly via a dedicated USB \u2018Type A\u2019 connection, to the rear of the unit. Every significant hi-res and lossless audio format is catered for, including WAV, AAC and WMA, as well as compressed legacy MP3 formats. <\/p>\n<p>Sporting a 4.3\u201d IPS LCD screen with a detailed but simple to use GUI, the 9000CDT offers a vivid representation of information including system settings, format, folder, track details and other data.<\/p>\n<p><img loading=\"lazy\" decoding=\"async\" class=\"alignnone size-full wp-image-34175\" src=\"https:\/\/www.hifimarket.ee\/wp-content\/uploads\/2025\/09\/9000cdt-symbols.png.webp\" alt=\"\" width=\"1780\" height=\"260\" srcset=\"https:\/\/hifimarket.ee\/wp-content\/uploads\/2025\/09\/9000cdt-symbols.png.webp 1780w, https:\/\/hifimarket.ee\/wp-content\/uploads\/2025\/09\/9000cdt-symbols.png-400x58.webp 400w, https:\/\/hifimarket.ee\/wp-content\/uploads\/2025\/09\/9000cdt-symbols.png-1300x190.webp 1300w, https:\/\/hifimarket.ee\/wp-content\/uploads\/2025\/09\/9000cdt-symbols.png-768x112.webp 768w, https:\/\/hifimarket.ee\/wp-content\/uploads\/2025\/09\/9000cdt-symbols.png-1536x224.webp 1536w, https:\/\/hifimarket.ee\/wp-content\/uploads\/2025\/09\/9000cdt-symbols.png-430x63.webp 430w, https:\/\/hifimarket.ee\/wp-content\/uploads\/2025\/09\/9000cdt-symbols.png-700x102.webp 700w, https:\/\/hifimarket.ee\/wp-content\/uploads\/2025\/09\/9000cdt-symbols.png-150x22.webp 150w\" sizes=\"auto, (max-width: 1780px) 100vw, 1780px\" \/><\/p>\n<\/div>\n<\/div>\n<\/div>\n","protected":false},"excerpt":{"rendered":"<p class=\"p1\">Audiolab 9000CDT on CD-transport 9000-seeriast neile, kes tahavad oma plaadikogust kuulata maksimaalse t\u00e4psuse ja stabiilsusega. See ei ole \u201cCD-m\u00e4ngija DAC-iga\u201d, vaid just transport \u2014 selle roll on lugeda plaat v\u00f5imalikult puhtalt ning saata digitaalne signaal edasi sinu DAC-ile v\u00f5i v\u00f5imendile.<\/p>\n<p class=\"p1\">9000CDT sobib ideaalselt koos 9000A ja 9000N-ga, kui soovid ehitada v\u00e4ga loogilise 9000-seeria s\u00fcsteemi: \u00fcks v\u00f5imendi, \u00fcks striimer ja \u00fcks kindel CD-allikas.<\/p>\n<p class=\"p1\"><strong>CD-transport (<\/strong>fookus puhtal plaadilugemisel ja digitaalsel v\u00e4ljundil)<br \/>Hea valik, kui sul on juba kvaliteetne DAC v\u00f5i v\u00f5imendi digisisendiga<br \/>Stabiilne ja t\u00e4pne lugemine \u2014 rohkem detaili ja rahulikum \u201ctaust\u201d<br \/>Ideaalne paar <strong>Audiolab 9000A<\/strong> ja <strong>9000N <\/strong>k\u00f5rvale (9000 komplekt)<br \/>Lihtne ja loogiline \u201cCD + DAC\u201d \u00fclesehitus: transport teeb \u00fche asja v\u00e4ga h\u00e4sti<\/p>\n","protected":false},"featured_media":36162,"template":"","meta":{"_acf_changed":false},"product_brand":[734],"product_cat":[319],"product_tag":[],"class_list":{"0":"post-36160","1":"product","2":"type-product","3":"status-publish","4":"has-post-thumbnail","6":"product_brand-audiolab","7":"product_cat-cd-players-transports","9":"first","10":"instock","11":"taxable","12":"shipping-taxable","13":"purchasable","14":"product-type-variable"},"acf":[],"jetpack_sharing_enabled":true,"_links":{"self":[{"href":"https:\/\/hifimarket.ee\/et\/wp-json\/wp\/v2\/product\/36160","targetHints":{"allow":["GET"]}}],"collection":[{"href":"https:\/\/hifimarket.ee\/et\/wp-json\/wp\/v2\/product"}],"about":[{"href":"https:\/\/hifimarket.ee\/et\/wp-json\/wp\/v2\/types\/product"}],"version-history":[{"count":2,"href":"https:\/\/hifimarket.ee\/et\/wp-json\/wp\/v2\/product\/36160\/revisions"}],"predecessor-version":[{"id":56278,"href":"https:\/\/hifimarket.ee\/et\/wp-json\/wp\/v2\/product\/36160\/revisions\/56278"}],"wp:featuredmedia":[{"embeddable":true,"href":"https:\/\/hifimarket.ee\/et\/wp-json\/wp\/v2\/media\/36162"}],"wp:attachment":[{"href":"https:\/\/hifimarket.ee\/et\/wp-json\/wp\/v2\/media?parent=36160"}],"wp:term":[{"taxonomy":"product_brand","embeddable":true,"href":"https:\/\/hifimarket.ee\/et\/wp-json\/wp\/v2\/product_brand?post=36160"},{"taxonomy":"product_cat","embeddable":true,"href":"https:\/\/hifimarket.ee\/et\/wp-json\/wp\/v2\/product_cat?post=36160"},{"taxonomy":"product_tag","embeddable":true,"href":"https:\/\/hifimarket.ee\/et\/wp-json\/wp\/v2\/product_tag?post=36160"}],"curies":[{"name":"wp","href":"https:\/\/api.w.org\/{rel}","templated":true}]}}