{"id":36448,"date":"2025-09-02T10:26:13","date_gmt":"2025-09-02T08:26:13","guid":{"rendered":"https:\/\/hifimarket.ee\/product\/dan-clark-audio-noire-x-planar-magnetic-headphones\/"},"modified":"2026-03-12T09:37:37","modified_gmt":"2026-03-12T07:37:37","slug":"dan-clark-audio-noire-x-planar-magnetic-headphones","status":"publish","type":"product","link":"https:\/\/hifimarket.ee\/et\/toode\/dan-clark-audio-noire-x-planar-magnetic-headphones\/","title":{"rendered":"Dan Clark Audio Noire X Planar Magnetic Headphones"},"content":{"rendered":"<h4>Acoustic Metamaterial Tuning System (AMTS)<\/h4>\n<p>Perhaps the most important feature of <strong>NOIRE X<\/strong> is the addition of <strong>Dan Clark Audio\u2019s<\/strong> critically-acclaimed AMTS tuning system, previously found only in our top-of-the-line <strong>Stealth<\/strong>, <strong>Expanse<\/strong>, <strong>E3<\/strong>, and <strong>Corina<\/strong>, headphones.  <\/p>\n<p>Truly a revolution in acoustic engineering, AMTS uses advanced metamaterial design concepts to shape the system frequency response while simultaneously eliminating high-frequency standing waves, which are responsible for the synthetic-sounding high frequencies that are found in all too many headphones.<\/p>\n<p>By eliminating these standing waves, <strong>NOIRE X<\/strong> with AMTS delivers remarkably balanced, nuanced, and airy treble-free sound of the fatiguing artifacts that diminish your listening experience.<\/p>\n<h4>Better Technology Means Better Sound<\/h4>\n<p><strong>NOIRE X<\/strong> is designed around an updated and improved <strong>AEON<\/strong> audio driver. The new driver is signi\ufb01cantly more rigid than it\u2019s predecessor, with superior unit to unit consistency, reduced distortion, improved reliability, and smoothed frequency response. <\/p>\n<p>Extensive R&amp;D investments were made to optimize other aspects of <strong>NOIRE X\u2019s<\/strong> planar driver. New manufacturing processes combined with highly optimized V-Planar knurling deliver a remarkably smooth frequency response with low distortion throughout the listening range, achieving levels of detail heretofore found primarily in our top-of-the-line headphones. <\/p>\n<p>Leveraging our state-of-the-art Audio Precision 555B and B&amp;K 5128 measurement system, we\u2019ve carefully integrated <strong>NOIRE X\u2019s<\/strong> new driver with our patent-pending AMTS and redesigned ear pads to create an experience we\u2019re sure you\u2019ll never forget.<\/p>\n<h4>Self-Tensioning Headband<\/h4>\n<p>Our self-tensioning headband reduces listening fatigue by distributing pressure evenly across your head for a balanced, barely-there \ufb01t.<\/p>\n<p>The uniform pressure distribution helps prevent hot spots and pressure points, making <strong>NOIRE X<\/strong> ideal for long hours of immersive listening, free from adjustments or strain.<\/p>\n<h4>Gorilla Glass<\/h4>\n<p><strong>NOIRE X<\/strong> is a stunning yet understated headphone, from the stitched headband to the all-new Gorilla Glass 3 \ufb01nish on the cups. Gorilla Glass 3 is a thin sheet of alkali-aluminosilicate that makes the glass stiffer and more scratch and break-resistant than conventional glass formulations. <\/p>\n<p><strong>NOIRE X\u2019s<\/strong> striking minimalist aesthetic is completed with the tone-on-tone understated <strong>NOIRE X<\/strong> logo.<\/p>\n<h4>Luxurious Comfort with Upgraded Ear Pads<\/h4>\n<p><strong>NOIRE X<\/strong> includes all-new ear pads to ensure an exceptionally comfortable experience. Using Alcantara synthetic suede on the contact surface reduces heat and moisture buildup, ensuring cool comfort during extended listening sessions, even in warmer or more humid environments. <\/p>\n<p>In addition, the <strong>NOIRE X<\/strong> Ear Pads are designed to reduce \u201cfoam rolling,\u201d so the pads will have a longer usable life, and more consistent \ufb01t and operation. <strong>NOIRE X<\/strong> Ear Pads are backward compatible with our <strong>AEON 2 NOIRE<\/strong>, <strong>AEON RT<\/strong> Closed, and <strong>AEON 2<\/strong> Closed headphones.<\/p>\n<h4>Enhanced Connectivity with Versatile Cable Options<\/h4>\n<p><strong>NOIRE X<\/strong> offers a comprehensive range of cable terminations at the base price, including combo 1\/4\u2033 and 3.5mm tips, 4-pin XLR, and 4.4mm. For those seeking more \ufb02exibility in cable length and termination, it\u2019s easy to upgrade to our ultra-premium <strong>VIVO<\/strong> cables, which are available in multiple length and termination options. <\/p>\n<p>With these versatile cable options, you can pair your headphones with any ampli\ufb01er, eliminating the need for costly third-party cables and ensuring you get the most out of your audio setup.<\/p>\n<p><img loading=\"lazy\" decoding=\"async\" class=\"alignnone size-full wp-image-33730\" src=\"https:\/\/www.hifimarket.ee\/wp-content\/uploads\/2025\/09\/Dan-Clark-Audio-Noire-X-Planar-Magnetic-Headphones-desc.jpg\" alt=\"\" width=\"1290\" height=\"450\" srcset=\"https:\/\/hifimarket.ee\/wp-content\/uploads\/2025\/09\/Dan-Clark-Audio-Noire-X-Planar-Magnetic-Headphones-desc.jpg 1290w, https:\/\/hifimarket.ee\/wp-content\/uploads\/2025\/09\/Dan-Clark-Audio-Noire-X-Planar-Magnetic-Headphones-desc-400x140.jpg 400w, https:\/\/hifimarket.ee\/wp-content\/uploads\/2025\/09\/Dan-Clark-Audio-Noire-X-Planar-Magnetic-Headphones-desc-768x268.jpg 768w, https:\/\/hifimarket.ee\/wp-content\/uploads\/2025\/09\/Dan-Clark-Audio-Noire-X-Planar-Magnetic-Headphones-desc-430x150.jpg 430w, https:\/\/hifimarket.ee\/wp-content\/uploads\/2025\/09\/Dan-Clark-Audio-Noire-X-Planar-Magnetic-Headphones-desc-700x244.jpg 700w, https:\/\/hifimarket.ee\/wp-content\/uploads\/2025\/09\/Dan-Clark-Audio-Noire-X-Planar-Magnetic-Headphones-desc-150x52.jpg 150w\" sizes=\"auto, (max-width: 1290px) 100vw, 1290px\" \/><\/p>\n","protected":false},"excerpt":{"rendered":"<div class=\"woocommerce-product-details__short-description\">\n<p><strong>Dan Clark Audio NOIRE X <\/strong>on suletud planar-magnetilised k\u00f5rvaklapid, mis on <strong>AEON 2 NOIRE<\/strong> edasiarendus: t\u00e4psem h\u00e4\u00e4lestus, rohkem \u201ck\u00fcps\u201d esitlus ning sama DCA-le omane mugavus ja kokkuvolditav konstruktsioon. K\u00f5ige olulisem uuendus on <strong>AMTS (Acoustic Metamaterial Tuning System)<\/strong>, mis aitab k\u00f5rgsagedusi puhtamaks ja \u00fchtlasemaks muuta. <br \/><strong>NOIRE X <\/strong>sobib pikaks kuulamiseks: uued padjad, isereguleeruv peav\u00f5ru ning Gorilla Glass 3 viimistlusega k\u00f5rvaklapitopsid. Suletud disain annab parema isolatsiooni, s\u00e4ilitades samas avarama ja loomulikuma helipildi. <\/p>\n<p>Suletud planar magnetic k\u00f5rvaklapid, kokkuvolditav disain <br \/>AMTS (Acoustic Metamaterial Tuning System) \u2014 \u00fchtlasem ja puhtam h\u00e4\u00e4lestus <br \/>Uuendatud padjad, isereguleeruv peav\u00f5ru, Gorilla Glass 3 topsid <br \/>Impedants umbes 13 \u03a9, tundlikkus umbes 94 dB\/mW (parim DAC\/v\u00f5imendi toel) <br \/>Kaal umbes 385 g <\/p>\n<\/div>\n","protected":false},"featured_media":36450,"template":"","meta":{"_acf_changed":false},"product_brand":[804],"product_cat":[405],"product_tag":[],"class_list":{"0":"post-36448","1":"product","2":"type-product","3":"status-publish","4":"has-post-thumbnail","6":"product_brand-dan-clark-audio","7":"product_cat-wired-headphones","9":"first","10":"instock","11":"taxable","12":"shipping-taxable","13":"purchasable","14":"product-type-variable"},"acf":[],"jetpack_sharing_enabled":true,"_links":{"self":[{"href":"https:\/\/hifimarket.ee\/et\/wp-json\/wp\/v2\/product\/36448","targetHints":{"allow":["GET"]}}],"collection":[{"href":"https:\/\/hifimarket.ee\/et\/wp-json\/wp\/v2\/product"}],"about":[{"href":"https:\/\/hifimarket.ee\/et\/wp-json\/wp\/v2\/types\/product"}],"version-history":[{"count":3,"href":"https:\/\/hifimarket.ee\/et\/wp-json\/wp\/v2\/product\/36448\/revisions"}],"predecessor-version":[{"id":48559,"href":"https:\/\/hifimarket.ee\/et\/wp-json\/wp\/v2\/product\/36448\/revisions\/48559"}],"wp:featuredmedia":[{"embeddable":true,"href":"https:\/\/hifimarket.ee\/et\/wp-json\/wp\/v2\/media\/36450"}],"wp:attachment":[{"href":"https:\/\/hifimarket.ee\/et\/wp-json\/wp\/v2\/media?parent=36448"}],"wp:term":[{"taxonomy":"product_brand","embeddable":true,"href":"https:\/\/hifimarket.ee\/et\/wp-json\/wp\/v2\/product_brand?post=36448"},{"taxonomy":"product_cat","embeddable":true,"href":"https:\/\/hifimarket.ee\/et\/wp-json\/wp\/v2\/product_cat?post=36448"},{"taxonomy":"product_tag","embeddable":true,"href":"https:\/\/hifimarket.ee\/et\/wp-json\/wp\/v2\/product_tag?post=36448"}],"curies":[{"name":"wp","href":"https:\/\/api.w.org\/{rel}","templated":true}]}}