{"id":36710,"date":"2025-09-01T16:51:40","date_gmt":"2025-09-01T14:51:40","guid":{"rendered":"https:\/\/hifimarket.ee\/product\/luxman-d-03r-cd-player\/"},"modified":"2026-03-12T09:34:48","modified_gmt":"2026-03-12T07:34:48","slug":"luxman-d-03r-cd-player","status":"publish","type":"product","link":"https:\/\/hifimarket.ee\/et\/toode\/luxman-d-03r-cd-player\/","title":{"rendered":"Luxman D-03R CD Player"},"content":{"rendered":"<p>On the front panel of the device there is an OLED display of considerable clarity with a four-stage dimmer, with which you can control the playback parameters.<\/p>\n<p>The power supply is, of course, large-sized with a 6,600 mF capacitor unit. The device comes with a high-quality branded power cable Luxman JPA-100000i and an aluminum remote control. <\/p>\n<p>The disc drive, specialized for CD format playback, adopts the traditional left-side mechanism layout that realizes ideal signal flow.<\/p>\n<p>The entire unit is covered with a specialist metal structure to block vibrations and support accurate pickup of music signals.<\/p>\n<p>The D\/A converter chip, which can be considered the core module in digital playback, is the first to be equipped with ROHM&#8217;s BD34352EKV in full dual mono configuration.<\/p>\n<p>With a wide range of digital inputs that can be connected to a PC or network transport NT-07, a powerful DAC environment is provided that supports up to PCM 384kHz\/32bit and DSD 22.5MHz when inputting from USB, and up to PCM 192kHz\/24bit when inputting from COAX\/OPT.<\/p>\n<p><img loading=\"lazy\" decoding=\"async\" class=\"alignnone size-full wp-image-33510\" src=\"https:\/\/www.hifimarket.ee\/wp-content\/uploads\/2025\/09\/Luxman-D-03R-Compact-Disc-Player-Featured-01-780x470-1.jpg\" alt=\"\" width=\"780\" height=\"470\" srcset=\"https:\/\/hifimarket.ee\/wp-content\/uploads\/2025\/09\/Luxman-D-03R-Compact-Disc-Player-Featured-01-780x470-1.jpg 780w, https:\/\/hifimarket.ee\/wp-content\/uploads\/2025\/09\/Luxman-D-03R-Compact-Disc-Player-Featured-01-780x470-1-400x241.jpg 400w, https:\/\/hifimarket.ee\/wp-content\/uploads\/2025\/09\/Luxman-D-03R-Compact-Disc-Player-Featured-01-780x470-1-768x463.jpg 768w, https:\/\/hifimarket.ee\/wp-content\/uploads\/2025\/09\/Luxman-D-03R-Compact-Disc-Player-Featured-01-780x470-1-430x259.jpg 430w, https:\/\/hifimarket.ee\/wp-content\/uploads\/2025\/09\/Luxman-D-03R-Compact-Disc-Player-Featured-01-780x470-1-700x422.jpg 700w, https:\/\/hifimarket.ee\/wp-content\/uploads\/2025\/09\/Luxman-D-03R-Compact-Disc-Player-Featured-01-780x470-1-150x90.jpg 150w\" sizes=\"auto, (max-width: 780px) 100vw, 780px\" \/><\/p>\n","protected":false},"excerpt":{"rendered":"<p>Luxman D-03R on CD-m\u00e4ngija \/ digitaalne allikas neile, kes hindavad Luxmani muusikalist ja \u201canaloogset\u201d esitust, kuid soovivad ka kaasaegset digisobivust. Seade m\u00e4ngib plaate (CD\/CD-R\/CD-RW) ning v\u00f5ib t\u00f6\u00f6tada ka v\u00e4lise DAC-ina teiste digiallikate jaoks \u2014 v\u00e4ga mugav lahendus, kui soovid s\u00fcsteemi \u00fchte kvaliteetset digikeskust.<\/p>\n<p>Konstruktsioonis on r\u00f5hk stabiilsel mehhanismil ja puhtal ajastusel \u2014 tulemuseks rahulik, tihe ja detailselt avatud heli, mis sobib suurep\u00e4raselt kvaliteetse integreeritud v\u00f5imendi ja hea k\u00f5laripaariga.<\/p>\n<p>M\u00e4ngib CD \/ CD-R \/ CD-RW <br \/>Saab kasutada v\u00e4lise DAC-ina digisisendite kaudu <br \/>K\u00f5rglahutuse tugi (vastavalt sisendile): PCM kuni 32\/384 ja DSD (nagu tootelehel\/spec\u2019is) <br \/>Stabiilne mehhanism ja vibratsiooni v\u00e4hendamine \u2014 puhas plaadilugemine <br \/>Hea \u201cupgrade\u201d digiosale: CD + DAC \u00fches seadmes <\/p>\n","protected":false},"featured_media":36712,"template":"","meta":{"_acf_changed":false},"product_brand":[758],"product_cat":[317,319],"product_tag":[],"class_list":{"0":"post-36710","1":"product","2":"type-product","3":"status-publish","4":"has-post-thumbnail","6":"product_brand-luxman","7":"product_cat-players-dacs","8":"product_cat-cd-players-transports","10":"first","11":"instock","12":"taxable","13":"shipping-taxable","14":"purchasable","15":"product-type-simple"},"acf":[],"jetpack_sharing_enabled":true,"_links":{"self":[{"href":"https:\/\/hifimarket.ee\/et\/wp-json\/wp\/v2\/product\/36710","targetHints":{"allow":["GET"]}}],"collection":[{"href":"https:\/\/hifimarket.ee\/et\/wp-json\/wp\/v2\/product"}],"about":[{"href":"https:\/\/hifimarket.ee\/et\/wp-json\/wp\/v2\/types\/product"}],"version-history":[{"count":3,"href":"https:\/\/hifimarket.ee\/et\/wp-json\/wp\/v2\/product\/36710\/revisions"}],"predecessor-version":[{"id":48540,"href":"https:\/\/hifimarket.ee\/et\/wp-json\/wp\/v2\/product\/36710\/revisions\/48540"}],"wp:featuredmedia":[{"embeddable":true,"href":"https:\/\/hifimarket.ee\/et\/wp-json\/wp\/v2\/media\/36712"}],"wp:attachment":[{"href":"https:\/\/hifimarket.ee\/et\/wp-json\/wp\/v2\/media?parent=36710"}],"wp:term":[{"taxonomy":"product_brand","embeddable":true,"href":"https:\/\/hifimarket.ee\/et\/wp-json\/wp\/v2\/product_brand?post=36710"},{"taxonomy":"product_cat","embeddable":true,"href":"https:\/\/hifimarket.ee\/et\/wp-json\/wp\/v2\/product_cat?post=36710"},{"taxonomy":"product_tag","embeddable":true,"href":"https:\/\/hifimarket.ee\/et\/wp-json\/wp\/v2\/product_tag?post=36710"}],"curies":[{"name":"wp","href":"https:\/\/api.w.org\/{rel}","templated":true}]}}