{"id":36984,"date":"2025-08-29T14:41:26","date_gmt":"2025-08-29T12:41:26","guid":{"rendered":"https:\/\/hifimarket.ee\/product\/denon-reference-series-sacd-player-dcd-3000ne\/"},"modified":"2026-03-12T09:28:54","modified_gmt":"2026-03-12T07:28:54","slug":"denon-reference-series-sacd-player-dcd-3000ne","status":"publish","type":"product","link":"https:\/\/hifimarket.ee\/et\/toode\/denon-reference-series-sacd-player-dcd-3000ne\/","title":{"rendered":"Denon Reference Series SACD player DCD-3000NE"},"content":{"rendered":"<div class=\"experience-component experience-aSortFirst_sound_united_dynamic_components-uniqueSellingPoints\">\n<div class=\"three-column-layout unique-selling-points\">\n<div class=\"container content-width\">\n<p><strong>Play all of your digital audio, including SACD\/CD and DSD (2.8MHz\/5.6MHz), DVD-R\/RW and DVD+R\/RW files up to 192kHz\/24-bit and CD-R\/RW content.<\/strong><\/p>\n<\/div>\n<\/div>\n<\/div>\n<div class=\"experience-component experience-aSortFirst_sound_united_dynamic_components-animatedFeatures\">\n<div id=\"features\" class=\"animated-feature preload container content-width pt-x-small pb-large mb-3\">\n<div id=\"animated-feature-accordion\" class=\"animated-feature-accordion\">\n<div class=\"row\">\n<div class=\"feature-description col-12 col-md-5 d-flex flex-column order-1 order-md-0\">\n<div class=\"pdp-animated-feature\">\n<div id=\"feature-description-0\" class=\"collapse show\" aria-labelledby=\"feature-0\" data-parent=\"#animated-feature-accordion\">\n<p><img loading=\"lazy\" decoding=\"async\" class=\"alignnone size-full wp-image-33155\" src=\"https:\/\/www.hifimarket.ee\/wp-content\/uploads\/2025\/08\/Denon-dcd-3000ne.png\" alt=\"\" width=\"1637\" height=\"650\" srcset=\"https:\/\/hifimarket.ee\/wp-content\/uploads\/2025\/08\/Denon-dcd-3000ne.png 1637w, https:\/\/hifimarket.ee\/wp-content\/uploads\/2025\/08\/Denon-dcd-3000ne-400x159.png 400w, https:\/\/hifimarket.ee\/wp-content\/uploads\/2025\/08\/Denon-dcd-3000ne-1300x516.png 1300w, https:\/\/hifimarket.ee\/wp-content\/uploads\/2025\/08\/Denon-dcd-3000ne-768x305.png 768w, https:\/\/hifimarket.ee\/wp-content\/uploads\/2025\/08\/Denon-dcd-3000ne-1536x610.png 1536w, https:\/\/hifimarket.ee\/wp-content\/uploads\/2025\/08\/Denon-dcd-3000ne-430x171.png 430w, https:\/\/hifimarket.ee\/wp-content\/uploads\/2025\/08\/Denon-dcd-3000ne-700x278.png 700w, https:\/\/hifimarket.ee\/wp-content\/uploads\/2025\/08\/Denon-dcd-3000ne-150x60.png 150w\" sizes=\"auto, (max-width: 1637px) 100vw, 1637px\" \/><\/p>\n<\/div>\n<\/div>\n<div class=\"pdp-animated-feature\">\n<div id=\"feature-1\"><\/div>\n<\/div>\n<div class=\"pdp-animated-feature\">\n<div id=\"feature-2\"><\/div>\n<\/div>\n<div class=\"pdp-animated-feature\">\n<div id=\"feature-3\"><\/div>\n<\/div>\n<div class=\"pdp-animated-feature\">\n<div id=\"feature-4\"><\/div>\n<\/div>\n<\/div>\n<div class=\"feature-image col-12 col-md-7 d-flex flex-column order-0 order-md-1\" data-scroll-reveal=\"fade slow\"><\/div>\n<\/div>\n<\/div>\n<\/div>\n<\/div>\n","protected":false},"excerpt":{"rendered":"<p>Denon DCD-3000NE on Reference Series SACD\/CD-m\u00e4ngija neile, kes tahavad plaatidelt ja digifailidest maksimumi ilma \u201cdigiteravuseta\u201d. Seade m\u00e4ngib SACD\/CD ja DSD-d ning toimib ka DAC-ina: sees on 384 kHz\/32-bit DAC ja Denoni Ultra AL32 Processing, mis on suunatud v\u00f5imalikult loomulikule ja sujuvale esitusele. <br \/>Konstruktsioonis on palju t\u00e4helepanu p\u00f6\u00f6ratud mehhanika stabiilsusele ja vibratsiooni v\u00e4hendamisele, et lugemine oleks puhas ja m\u00fcratu. Kui paned kokku Denoni reference-taseme komplekti, siis DCD-3000NE on loogiline allikas n\u00e4iteks PMA-3000NE k\u00f5rvale. <\/p>\n<p>SACD\/CD ja DSD esitlus + laialdane failitugi <br \/>Sisseehitatud 384 kHz\/32-bit DAC + Ultra AL32 Processing <br \/>Stabiilne \u201cvaikne\u201d mehhanika ja vibratsiooni v\u00e4hendamise lahendused <br \/>Denoni ametlikud audio-n\u00e4itajad (SACD kuni 100 kHz; S\/N 122 dB) <br \/>Sobib suurep\u00e4raselt Denon PMA-3000NE k\u00f5rvale (kohapeal demo\/kuulamine)  <\/p>\n","protected":false},"featured_media":36986,"template":"","meta":{"_acf_changed":false},"product_brand":[744],"product_cat":[317,319],"product_tag":[],"class_list":{"0":"post-36984","1":"product","2":"type-product","3":"status-publish","4":"has-post-thumbnail","6":"product_brand-denon","7":"product_cat-players-dacs","8":"product_cat-cd-players-transports","10":"first","11":"instock","12":"taxable","13":"shipping-taxable","14":"purchasable","15":"product-type-variable"},"acf":[],"jetpack_sharing_enabled":true,"_links":{"self":[{"href":"https:\/\/hifimarket.ee\/et\/wp-json\/wp\/v2\/product\/36984","targetHints":{"allow":["GET"]}}],"collection":[{"href":"https:\/\/hifimarket.ee\/et\/wp-json\/wp\/v2\/product"}],"about":[{"href":"https:\/\/hifimarket.ee\/et\/wp-json\/wp\/v2\/types\/product"}],"version-history":[{"count":2,"href":"https:\/\/hifimarket.ee\/et\/wp-json\/wp\/v2\/product\/36984\/revisions"}],"predecessor-version":[{"id":55618,"href":"https:\/\/hifimarket.ee\/et\/wp-json\/wp\/v2\/product\/36984\/revisions\/55618"}],"wp:featuredmedia":[{"embeddable":true,"href":"https:\/\/hifimarket.ee\/et\/wp-json\/wp\/v2\/media\/36986"}],"wp:attachment":[{"href":"https:\/\/hifimarket.ee\/et\/wp-json\/wp\/v2\/media?parent=36984"}],"wp:term":[{"taxonomy":"product_brand","embeddable":true,"href":"https:\/\/hifimarket.ee\/et\/wp-json\/wp\/v2\/product_brand?post=36984"},{"taxonomy":"product_cat","embeddable":true,"href":"https:\/\/hifimarket.ee\/et\/wp-json\/wp\/v2\/product_cat?post=36984"},{"taxonomy":"product_tag","embeddable":true,"href":"https:\/\/hifimarket.ee\/et\/wp-json\/wp\/v2\/product_tag?post=36984"}],"curies":[{"name":"wp","href":"https:\/\/api.w.org\/{rel}","templated":true}]}}