{"id":37261,"date":"2025-08-28T08:37:20","date_gmt":"2025-08-28T06:37:20","guid":{"rendered":"https:\/\/hifimarket.ee\/product\/ortofon-2m-black-cartridge\/"},"modified":"2026-03-12T09:48:27","modified_gmt":"2026-03-12T07:48:27","slug":"ortofon-2m-black-cartridge","status":"publish","type":"product","link":"https:\/\/hifimarket.ee\/et\/toode\/ortofon-2m-black-cartridge\/","title":{"rendered":"Ortofon 2M Black Cartridge"},"content":{"rendered":"<h2 class=\"section__block section__block--heading h3 text--alt-color\">Accuracy level<\/h2>\n<div class=\"section__block reading-width rte\">\n<div class=\"metafield-rich_text_field\">\n<p>With the 2M Black, you will not only hear the music, but you will sense the presence of the artist in the room while listening to your favorite records.<\/p>\n<h2 class=\"section__block section__block--heading h3 text--alt-color\">Stylus<\/h2>\n<div class=\"section__block reading-width rte\">\n<div class=\"metafield-rich_text_field\">\n<p>The 2M Black is graced with a Shibata diamond that gives it contact with the groove like nothing else. The slim, highly polished profile allows an exceedingly wide contact area to the groove walls and ensures notably detailed reproduction throughout the spectrum, including even the most high frequency groove information. <\/p>\n<h2 class=\"section__block section__block--heading h3 text--alt-color\">Compatibility<\/h2>\n<div class=\"section__block reading-width rte\">\n<div class=\"metafield-rich_text_field\">\n<p>Created to facilitate simple installation of the cartridge and to ensure compatibility with the dimensions and weights of today\u2019s most popular turntables, the 2M Series offers four distinct product versions:<\/p>\n<p>The 2M is for most common turntables on the market, the 2M Premounted for customers who wish direct and easy mounting and replacement on their S-shaped tonearm, the 2M Verso for bottom mount headshells, and the 2MR, which is designed with cartridge housing tailored for turntables and tonearms like Rega, matching their requirement for low-form factor cartridges.<\/p>\n<\/div>\n<\/div>\n<h2 class=\"section__block section__block--heading h3 text--alt-color\">Features<\/h2>\n<div class=\"section__block reading-width rte\">\n<div class=\"metafield-rich_text_field\">\n<p>The 2M Black uses a special engine featuring Ortofon\u2019s very own invention: split pole pins upgraded with a silver-plated copper wire.<\/p>\n<div class=\"section__block reading-width rte\">\n<div class=\"metafield-rich_text_field\">\n<div class=\"section__block reading-width rte\">\n<div class=\"metafield-rich_text_field\">\n<div class=\"section__block reading-width rte\">\n<div class=\"metafield-rich_text_field\">\n<div class=\"flexible-heading\">\n<div class=\"flexible-heading__content \">\n<h2 class=\"section__block section__block--heading h3 text--alt-color\">Exploring the lineup<\/h2>\n<\/div>\n<\/div>\n<div class=\"flexible-heading\">\n<div class=\"flexible-heading__content \">\n<div class=\"flexible-heading__content-text section__block md-down:px-gutter rte \">\n<div class=\"metafield-rich_text_field\">\n<p>The 2M series is built on our philosophy of accuracy in sound. All our experience, know-how, technology, and innovation has gone into making it the series that lets you hear the music the way the artist intended. In every piece of every cartridge, we strive for perfection, and when the technology can\u2019t deliver the quality we want \u2013 we invent something that can. To ensure the highest of quality in our product we keep everything close. All our cartridges are designed and crafted right here in Denmark.    <\/p>\n<\/div>\n<\/div>\n<\/div>\n<div class=\"flexible-heading__sidebar content-sidebar-top-align \">\n<div class=\"section__block md-down:px-gutter rte \">\n<div class=\"metafield-rich_text_field\">\n<p>The 2M Series is developed in conjunction with the Danish Industrial designer M\u00f8ller Jensen Design. Inspired by the facets of a diamond, whose contours gracefully trace the grooves on a record\u2019s surface, the 2M\u2019s handsome elegance establishes a great combination of form and functionality. <\/p>\n<\/div>\n<\/div>\n<\/div>\n<\/div>\n<\/div>\n<\/div>\n<\/div>\n<\/div>\n<\/div>\n<\/div>\n<\/div>\n<\/div>\n<\/div>\n<\/div>\n<\/div>\n<\/div>\n<p><iframe loading=\"lazy\" title=\"Exploring the Ortofon 2M Series\" src=\"https:\/\/www.youtube.com\/embed\/SApAklNLbqo\" width=\"1262\" height=\"711\" frameborder=\"0\" allowfullscreen=\"allowfullscreen\"><\/iframe><\/p>\n","protected":false},"excerpt":{"rendered":"<p><strong>Ortofon 2M Black<\/strong> on 2M seeria tipp-MM helipea Nude Shibata n\u00f5elaga: t\u00e4psem soone lugemine, rohkem detaili ja parem instrumentide eristus. See sobib eriti h\u00e4sti s\u00fcsteemile, mis juba n\u00e4itab peenemaid erinevusi \u2014 hea tonarm, vaikne phono aste ja korrektne seadistus. <\/p>\n<p>T\u00fc\u00fcp: MM (Moving Magnet) <br \/>N\u00f5el: Nude Shibata <br \/>V\u00e4ljundpinge: 5.0 mV <br \/>Soovituslik n\u00f5elasurve: 1.5 g (vahemik 1.4\u20131.7 g) <br \/>Sageduskarakteristik (20 Hz\u201320 kHz): +2\/\u22120 dB <br \/>Tracking 315 Hz juures: 80 \u03bcm   <\/p>\n","protected":false},"featured_media":37263,"template":"","meta":{"_acf_changed":false},"product_brand":[772],"product_cat":[420],"product_tag":[],"class_list":{"0":"post-37261","1":"product","2":"type-product","3":"status-publish","4":"has-post-thumbnail","6":"product_brand-ortofon","7":"product_cat-cartridges-and-styli","9":"first","10":"instock","11":"taxable","12":"shipping-taxable","13":"purchasable","14":"product-type-simple"},"acf":[],"jetpack_sharing_enabled":true,"_links":{"self":[{"href":"https:\/\/hifimarket.ee\/et\/wp-json\/wp\/v2\/product\/37261","targetHints":{"allow":["GET"]}}],"collection":[{"href":"https:\/\/hifimarket.ee\/et\/wp-json\/wp\/v2\/product"}],"about":[{"href":"https:\/\/hifimarket.ee\/et\/wp-json\/wp\/v2\/types\/product"}],"version-history":[{"count":2,"href":"https:\/\/hifimarket.ee\/et\/wp-json\/wp\/v2\/product\/37261\/revisions"}],"predecessor-version":[{"id":48658,"href":"https:\/\/hifimarket.ee\/et\/wp-json\/wp\/v2\/product\/37261\/revisions\/48658"}],"wp:featuredmedia":[{"embeddable":true,"href":"https:\/\/hifimarket.ee\/et\/wp-json\/wp\/v2\/media\/37263"}],"wp:attachment":[{"href":"https:\/\/hifimarket.ee\/et\/wp-json\/wp\/v2\/media?parent=37261"}],"wp:term":[{"taxonomy":"product_brand","embeddable":true,"href":"https:\/\/hifimarket.ee\/et\/wp-json\/wp\/v2\/product_brand?post=37261"},{"taxonomy":"product_cat","embeddable":true,"href":"https:\/\/hifimarket.ee\/et\/wp-json\/wp\/v2\/product_cat?post=37261"},{"taxonomy":"product_tag","embeddable":true,"href":"https:\/\/hifimarket.ee\/et\/wp-json\/wp\/v2\/product_tag?post=37261"}],"curies":[{"name":"wp","href":"https:\/\/api.w.org\/{rel}","templated":true}]}}