{"id":37267,"date":"2025-08-28T08:27:25","date_gmt":"2025-08-28T06:27:25","guid":{"rendered":"https:\/\/hifimarket.ee\/product\/ortofon-2m-bronze-cartridge\/"},"modified":"2026-03-12T09:46:08","modified_gmt":"2026-03-12T07:46:08","slug":"ortofon-2m-bronze-cartridge","status":"publish","type":"product","link":"https:\/\/hifimarket.ee\/et\/toode\/ortofon-2m-bronze-cartridge\/","title":{"rendered":"Ortofon 2M Bronze Cartridge"},"content":{"rendered":"<h2 class=\"section__block section__block--heading h3 text--alt-color\">Accuracy level<\/h2>\n<div class=\"section__block reading-width rte\">\n<div class=\"metafield-rich_text_field\">\n<p>To us, hi-fi is more than a fancy label. High fidelity is the goal of everything we do. The 2M Bronze is designed to give the music a whole new dimension of precision. Listening to your records with the 2M Bronze is like hearing them for the first time, and you get to fall in love with the songs all over again. That is what hi-fi means to us, and that is what you get with the 2M Bronze.    <\/p>\n<h2 class=\"section__block section__block--heading h3 text--alt-color\">Stylus<\/h2>\n<div class=\"section__block reading-width rte\">\n<div class=\"metafield-rich_text_field\">\n<p>The 2M Bronze features a Nude Fine Line diamond particularly suited for demanding applications. The slim profile of the Fine Line stylus will track even the highest frequency information. <\/p>\n<h2 class=\"section__block section__block--heading h3 text--alt-color\">Features<\/h2>\n<div class=\"section__block reading-width rte\">\n<div class=\"metafield-rich_text_field\">\n<p>The 2M Bronze uses a special engine featuring Ortofon\u2019s very own invention: split pole pins upgraded with a silver-plated copper wire.<\/p>\n<h2 class=\"section__block section__block--heading h3 text--alt-color\">Compatibility<\/h2>\n<div class=\"section__block reading-width rte\">\n<div class=\"metafield-rich_text_field\">\n<p>The 2M Series is designed for easy cartridge mounting, weight, and size to fit the most common turntables today.<\/p>\n<p>The 2M Series are available in four different product variant configurations: the 2M for most common turntables on the market; the 2M Premounted, for customers who wish direct and easy mounting and replacement on their S-shaped tonearm; the 2M Verso, for bottom mount headshells; and the 2MR, which is designed cartridge housing tailored for turntables and tonearms like Rega, matching their requirement for low-form factor cartridges.<\/p>\n<div class=\"flexible-heading\">\n<div class=\"flexible-heading__content \">\n<h2 class=\"section__block section__block--heading h3 text--alt-color\">Exploring the lineup<\/h2>\n<\/div>\n<\/div>\n<div class=\"flexible-heading\">\n<div class=\"flexible-heading__content \">\n<div class=\"flexible-heading__content-text section__block md-down:px-gutter rte \">\n<div class=\"metafield-rich_text_field\">\n<p>The 2M series is built on our philosophy of accuracy in sound. All our experience, know-how, technology, and innovation has gone into making it the series that lets you hear the music the way the artist intended. In every piece of every cartridge, we strive for perfection, and when the technology can\u2019t deliver the quality we want \u2013 we invent something that can. To ensure the highest of quality in our product we keep everything close. All our cartridges are designed and crafted right here in Denmark.    <\/p>\n<\/div>\n<\/div>\n<\/div>\n<div class=\"flexible-heading__sidebar content-sidebar-top-align \">\n<div class=\"section__block md-down:px-gutter rte \">\n<div class=\"metafield-rich_text_field\">\n<p>The 2M Series is developed in conjunction with the Danish Industrial designer M\u00f8ller Jensen Design. Inspired by the facets of a diamond, whose contours gracefully trace the grooves on a record\u2019s surface, the 2M\u2019s handsome elegance establishes a great combination of form and functionality. <\/p>\n<\/div>\n<\/div>\n<\/div>\n<\/div>\n<\/div>\n<\/div>\n<\/div>\n<\/div>\n<\/div>\n<\/div>\n<\/div>\n<\/div>\n<p><iframe loading=\"lazy\" title=\"Exploring the Ortofon 2M Series\" src=\"https:\/\/www.youtube.com\/embed\/SApAklNLbqo\" width=\"1262\" height=\"711\" frameborder=\"0\" allowfullscreen=\"allowfullscreen\"><\/iframe><\/p>\n","protected":false},"excerpt":{"rendered":"<div class=\"product-info__block product-info__block--sm rte product-description\">\n<p><strong>Ortofon 2M Bronze<\/strong> on j\u00e4rgmine tase neile, kes otsivad veel rohkem t\u00e4psust ja \u201cpeenh\u00e4\u00e4lestust\u201d: <strong>Nude Fine Line <\/strong>n\u00f5el loeb soone infot v\u00e4ga t\u00e4pselt, parandades detaili, atakki ja instrumentide eristust. Kui s\u00fcsteem on juba korralik, on Bronze uuendus selgelt kuuldav. <\/p>\n<p>T\u00fc\u00fcp: MM (Moving Magnet) <br \/>N\u00f5el: <strong>Nude Fine Line<\/strong> \u2014 parem tracking ja rohkem detaili <br \/>V\u00e4ljundpinge: 5.0 mV <br \/>Soovituslik n\u00f5elasurve: 1.5 g (15 mN) (vahemik 1.4\u20131.7 g) <br \/>Sagedusvahemik (spetsi j\u00e4rgi): kuni 29 kHz <br \/>Sobib eriti h\u00e4sti, kui phono-aste ja tonarm on kvaliteetsed  <\/p>\n<\/div>\n<div class=\"product-info__block rte\">\n<p>&nbsp;<\/p>\n<\/div>\n","protected":false},"featured_media":37269,"template":"","meta":{"_acf_changed":false},"product_brand":[772],"product_cat":[325,420],"product_tag":[],"class_list":{"0":"post-37267","1":"product","2":"type-product","3":"status-publish","4":"has-post-thumbnail","6":"product_brand-ortofon","7":"product_cat-vinyl","8":"product_cat-cartridges-and-styli","10":"first","11":"instock","12":"taxable","13":"shipping-taxable","14":"purchasable","15":"product-type-simple"},"acf":[],"jetpack_sharing_enabled":true,"_links":{"self":[{"href":"https:\/\/hifimarket.ee\/et\/wp-json\/wp\/v2\/product\/37267","targetHints":{"allow":["GET"]}}],"collection":[{"href":"https:\/\/hifimarket.ee\/et\/wp-json\/wp\/v2\/product"}],"about":[{"href":"https:\/\/hifimarket.ee\/et\/wp-json\/wp\/v2\/types\/product"}],"version-history":[{"count":2,"href":"https:\/\/hifimarket.ee\/et\/wp-json\/wp\/v2\/product\/37267\/revisions"}],"predecessor-version":[{"id":56252,"href":"https:\/\/hifimarket.ee\/et\/wp-json\/wp\/v2\/product\/37267\/revisions\/56252"}],"wp:featuredmedia":[{"embeddable":true,"href":"https:\/\/hifimarket.ee\/et\/wp-json\/wp\/v2\/media\/37269"}],"wp:attachment":[{"href":"https:\/\/hifimarket.ee\/et\/wp-json\/wp\/v2\/media?parent=37267"}],"wp:term":[{"taxonomy":"product_brand","embeddable":true,"href":"https:\/\/hifimarket.ee\/et\/wp-json\/wp\/v2\/product_brand?post=37267"},{"taxonomy":"product_cat","embeddable":true,"href":"https:\/\/hifimarket.ee\/et\/wp-json\/wp\/v2\/product_cat?post=37267"},{"taxonomy":"product_tag","embeddable":true,"href":"https:\/\/hifimarket.ee\/et\/wp-json\/wp\/v2\/product_tag?post=37267"}],"curies":[{"name":"wp","href":"https:\/\/api.w.org\/{rel}","templated":true}]}}