{"id":37287,"date":"2025-08-27T16:27:15","date_gmt":"2025-08-27T14:27:15","guid":{"rendered":"https:\/\/hifimarket.ee\/product\/monitor-audio-studio-89-bookshelf-speakers-pair\/"},"modified":"2026-03-12T09:42:29","modified_gmt":"2026-03-12T07:42:29","slug":"monitor-audio-studio-89-bookshelf-speakers-pair","status":"publish","type":"product","link":"https:\/\/hifimarket.ee\/et\/toode\/monitor-audio-studio-89-bookshelf-speakers-pair\/","title":{"rendered":"Monitor Audio Studio 89 Bookshelf Speakers (Pair)"},"content":{"rendered":"<h2>Conceived in the 1980s. Reimagined for today. <\/h2>\n<p>Studio 89 takes inspiration from the culturally explosive 1980s and Monitor Audio\u2019s iconic Studio Series, but is a thoroughly modern loudspeaker. Inspired by individual expression and the culture that shapes it, Studio 89 is the loudspeaker for the new change-makers. <\/p>\n<p>Studio 89 is a compact bookshelf model that houses many of the advanced acoustic technologies found in both <strong>Platinum Series 3G<\/strong> and Monitor Audio\u2019s statement speaker, <strong>Hyphn<\/strong>. Powerful twin 4 \u00bc\u201d RDT III C-CAM bass-mid drivers provide punchy, articulate and controlled bass that seamlessly blends with the MPD III high-frequency transducer. The sonic package delivers exceptionally lifelike HF clarity and taught MF\/LF bass precision for a truly high-fidelity presentation.  <\/p>\n<p>Studio 89\u2019s cabinet is finished in a deep high-gloss black paint with gold-coloured drive units. This is a reference to the iconic Studio 15, which was the only model within the original Studio Series available in this stylish combination. <\/p>\n<p>Studio 89 delivers a breathtakingly big sound, from a beautifully finished compact box.<\/p>\n<p><img loading=\"lazy\" decoding=\"async\" class=\"alignnone size-full wp-image-32731\" src=\"https:\/\/www.hifimarket.ee\/wp-content\/uploads\/2025\/08\/studio-89-life.2000x0-2.jpg\" alt=\"\" width=\"2000\" height=\"786\" srcset=\"https:\/\/hifimarket.ee\/wp-content\/uploads\/2025\/08\/studio-89-life.2000x0-2.jpg 2000w, https:\/\/hifimarket.ee\/wp-content\/uploads\/2025\/08\/studio-89-life.2000x0-2-400x157.jpg 400w, https:\/\/hifimarket.ee\/wp-content\/uploads\/2025\/08\/studio-89-life.2000x0-2-1300x511.jpg 1300w, https:\/\/hifimarket.ee\/wp-content\/uploads\/2025\/08\/studio-89-life.2000x0-2-768x302.jpg 768w, https:\/\/hifimarket.ee\/wp-content\/uploads\/2025\/08\/studio-89-life.2000x0-2-1536x604.jpg 1536w, https:\/\/hifimarket.ee\/wp-content\/uploads\/2025\/08\/studio-89-life.2000x0-2-430x169.jpg 430w, https:\/\/hifimarket.ee\/wp-content\/uploads\/2025\/08\/studio-89-life.2000x0-2-700x275.jpg 700w, https:\/\/hifimarket.ee\/wp-content\/uploads\/2025\/08\/studio-89-life.2000x0-2-150x59.jpg 150w\" sizes=\"auto, (max-width: 2000px) 100vw, 2000px\" \/><\/p>\n","protected":false},"excerpt":{"rendered":"<p><strong>Monitor Audio Studio 89<\/strong> on kompaktne riiulik\u00f5lar, mis on inspireeritud 80ndate Studio-seeriast, kuid ehitatud t\u00e4iesti t\u00e4nap\u00e4evaste tehnoloogiatega. Kontseptsioon on \u201csuur ja t\u00e4pne heli v\u00e4ikesest korpusest\u201d: MTM paigutus (kaks kesk\/bassielementi \u00fcmber tweeteri) annab hea fookuse ja selge keskosa, ning MPD III k\u00f5rgsageduselement lisab v\u00e4ga puhta ja kiire \u00fclemise otsa. <br \/>Kasutusel on kaks 4\u00bc\u201d RDT III C-CAM bass-mid elementi, mis tagavad kontrollitud bassi ja t\u00e4pse d\u00fcnaamika. Studio 89 m\u00e4ngib eriti h\u00e4sti kvaliteetse v\u00f5imendusega \u2014 Hegel\/Lyngdorf t\u00fc\u00fcpi kontrolliga integreeritud v\u00f5imendi toob selle k\u00f5lari tugevused v\u00e4ga h\u00e4sti v\u00e4lja. <\/p>\n<p>S\u00fcsteem: 2-tee MTM, tweeter + 2\u00d7 bass-mid <br \/>Elemendid: 1\u00d7 MPD III tweeter + 2\u00d7 4\u00bc\u201d (108 mm) RDT III C-CAM bass-mid <br \/>Tundlikkus: 86 dB (2.83V @ 1m) <br \/>Impedants: 6 \u03a9 nominaal, 4.2 \u03a9 miinimum <br \/>Sagedusvahemik (in-room, \u22126 dB): 48 Hz \u2013 60 kHz <br \/>Soovituslik v\u00f5imendi v\u00f5imsus: 50\u2013300 W RMS <br \/>M\u00f5\u00f5dud: 340 \u00d7 157 \u00d7 361 mm <\/p>\n<p>&nbsp;<\/p>\n<p>NB! K\u00f5larijalad m\u00fc\u00fcakse eraldi. <\/p>\n","protected":false},"featured_media":37289,"template":"","meta":{"_acf_changed":false},"product_brand":[764],"product_cat":[414],"product_tag":[],"class_list":{"0":"post-37287","1":"product","2":"type-product","3":"status-publish","4":"has-post-thumbnail","6":"product_brand-monitor-audio","7":"product_cat-bookshelf-speakers","9":"first","10":"instock","11":"taxable","12":"shipping-taxable","13":"purchasable","14":"product-type-variable"},"acf":[],"jetpack_sharing_enabled":true,"_links":{"self":[{"href":"https:\/\/hifimarket.ee\/et\/wp-json\/wp\/v2\/product\/37287","targetHints":{"allow":["GET"]}}],"collection":[{"href":"https:\/\/hifimarket.ee\/et\/wp-json\/wp\/v2\/product"}],"about":[{"href":"https:\/\/hifimarket.ee\/et\/wp-json\/wp\/v2\/types\/product"}],"version-history":[{"count":2,"href":"https:\/\/hifimarket.ee\/et\/wp-json\/wp\/v2\/product\/37287\/revisions"}],"predecessor-version":[{"id":48640,"href":"https:\/\/hifimarket.ee\/et\/wp-json\/wp\/v2\/product\/37287\/revisions\/48640"}],"wp:featuredmedia":[{"embeddable":true,"href":"https:\/\/hifimarket.ee\/et\/wp-json\/wp\/v2\/media\/37289"}],"wp:attachment":[{"href":"https:\/\/hifimarket.ee\/et\/wp-json\/wp\/v2\/media?parent=37287"}],"wp:term":[{"taxonomy":"product_brand","embeddable":true,"href":"https:\/\/hifimarket.ee\/et\/wp-json\/wp\/v2\/product_brand?post=37287"},{"taxonomy":"product_cat","embeddable":true,"href":"https:\/\/hifimarket.ee\/et\/wp-json\/wp\/v2\/product_cat?post=37287"},{"taxonomy":"product_tag","embeddable":true,"href":"https:\/\/hifimarket.ee\/et\/wp-json\/wp\/v2\/product_tag?post=37287"}],"curies":[{"name":"wp","href":"https:\/\/api.w.org\/{rel}","templated":true}]}}