{"id":38876,"date":"2025-08-12T06:24:03","date_gmt":"2025-08-12T06:24:03","guid":{"rendered":"https:\/\/hifimarket.ee\/product\/moon-north-collection-641-integrated-amplifier\/"},"modified":"2026-03-12T18:32:49","modified_gmt":"2026-03-12T16:32:49","slug":"moon-north-collection-641-integrated-amplifier","status":"publish","type":"product","link":"https:\/\/hifimarket.ee\/et\/toode\/moon-north-collection-641-integrated-amplifier\/","title":{"rendered":"MOON North Collection 641 Integrated Amplifier"},"content":{"rendered":"<h4>Overview<\/h4>\n<p>The <strong>641<\/strong> will drive even the most demanding of loudspeakers and harnesses exquisitely refined power to deliver performance that will satisfy the most discerning listeners.<\/p>\n<p>The<strong> 641<\/strong> is a delight to use with the revolutionary <strong>BRM-1<\/strong> intelligent remote-control. While the premium M-VOL3 improves on the celebrated <strong>MOON<\/strong> volume control precision, the <strong>BRM-1<\/strong>brings the experience of the luxurious <strong>MOON<\/strong> volume knob anywhere in the home with its ground-breaking touch controls, visual feedback, and lavish refinement. Moreover, its new MDCA (<strong>MOON<\/strong> Distortion-Cancelling Amplifier) design features an independent circuit with precise signal correction to significantly lower noise and distortion, while the dual-mono configuration fills the room, developing 125 watts into two 8-ohm loads and 250 watts into two 4-ohm loads.  <\/p>\n<p>Every model in the <strong>North Collection<\/strong> boasts timeless <strong>MOON<\/strong> styling features with improved performance. The <strong>641<\/strong> is no exception, with its slimline form factor ensuring it fits seamlessly into any environment. <\/p>\n<p>&nbsp;<\/p>\n<p><img loading=\"lazy\" decoding=\"async\" class=\"alignnone size-full wp-image-30795\" src=\"https:\/\/hifimarket.ee\/wp-content\/uploads\/2025\/08\/MOON-North-Collection-641-Integrated-Amplifier-desc.jpg\" alt=\"\" width=\"1290\" height=\"450\" srcset=\"https:\/\/hifimarket.ee\/wp-content\/uploads\/2025\/08\/MOON-North-Collection-641-Integrated-Amplifier-desc.jpg 1290w, https:\/\/hifimarket.ee\/wp-content\/uploads\/2025\/08\/MOON-North-Collection-641-Integrated-Amplifier-desc-430x150.jpg 430w, https:\/\/hifimarket.ee\/wp-content\/uploads\/2025\/08\/MOON-North-Collection-641-Integrated-Amplifier-desc-150x52.jpg 150w, https:\/\/hifimarket.ee\/wp-content\/uploads\/2025\/08\/MOON-North-Collection-641-Integrated-Amplifier-desc-700x244.jpg 700w, https:\/\/hifimarket.ee\/wp-content\/uploads\/2025\/08\/MOON-North-Collection-641-Integrated-Amplifier-desc-400x140.jpg 400w, https:\/\/hifimarket.ee\/wp-content\/uploads\/2025\/08\/MOON-North-Collection-641-Integrated-Amplifier-desc-768x268.jpg 768w\" sizes=\"auto, (max-width: 1290px) 100vw, 1290px\" \/><\/p>\n","protected":false},"excerpt":{"rendered":"<p><strong>MOON 641 (North Collection) <\/strong>on integreeritud v\u00f5imendi \u201c<strong>puhas stereo<\/strong>\u201d kontseptsiooniga: r\u00f5hk toiteplokil, k\u00f5larikontrollil ja stabiilsel t\u00f6\u00f6l, ilma liigsete \u201ck\u00f5ik-\u00fches\u201d lisadeta. See sobib neile, kes tahavad ehitada s\u00fcsteemi tugeva v\u00f5imendi \u00fcmber ja valida allika vastavalt eelistustele \u2014 striimer, DAC, CD v\u00f5i vin\u00fc\u00fcl l\u00e4bi phono-eelv\u00f5imendi.<br \/>Iseloomult on see tavaliselt rahulik j\u00f5ud ja t\u00e4psus: hea p\u00f5hi suurematele p\u00f5randak\u00f5laritele, avar helipilt ja kindel d\u00fcnaamika. Selline v\u00f5imendi kasvab koos s\u00fcsteemiga \u2014 parem allikas ja sobitus annavad kohe kuuldava lisav\u00f5idu.<\/p>\n<p><strong>MOON \u201cNorth Collection\u201d<\/strong> integreeritud v\u00f5imendi (puhas stereo fookus)<br \/>Kindel k\u00f5larikontroll ja d\u00fcnaamika \u2014 sobib p\u00f5randak\u00f5laritele<br \/>T\u00e4pne lava ja instrumentide paiknemine hea paigutuse korral<br \/>Hea upgrade-tee: allikas\/DAC\/vin\u00fc\u00fcl saab lisada samm-sammult<br \/>N\u00e4itab selgelt allika ja sobituse kvaliteeti (upgrade on kuuldav)<br \/>Mugav pikaks kuulamiseks: \u00fchtlane ja kontrollitud esitlus <\/p>\n","protected":false},"featured_media":38878,"template":"","meta":{"_acf_changed":false},"product_brand":[770],"product_cat":[314],"product_tag":[],"class_list":{"0":"post-38876","1":"product","2":"type-product","3":"status-publish","4":"has-post-thumbnail","6":"product_brand-moon-by-simaudio","7":"product_cat-integrated-amplifiers","9":"first","10":"instock","11":"taxable","12":"shipping-taxable","13":"purchasable","14":"product-type-simple"},"acf":[],"jetpack_sharing_enabled":true,"_links":{"self":[{"href":"https:\/\/hifimarket.ee\/et\/wp-json\/wp\/v2\/product\/38876","targetHints":{"allow":["GET"]}}],"collection":[{"href":"https:\/\/hifimarket.ee\/et\/wp-json\/wp\/v2\/product"}],"about":[{"href":"https:\/\/hifimarket.ee\/et\/wp-json\/wp\/v2\/types\/product"}],"version-history":[{"count":2,"href":"https:\/\/hifimarket.ee\/et\/wp-json\/wp\/v2\/product\/38876\/revisions"}],"predecessor-version":[{"id":56275,"href":"https:\/\/hifimarket.ee\/et\/wp-json\/wp\/v2\/product\/38876\/revisions\/56275"}],"wp:featuredmedia":[{"embeddable":true,"href":"https:\/\/hifimarket.ee\/et\/wp-json\/wp\/v2\/media\/38878"}],"wp:attachment":[{"href":"https:\/\/hifimarket.ee\/et\/wp-json\/wp\/v2\/media?parent=38876"}],"wp:term":[{"taxonomy":"product_brand","embeddable":true,"href":"https:\/\/hifimarket.ee\/et\/wp-json\/wp\/v2\/product_brand?post=38876"},{"taxonomy":"product_cat","embeddable":true,"href":"https:\/\/hifimarket.ee\/et\/wp-json\/wp\/v2\/product_cat?post=38876"},{"taxonomy":"product_tag","embeddable":true,"href":"https:\/\/hifimarket.ee\/et\/wp-json\/wp\/v2\/product_tag?post=38876"}],"curies":[{"name":"wp","href":"https:\/\/api.w.org\/{rel}","templated":true}]}}