{"id":39098,"date":"2025-08-11T09:05:18","date_gmt":"2025-08-11T09:05:18","guid":{"rendered":"https:\/\/hifimarket.ee\/product\/clearaudio-nano-phono-v2-phono-preamplifier\/"},"modified":"2026-03-12T09:50:45","modified_gmt":"2026-03-12T07:50:45","slug":"clearaudio-nano-phono-v2-phono-preamplifier","status":"publish","type":"product","link":"https:\/\/hifimarket.ee\/et\/toode\/clearaudio-nano-phono-v2-phono-preamplifier\/","title":{"rendered":"Clearaudio Nano Phono V2 Phono Preamplifier"},"content":{"rendered":"<h4>Overview<\/h4>\n<p>Its meticulously selected SMD components are assembled by hand in Erlangen and tested several times. The reward of these efforts is a signal to noise ratio of up to 84 decibels. The input impedance is set using plug-in links, so there is no loss of quality when using different moving magnet and moving coil cartridges.  <\/p>\n<p>The <strong>Nano Phono Headphone V2<\/strong> additionally contains a powerful headphone amplifier within the solid aluminium housing for private listening at the highest fidelity.<\/p>\n","protected":false},"excerpt":{"rendered":"<div class=\"woocommerce-product-details__short-description\">\n<p><strong>Clearaudio Nano Phono V2<\/strong> on kompaktne MM\/MC phono-eelv\u00f5imendi, mis sobib suurep\u00e4raselt \u201cesimeseks korralikuks\u201d phono astmeks ning v\u00e4ga loogiliseks paariks Clearaudio m\u00e4ngijatele. MM\/MC re\u017eiim ja subsonic filter l\u00fclitatakse d\u017eamperitega; gain on fikseeritud (34 dB MM-is ja 54 dB MC-s). RIAA t\u00e4psus ja madalad moonutused annavad puhta, neutraalse tulemuse. <\/p>\n<p>Re\u017eiimid: MM\/MC (d\u017eamperitega) <br \/>Subsonic filter: l\u00fclitatav d\u017eamperitega <br \/>Gain: 34 dB (MM) \/ 54 dB (MC) <br \/>MM koormus: 47 k\u03a9 \/ 220 pF <br \/>RIAA t\u00e4psus: \u00b10.4 dB (20 Hz \u2013 50 kHz) <br \/>THD: &lt; 0.04%   <\/p>\n<\/div>\n","protected":false},"featured_media":39100,"template":"","meta":{"_acf_changed":false},"product_brand":[742],"product_cat":[421],"product_tag":[],"class_list":{"0":"post-39098","1":"product","2":"type-product","3":"status-publish","4":"has-post-thumbnail","6":"product_brand-clearaudio","7":"product_cat-phono-preamplifiers","9":"first","10":"instock","11":"taxable","12":"shipping-taxable","13":"purchasable","14":"product-type-variable"},"acf":[],"jetpack_sharing_enabled":true,"_links":{"self":[{"href":"https:\/\/hifimarket.ee\/et\/wp-json\/wp\/v2\/product\/39098","targetHints":{"allow":["GET"]}}],"collection":[{"href":"https:\/\/hifimarket.ee\/et\/wp-json\/wp\/v2\/product"}],"about":[{"href":"https:\/\/hifimarket.ee\/et\/wp-json\/wp\/v2\/types\/product"}],"version-history":[{"count":2,"href":"https:\/\/hifimarket.ee\/et\/wp-json\/wp\/v2\/product\/39098\/revisions"}],"predecessor-version":[{"id":48596,"href":"https:\/\/hifimarket.ee\/et\/wp-json\/wp\/v2\/product\/39098\/revisions\/48596"}],"wp:featuredmedia":[{"embeddable":true,"href":"https:\/\/hifimarket.ee\/et\/wp-json\/wp\/v2\/media\/39100"}],"wp:attachment":[{"href":"https:\/\/hifimarket.ee\/et\/wp-json\/wp\/v2\/media?parent=39098"}],"wp:term":[{"taxonomy":"product_brand","embeddable":true,"href":"https:\/\/hifimarket.ee\/et\/wp-json\/wp\/v2\/product_brand?post=39098"},{"taxonomy":"product_cat","embeddable":true,"href":"https:\/\/hifimarket.ee\/et\/wp-json\/wp\/v2\/product_cat?post=39098"},{"taxonomy":"product_tag","embeddable":true,"href":"https:\/\/hifimarket.ee\/et\/wp-json\/wp\/v2\/product_tag?post=39098"}],"curies":[{"name":"wp","href":"https:\/\/api.w.org\/{rel}","templated":true}]}}