{"id":39200,"date":"2025-08-10T19:45:52","date_gmt":"2025-08-10T19:45:52","guid":{"rendered":"https:\/\/hifimarket.ee\/product\/clearaudio-compass-turntable\/"},"modified":"2026-03-12T09:19:03","modified_gmt":"2026-03-12T07:19:03","slug":"clearaudio-compass-turntable","status":"publish","type":"product","link":"https:\/\/hifimarket.ee\/et\/toode\/clearaudio-compass-turntable\/","title":{"rendered":"Clearaudio Compass Turntable"},"content":{"rendered":"<div id=\"wd-68606d7898d08\" class=\"wd-text-block wd-wpb reset-last-child wd-rs-68606d7898d08 text-left \">\n<h4>High-End Sound, Compact Thinking<\/h4>\n<p><strong>Clearaudio<\/strong> opens the door to genuine high-end technology with the ready-to-play <strong>Compass<\/strong> turntable: compact, uncompromising, and accessible. The result of over two years of development, the <strong>Compass<\/strong> distills the full fascination of analog sound reproduction into a singular experience, for everyone who wants not just to listen to music, but to truly feel it. <\/p>\n<h4>Focus on the Essentials<\/h4>\n<p>To make high-quality vinyl enjoyment possible in this price segment, we concentrated our expertise on the elements that matter most to sound quality. At its heart lies a precision bearing combined with a meticulously crafted platter and sub-platter system. Added to this are the new<strong> T1<\/strong> tonearm \u2013 a compact version of our proven <strong>Satisfy<\/strong> tonearm \u2013 and the specially developed <strong>N1<\/strong> MM cartridge. Together, they create a sound experience that far exceeds the expectations for compact-class systems.   <\/p>\n<h4>Where Sound Meets Craftsmanship<\/h4>\n<p>Every acoustically relevant component, from tonearm and cartridge to bearing, is manufactured with utmost care at our facility in Erlangen. Precisely machined parts, selected materials, and a design focused on durability embody the <strong>Clearaudio<\/strong> signature quality: handmade in Germany. <\/p>\n<h4>Perfectly Minimalist Design<\/h4>\n<p>The <strong>Compass<\/strong> impresses not only with its sound but also with its clear design language. Available in black or silver, its look blends purist elegance with technical sophistication. A solid steel plate on the underside ensures stability and supports low-resonance performance. A high-quality acrylic dust cover with stainless steel hinges protects the turntable without disrupting the design.   <\/p>\n<h4>Unbox, Set Up, Turn Up<\/h4>\n<p>The <strong>Clearaudio<\/strong> <strong>Compass<\/strong> is delivered fully assembled and ready to play, allowing direct entry into the world of high-fidelity music enjoyment. A user-friendly toggle switch on the underside of the unit selects the desired speed, while the precisely engineered tonearm is gently lowered using a turned aluminum lever. Height-adjustable feet with integrated decoupling ensure optimal smoothness of operation.  <\/p>\n<\/div>\n<p><img loading=\"lazy\" decoding=\"async\" class=\"alignnone size-full wp-image-30480\" src=\"https:\/\/hifimarket.ee\/wp-content\/uploads\/2025\/08\/Clearaudio-Compass-Turntable-desc.jpg\" alt=\"\" width=\"1290\" height=\"450\" srcset=\"https:\/\/hifimarket.ee\/wp-content\/uploads\/2025\/08\/Clearaudio-Compass-Turntable-desc.jpg 1290w, https:\/\/hifimarket.ee\/wp-content\/uploads\/2025\/08\/Clearaudio-Compass-Turntable-desc-430x150.jpg 430w, https:\/\/hifimarket.ee\/wp-content\/uploads\/2025\/08\/Clearaudio-Compass-Turntable-desc-150x52.jpg 150w, https:\/\/hifimarket.ee\/wp-content\/uploads\/2025\/08\/Clearaudio-Compass-Turntable-desc-700x244.jpg 700w, https:\/\/hifimarket.ee\/wp-content\/uploads\/2025\/08\/Clearaudio-Compass-Turntable-desc-400x140.jpg 400w, https:\/\/hifimarket.ee\/wp-content\/uploads\/2025\/08\/Clearaudio-Compass-Turntable-desc-768x268.jpg 768w\" sizes=\"auto, (max-width: 1290px) 100vw, 1290px\" \/><\/p>\n","protected":false},"excerpt":{"rendered":"<p><strong>Clearaudio Compass <\/strong>on kompaktne vin\u00fc\u00fclplaadim\u00e4ngija, mis sobib ideaalselt \u201cp\u00e4ris\u201d analoogheli alustamiseks ilma liigse keerukuseta. See on lahendus stiilis \u201c\u00fchenda \u2013 seadista \u2013 kuula\u201d, kuid selge Clearaudio t\u00e4psuse ja muusikalise esitusega. <strong>Compass <\/strong>on loodud tervikliku s\u00fcsteemina: uus T1 toonarm (Satisfy kompaktne versioon) ja l\u00e4bim\u00f5eldud konstruktsioon annavad kindla stabiilsuse ning selge upgrade-path\u2019i \u2014 saad hiljem samm-sammult t\u00e4iendada phono-eelv\u00f5imendit, helipead, matte ja lisatarvikuid.<\/p>\n<p>Kompaktne \u201cready-to-play\u201d vin\u00fc\u00fclm\u00e4ngija, lihtne kasutusele v\u00f5tta<br \/>Uus T1 toonarm (Satisfy kompaktne sugulane)<br \/>Stabiilne p\u00f6\u00f6rlemine ja t\u00e4pne mehaanika \u2013 puhtam heli ja parem stereopilt<br \/>Hea \u201cesimene t\u00f5sine\u201d vin\u00fc\u00fclm\u00e4ngija ning kindel baas t\u00e4iustamiseks<br \/>Sobib h\u00e4sti kokku Hegeli\/Clearaudio phono-eelv\u00f5imendite ja Ortofon 2M helipeadega<br \/>Kaks v\u00e4rvi: must \/ h\u00f5bedane  <\/p>\n","protected":false},"featured_media":39202,"template":"","meta":{"_acf_changed":false},"product_brand":[742],"product_cat":[423],"product_tag":[],"class_list":{"0":"post-39200","1":"product","2":"type-product","3":"status-publish","4":"has-post-thumbnail","6":"product_brand-clearaudio","7":"product_cat-turntables","9":"first","10":"instock","11":"sale","12":"taxable","13":"shipping-taxable","14":"purchasable","15":"product-type-variable"},"acf":[],"jetpack_sharing_enabled":true,"_links":{"self":[{"href":"https:\/\/hifimarket.ee\/et\/wp-json\/wp\/v2\/product\/39200","targetHints":{"allow":["GET"]}}],"collection":[{"href":"https:\/\/hifimarket.ee\/et\/wp-json\/wp\/v2\/product"}],"about":[{"href":"https:\/\/hifimarket.ee\/et\/wp-json\/wp\/v2\/types\/product"}],"version-history":[{"count":5,"href":"https:\/\/hifimarket.ee\/et\/wp-json\/wp\/v2\/product\/39200\/revisions"}],"predecessor-version":[{"id":56248,"href":"https:\/\/hifimarket.ee\/et\/wp-json\/wp\/v2\/product\/39200\/revisions\/56248"}],"wp:featuredmedia":[{"embeddable":true,"href":"https:\/\/hifimarket.ee\/et\/wp-json\/wp\/v2\/media\/39202"}],"wp:attachment":[{"href":"https:\/\/hifimarket.ee\/et\/wp-json\/wp\/v2\/media?parent=39200"}],"wp:term":[{"taxonomy":"product_brand","embeddable":true,"href":"https:\/\/hifimarket.ee\/et\/wp-json\/wp\/v2\/product_brand?post=39200"},{"taxonomy":"product_cat","embeddable":true,"href":"https:\/\/hifimarket.ee\/et\/wp-json\/wp\/v2\/product_cat?post=39200"},{"taxonomy":"product_tag","embeddable":true,"href":"https:\/\/hifimarket.ee\/et\/wp-json\/wp\/v2\/product_tag?post=39200"}],"curies":[{"name":"wp","href":"https:\/\/api.w.org\/{rel}","templated":true}]}}