{"id":39332,"date":"2025-08-08T15:38:46","date_gmt":"2025-08-08T15:38:46","guid":{"rendered":"https:\/\/hifimarket.ee\/product\/clearaudio-celebrity-al-di-meola-edition-turntable\/"},"modified":"2026-03-12T09:41:24","modified_gmt":"2026-03-12T07:41:24","slug":"clearaudio-celebrity-al-di-meola-edition-turntable","status":"publish","type":"product","link":"https:\/\/hifimarket.ee\/et\/toode\/clearaudio-celebrity-al-di-meola-edition-turntable\/","title":{"rendered":"Clearaudio Celebrity \u201cAl Di Meola\u201d Edition Turntable"},"content":{"rendered":"<h4>Overview<\/h4>\n<p>At the heart of this turntable is a body made of high-density wood fiber, designed in the shape of an electric guitar \u2013 a clear sign of the close collaboration with <strong>Al Di Meola<\/strong> himself. Inside, it features the finest <strong>Clearaudio<\/strong> technology, making the turntable a true high-end device. <\/p>\n<p>The platter is driven by a precision flat belt that runs through the innovative Tacho Speed Control (TSC). This technology monitors the speed in real-time and automatically adjusts to changes in factors such as belt tension or temperature fluctuations. Additionally, the speed is automatically calibrated with each restart \u2013 ensuring optimal performance at all times.  <\/p>\n<p>To avoid vibrations and unwanted interference, the motor is decoupled using the Innovative Motor Suspension (IMS). This technology, borrowed from the renowned <strong>Clearaudio Reference Jubilee<\/strong> turntable, prevents vibrations from being transferred to the chassis, ensuring the sound remains clear and unadulterated. <\/p>\n<p>Special attention has been paid to the design: the volume control of the electric guitar has been transformed into a multifunctional knob. With a simple press of the button, the turntable starts, the speed switches between 33 1\/3 and 45 RPM, or the device is put into standby mode. In calibration mode, the knob is used to finely adjust the speed by turning it.  <\/p>\n<p>The design of the <strong>Celebrity<\/strong> turntable is rounded off by a special version of the Profiler tonearm and a specially developed MM cartridge, also bearing the name Celebrity. This unique turntable is available in black or wood finish (real rosewood veneer). <\/p>\n<p>The package is limited to 1,000 pieces and comes with a numbered special release album by <strong>Al Di Meola<\/strong> and a guitar pick \u2013 a true collector\u2019s item for music lovers and vinyl enthusiasts.<\/p>\n<p>Unbox, connect, and simply enjoy the music.<\/p>\n<p>&nbsp;<\/p>\n<p><img loading=\"lazy\" decoding=\"async\" class=\"alignnone size-full wp-image-30359\" src=\"https:\/\/hifimarket.ee\/wp-content\/uploads\/2025\/08\/Clearaudio-Celebrity-Al-Di-Meola-Edition-Turntable-desc.jpg\" alt=\"\" width=\"1290\" height=\"450\" srcset=\"https:\/\/hifimarket.ee\/wp-content\/uploads\/2025\/08\/Clearaudio-Celebrity-Al-Di-Meola-Edition-Turntable-desc.jpg 1290w, https:\/\/hifimarket.ee\/wp-content\/uploads\/2025\/08\/Clearaudio-Celebrity-Al-Di-Meola-Edition-Turntable-desc-430x150.jpg 430w, https:\/\/hifimarket.ee\/wp-content\/uploads\/2025\/08\/Clearaudio-Celebrity-Al-Di-Meola-Edition-Turntable-desc-150x52.jpg 150w, https:\/\/hifimarket.ee\/wp-content\/uploads\/2025\/08\/Clearaudio-Celebrity-Al-Di-Meola-Edition-Turntable-desc-700x244.jpg 700w, https:\/\/hifimarket.ee\/wp-content\/uploads\/2025\/08\/Clearaudio-Celebrity-Al-Di-Meola-Edition-Turntable-desc-400x140.jpg 400w, https:\/\/hifimarket.ee\/wp-content\/uploads\/2025\/08\/Clearaudio-Celebrity-Al-Di-Meola-Edition-Turntable-desc-768x268.jpg 768w\" sizes=\"auto, (max-width: 1290px) 100vw, 1290px\" \/><\/p>\n","protected":false},"excerpt":{"rendered":"<p><strong>Clearaudio Celebrity \u201cAl Di Meola\u201d Edition<\/strong> on limiteeritud vin\u00fc\u00fclplaadim\u00e4ngija (<strong>1000 eksemplari<\/strong>), mis on loodud koost\u00f6\u00f6s legendaarse kitarristi <strong>Al Di Meola<\/strong>ga. Korpus on valmistatud suure tihedusega puidukiust ning disainitud elektrikitarrina \u2014 see on \u00fchtaegu \u201cstatement\u201d ja t\u00f5sine tehniline lahendus. <br \/>Sees on Clearaudio tehnoloogiad: TSC (Tacho Speed Control) j\u00e4lgib kiirust reaalajas ja kalibreerib selle iga k\u00e4ivitusega, ning mootor on vibratsioonide v\u00e4hendamiseks eraldatud IMS (Innovative Motor Suspension) lahendusega. Juhtimine on lihtne: \u00fcks multifunktsionaalne nupp start\/33\u201345\/standby ja kalibreerimisre\u017eiim. <\/p>\n<p>Limiteeritud seeria 1000 tk <br \/>Korpus: high-density wood fiber, elektrikitarr-kujundus (Al Di Meola koost\u00f6\u00f6) <br \/>TSC (Tacho Speed Control): reaalaja kiirusekontroll + automaatne kalibreerimine iga k\u00e4ivitusega <br \/>IMS (Innovative Motor Suspension): mootor on vibratsioonide v\u00e4hendamiseks lahti \u00fchendatud \u0161assiist <br \/>Multifunktsionaalne nupp: Start \/ 33 \/ 45 \/ Standby \/ Calibration <br \/>Viimistlusvariandid (m\u00fc\u00fcjate\/spec\u2019i j\u00e4rgi): black \/ wood finish (p\u00e4ris roosipuu spoon)  <\/p>\n","protected":false},"featured_media":39334,"template":"","meta":{"_acf_changed":false},"product_brand":[742],"product_cat":[423],"product_tag":[],"class_list":{"0":"post-39332","1":"product","2":"type-product","3":"status-publish","4":"has-post-thumbnail","6":"product_brand-clearaudio","7":"product_cat-turntables","9":"first","10":"instock","11":"taxable","12":"shipping-taxable","13":"purchasable","14":"product-type-variable"},"acf":[],"jetpack_sharing_enabled":true,"_links":{"self":[{"href":"https:\/\/hifimarket.ee\/et\/wp-json\/wp\/v2\/product\/39332","targetHints":{"allow":["GET"]}}],"collection":[{"href":"https:\/\/hifimarket.ee\/et\/wp-json\/wp\/v2\/product"}],"about":[{"href":"https:\/\/hifimarket.ee\/et\/wp-json\/wp\/v2\/types\/product"}],"version-history":[{"count":2,"href":"https:\/\/hifimarket.ee\/et\/wp-json\/wp\/v2\/product\/39332\/revisions"}],"predecessor-version":[{"id":48624,"href":"https:\/\/hifimarket.ee\/et\/wp-json\/wp\/v2\/product\/39332\/revisions\/48624"}],"wp:featuredmedia":[{"embeddable":true,"href":"https:\/\/hifimarket.ee\/et\/wp-json\/wp\/v2\/media\/39334"}],"wp:attachment":[{"href":"https:\/\/hifimarket.ee\/et\/wp-json\/wp\/v2\/media?parent=39332"}],"wp:term":[{"taxonomy":"product_brand","embeddable":true,"href":"https:\/\/hifimarket.ee\/et\/wp-json\/wp\/v2\/product_brand?post=39332"},{"taxonomy":"product_cat","embeddable":true,"href":"https:\/\/hifimarket.ee\/et\/wp-json\/wp\/v2\/product_cat?post=39332"},{"taxonomy":"product_tag","embeddable":true,"href":"https:\/\/hifimarket.ee\/et\/wp-json\/wp\/v2\/product_tag?post=39332"}],"curies":[{"name":"wp","href":"https:\/\/api.w.org\/{rel}","templated":true}]}}