{"id":39406,"date":"2025-08-08T14:56:23","date_gmt":"2025-08-08T14:56:23","guid":{"rendered":"https:\/\/hifimarket.ee\/product\/clearaudio-performance-dc-turntable\/"},"modified":"2026-03-12T18:06:46","modified_gmt":"2026-03-12T16:06:46","slug":"clearaudio-performance-dc-turntable","status":"publish","type":"product","link":"https:\/\/hifimarket.ee\/et\/toode\/clearaudio-performance-dc-turntable\/","title":{"rendered":"Clearaudio Performance DC Turntable"},"content":{"rendered":"<h4>Overview<\/h4>\n<p>The <strong>Performance DC<\/strong> is a complete package designed to open up the high-end listening experience to those ambitious music lovers who are willing to handle with the basic features of tonearm and cartridge adjustment, and who simply seek the best in music reproduction.<\/p>\n<p>An enhanced version of the<strong> Performance DC<\/strong> with wood chassis offers even greater resonance control. A newly developed DC motor with high precision bearings and flat belt-drive, in conjunction with a platter of 40mm thick POM which rests on a <strong>Clearaudio<\/strong> ceramic magnetic bearing (CMB), provide optimal conditions for the correct sampling of the record groove. <\/p>\n<p>The elegant and simple appearance of the <strong>Performance DC<\/strong> with its clear lines matches its excellent audio performance. For lovers of our moving magnet (MM) cartridges we offer both versions of the <strong>Performance DC<\/strong> (with\/without wood chassis) as a package with the <strong>Clarify<\/strong> tonearm and <strong>Virtuoso V2<\/strong> cartridge. For those who prefer a moving coil (MC) cartridge, again both versions are offered as a package, featuring our <strong>Satisfy Kardan<\/strong> Aluminium tonearm and our outstanding <strong>Talisman V2 Gold<\/strong> cartridge. The third and ultimate option, again offered in both versions, is the peerless combination of our award-winning <strong>TT5<\/strong> tangential tonearm and essence mc cartridge.   <\/p>\n<p>Excellent tracking properties and hyper-accurate speed synchronization ensure the ultimate listening pleasure, whatever your choice <strong>Performance DC<\/strong> package.<\/p>\n<p><strong>Note:<\/strong> These colors comes with <strong>Satisfy Kardan Signature<\/strong> tonearm and <strong>Virtuoso V2<\/strong> cartridge (Black, Silver, Black\/Silver, Silver\/Black). These colors comes with <strong>TA043\/TT5<\/strong> tonearm and <strong>Talisman V2 Gold<\/strong> cartridge (Black\/Wood, Silver\/Wood, Rose Gold\/Black, Rose Gold\/Red Wood). <\/p>\n<p>&nbsp;<\/p>\n<p><img loading=\"lazy\" decoding=\"async\" class=\"alignnone size-full wp-image-30293\" src=\"https:\/\/hifimarket.ee\/wp-content\/uploads\/2025\/08\/Clearaudio-Performance-DC-Turntable-desc.jpg\" alt=\"\" width=\"1290\" height=\"450\" srcset=\"https:\/\/hifimarket.ee\/wp-content\/uploads\/2025\/08\/Clearaudio-Performance-DC-Turntable-desc.jpg 1290w, https:\/\/hifimarket.ee\/wp-content\/uploads\/2025\/08\/Clearaudio-Performance-DC-Turntable-desc-430x150.jpg 430w, https:\/\/hifimarket.ee\/wp-content\/uploads\/2025\/08\/Clearaudio-Performance-DC-Turntable-desc-150x52.jpg 150w, https:\/\/hifimarket.ee\/wp-content\/uploads\/2025\/08\/Clearaudio-Performance-DC-Turntable-desc-700x244.jpg 700w, https:\/\/hifimarket.ee\/wp-content\/uploads\/2025\/08\/Clearaudio-Performance-DC-Turntable-desc-400x140.jpg 400w, https:\/\/hifimarket.ee\/wp-content\/uploads\/2025\/08\/Clearaudio-Performance-DC-Turntable-desc-768x268.jpg 768w\" sizes=\"auto, (max-width: 1290px) 100vw, 1290px\" \/><\/p>\n","protected":false},"excerpt":{"rendered":"<p><strong>Clearaudio Performance DC<\/strong> on vin\u00fc\u00fclplaadim\u00e4ngija \u201ct\u00f5sise s\u00fcsteemi\u201d tasemel, kus loeb eelk\u00f5ige mehaaniline t\u00e4psus: stabiilne p\u00f6\u00f6rlemine, madal m\u00fcra ning mootori ja \u0161assii hea vibratsioonieraldus. See on v\u00e4ga loogiline valik, kui algtaseme m\u00e4ngija on juba \u201cliiga v\u00e4ike\u201d ja soovid rohkem ruumi, rahulikumat tausta ning paremat instrumentide eristust.<br \/><strong>Performance DC <\/strong>tugevus on ka selge upgrade-path: saad valida helipea ja toonarmi oma eelistuste j\u00e4rgi ning t\u00e4iendada s\u00fcsteemi samm-sammult, ilma et peaksid kohe k\u00f5ike \u00fcmber ehitama.<\/p>\n<p>Stabiilne DC-mootoriga ajam ja r\u00f5hk p\u00f6\u00f6rlemist\u00e4psusele<br \/>T\u00e4ppislaagri ja massiivse konstruktsiooni eesm\u00e4rk on v\u00e4hendada vibratsioone<br \/>\u201cVaikne\u201d taust \u2014 v\u00e4ga hea alus korralikule phono-eelv\u00f5imendile<br \/>Sobib h\u00e4sti Ortofon\/Clearaudio helipeadega ja lubab hiljem taset t\u00f5sta<br \/>Loogiline samm p\u00e4rast Compass\u2019i ja algtaseme mudeleid: rohkem ruumi ja kontrolli<br \/>Selge upgrade-path: toonarm \/ helipea \/ lisatarvikud vastavalt s\u00fcsteemile <\/p>\n","protected":false},"featured_media":39408,"template":"","meta":{"_acf_changed":false},"product_brand":[742],"product_cat":[423],"product_tag":[],"class_list":{"0":"post-39406","1":"product","2":"type-product","3":"status-publish","4":"has-post-thumbnail","6":"product_brand-clearaudio","7":"product_cat-turntables","9":"first","10":"instock","11":"taxable","12":"shipping-taxable","13":"purchasable","14":"product-type-variable"},"acf":[],"jetpack_sharing_enabled":true,"_links":{"self":[{"href":"https:\/\/hifimarket.ee\/et\/wp-json\/wp\/v2\/product\/39406","targetHints":{"allow":["GET"]}}],"collection":[{"href":"https:\/\/hifimarket.ee\/et\/wp-json\/wp\/v2\/product"}],"about":[{"href":"https:\/\/hifimarket.ee\/et\/wp-json\/wp\/v2\/types\/product"}],"version-history":[{"count":2,"href":"https:\/\/hifimarket.ee\/et\/wp-json\/wp\/v2\/product\/39406\/revisions"}],"predecessor-version":[{"id":56265,"href":"https:\/\/hifimarket.ee\/et\/wp-json\/wp\/v2\/product\/39406\/revisions\/56265"}],"wp:featuredmedia":[{"embeddable":true,"href":"https:\/\/hifimarket.ee\/et\/wp-json\/wp\/v2\/media\/39408"}],"wp:attachment":[{"href":"https:\/\/hifimarket.ee\/et\/wp-json\/wp\/v2\/media?parent=39406"}],"wp:term":[{"taxonomy":"product_brand","embeddable":true,"href":"https:\/\/hifimarket.ee\/et\/wp-json\/wp\/v2\/product_brand?post=39406"},{"taxonomy":"product_cat","embeddable":true,"href":"https:\/\/hifimarket.ee\/et\/wp-json\/wp\/v2\/product_cat?post=39406"},{"taxonomy":"product_tag","embeddable":true,"href":"https:\/\/hifimarket.ee\/et\/wp-json\/wp\/v2\/product_tag?post=39406"}],"curies":[{"name":"wp","href":"https:\/\/api.w.org\/{rel}","templated":true}]}}