{"id":39848,"date":"2025-08-08T08:58:29","date_gmt":"2025-08-08T08:58:29","guid":{"rendered":"https:\/\/hifimarket.ee\/product\/dynaudio-confidence-30-floorstanding-speakers-pair\/"},"modified":"2026-03-13T16:19:32","modified_gmt":"2026-03-13T14:19:32","slug":"dynaudio-confidence-30-floorstanding-speakers-pair","status":"publish","type":"product","link":"https:\/\/hifimarket.ee\/et\/toode\/dynaudio-confidence-30-floorstanding-speakers-pair\/","title":{"rendered":"Dynaudio Confidence 30 Floorstanding Speakers (Pair)"},"content":{"rendered":"<h4>Next-generation DDC sound-beaming technology leads the way in the smallest of the all-new Confidence floor-standers<\/h4>\n<p>The tricky thing about producing the best is that at some point you have to beat it. The good thing is that when you\u2019re working with the team that created the original, the job becomes easier \u2013 and more fun. <\/p>\n<p>So, when the new <strong>Confidence 30<\/strong> three-way floor-stander rolled out of <strong>Dynaudio Labs<\/strong> in Skanderborg, there was much rejoicing. It tips an affectionate nod to <strong>Confidence<\/strong> models past while taking their innovations and their performance to the next level. <\/p>\n<p>Like the rest of the range, the <strong>Confidence 30<\/strong> features the brand-new Esotar3 tweeter . This takes lessons learned during the development of the award-winning Esotar Forty anniversary tweeter \u2013 including optimized airflow technology, a new neodymium magnet design and the ingenious Hexis resonance-busting inner dome \u2013 and takes things up a notch or three. <\/p>\n<p>Also on board are two all-new 18cm NeoTec MSP woofers (which also feature powerful neodymium magnet systems and some intensely clever airflow tech); the new, ultra-stable, ultra-rigid Compex composite front baffle; a completely new 15cm midrange driver with the new airflow-correcting Horizon Surround ; the new down-firing bass port \u2026 and the next generation of the DDC (<strong>Dynaudio Directivity Control<\/strong>) sound-beaming technology, including the brilliant DDC Lens around the tweeter.<\/p>\n<p>All the <strong>Confidence 30\u2019s<\/strong> components (even the screws and gaskets that hold the baffle in place) work in perfect harmony as part of the DDC platform to vastly reduce floor and ceiling reflections while maintaining an accurate horizontal image. It means you can place the speakers in a larger space without needing room treatment, special rugs or ceilings or\u2026 well, anything. It just works. (Something you can learn more about in our six-part podcast series on the new <strong>Confidence<\/strong>).   <\/p>\n<p>And it means you hear only what the artist intended.<\/p>\n<p><img loading=\"lazy\" decoding=\"async\" class=\"alignnone size-full wp-image-29771\" src=\"https:\/\/hifimarket.ee\/wp-content\/uploads\/2025\/08\/Dynaudio-Confidence-30-Floorstanding-Speakers-desc.jpg\" alt=\"\" width=\"1291\" height=\"389\" srcset=\"https:\/\/hifimarket.ee\/wp-content\/uploads\/2025\/08\/Dynaudio-Confidence-30-Floorstanding-Speakers-desc.jpg 1291w, https:\/\/hifimarket.ee\/wp-content\/uploads\/2025\/08\/Dynaudio-Confidence-30-Floorstanding-Speakers-desc-430x130.jpg 430w, https:\/\/hifimarket.ee\/wp-content\/uploads\/2025\/08\/Dynaudio-Confidence-30-Floorstanding-Speakers-desc-150x45.jpg 150w, https:\/\/hifimarket.ee\/wp-content\/uploads\/2025\/08\/Dynaudio-Confidence-30-Floorstanding-Speakers-desc-700x211.jpg 700w, https:\/\/hifimarket.ee\/wp-content\/uploads\/2025\/08\/Dynaudio-Confidence-30-Floorstanding-Speakers-desc-400x121.jpg 400w, https:\/\/hifimarket.ee\/wp-content\/uploads\/2025\/08\/Dynaudio-Confidence-30-Floorstanding-Speakers-desc-768x231.jpg 768w\" sizes=\"auto, (max-width: 1291px) 100vw, 1291px\" \/><\/p>\n","protected":false},"excerpt":{"rendered":"<p><strong>Dynaudio Confidence 30 <\/strong>on Confidence-seeria p\u00f5randak\u00f5lar, mis on m\u00f5eldud k\u00f5rgeima taseme stereoks: v\u00e4ga puhas ja avar helipilt, t\u00e4pne instrumentide paiknemine ning kontrollitud d\u00fcnaamika ka suuremas ruumis. See on k\u00f5lar neile, kes tahavad \u201cp\u00e4ris\u201d referentsklassi esitlust \u2014 sellist, kus detail ei tule teravuse arvelt, vaid j\u00e4\u00e4b loomulikuks ja rahulikuks.<br \/><strong>Confidence 30 <\/strong>eeldab head v\u00f5imendust ja korralikku paigutust, kuid tasub selle kuhjaga \u00e4ra: bass on kiire ja kontrollitud, keskosa v\u00e4ga selge ning lava s\u00fcgavus ja ruumilisus on just see, mille p\u00e4rast Confidence-seeriat hinnatakse.<\/p>\n<p>Confidence-seeria p\u00f5randak\u00f5lar referentsklassi stereoks<br \/>V\u00e4ga avar ja t\u00e4pne helipilt: tugev fookus ja \u201c\u00f5hk\u201d instrumentide \u00fcmber<br \/>Kontrollitud, kiire bass ja kindel d\u00fcnaamika ka suuremas ruumis<br \/>Selge keskosa ja loomulik vokaal \u2014 sobib nii akustikale kui ka suurele s\u00fcmfooniale<br \/>Vajab kvaliteetset v\u00f5imendust; s\u00fcsteemi tase ja paigutus annavad suurt lisav\u00f5itu<br \/>K\u00f5lar \u201cpikaks ajaks\u201d: kasvab koos allika, v\u00f5imendi ja ruumi seadistusega <\/p>\n","protected":false},"featured_media":39850,"template":"","meta":{"_acf_changed":false},"product_brand":[746],"product_cat":[333],"product_tag":[],"class_list":{"0":"post-39848","1":"product","2":"type-product","3":"status-publish","4":"has-post-thumbnail","6":"product_brand-dynaudio","7":"product_cat-floorstanding-speakers","9":"first","10":"instock","11":"taxable","12":"shipping-taxable","13":"purchasable","14":"product-type-variable"},"acf":[],"jetpack_sharing_enabled":true,"_links":{"self":[{"href":"https:\/\/hifimarket.ee\/et\/wp-json\/wp\/v2\/product\/39848","targetHints":{"allow":["GET"]}}],"collection":[{"href":"https:\/\/hifimarket.ee\/et\/wp-json\/wp\/v2\/product"}],"about":[{"href":"https:\/\/hifimarket.ee\/et\/wp-json\/wp\/v2\/types\/product"}],"version-history":[{"count":2,"href":"https:\/\/hifimarket.ee\/et\/wp-json\/wp\/v2\/product\/39848\/revisions"}],"predecessor-version":[{"id":56290,"href":"https:\/\/hifimarket.ee\/et\/wp-json\/wp\/v2\/product\/39848\/revisions\/56290"}],"wp:featuredmedia":[{"embeddable":true,"href":"https:\/\/hifimarket.ee\/et\/wp-json\/wp\/v2\/media\/39850"}],"wp:attachment":[{"href":"https:\/\/hifimarket.ee\/et\/wp-json\/wp\/v2\/media?parent=39848"}],"wp:term":[{"taxonomy":"product_brand","embeddable":true,"href":"https:\/\/hifimarket.ee\/et\/wp-json\/wp\/v2\/product_brand?post=39848"},{"taxonomy":"product_cat","embeddable":true,"href":"https:\/\/hifimarket.ee\/et\/wp-json\/wp\/v2\/product_cat?post=39848"},{"taxonomy":"product_tag","embeddable":true,"href":"https:\/\/hifimarket.ee\/et\/wp-json\/wp\/v2\/product_tag?post=39848"}],"curies":[{"name":"wp","href":"https:\/\/api.w.org\/{rel}","templated":true}]}}