{"id":40058,"date":"2025-08-06T13:33:07","date_gmt":"2025-08-06T13:33:07","guid":{"rendered":"https:\/\/hifimarket.ee\/product\/mola-mola-tambaqui-digital-to-analogue-converter\/"},"modified":"2026-03-12T09:40:24","modified_gmt":"2026-03-12T07:40:24","slug":"mola-mola-tambaqui-digital-to-analogue-converter","status":"publish","type":"product","link":"https:\/\/hifimarket.ee\/et\/toode\/mola-mola-tambaqui-digital-to-analogue-converter\/","title":{"rendered":"Mola Mola Tambaqui Digital to Analogue Converter"},"content":{"rendered":"<h4>Digital that\u2019s as good as analogue<\/h4>\n<p>Responding to popular demand, <strong>Mola Mola<\/strong> launched the famous discrete DAC from the <strong>Makua<\/strong> as a separate unit.<\/p>\n<p><strong>Mola Mola\u2019s Tambaqui<\/strong> DAC is the perfect upgrade for owners of complete high-end systems who want to retain the characteristic sound of their existing preamplifier whilst lifting their digital sources to another level. The converter is a two board stack. On the first board, all incoming digital audio is upsampled to 3.125MHz\/32 bits and converted to noise shaped PWM. On the other board are two mono DACs, in which a discrete 32- stage FIR DAC and a single-stage 4th order filtering I\/V converter, convert the PWM into analogue with a breathtaking 130dB SNR. This is near the theoretical limit for 24-bit files and far beyond that of even quad-speed DSD. Uniquely, distortion remains below the noise floor even for full scale signals.     <\/p>\n<p>With the addition of a lossless digital volume control and headphone outputs, it is also the ideal control hub of a minimalist audio system for music lovers who have moved on to a digital sources only system. This DAC, combined with a pair of <strong>Mola Mola Kaluga<\/strong> monoblocks constitutes the finest digital replay chain available, irrespective of price. <\/p>\n<p><img loading=\"lazy\" decoding=\"async\" class=\"alignnone wp-image-29475\" src=\"https:\/\/hifimarket.ee\/wp-content\/uploads\/2025\/08\/Mola-Mola-Tambaqui-Digital-to-Analogue-Converter-desc-400x140.jpg\" alt=\"\" width=\"1200\" height=\"419\" srcset=\"https:\/\/hifimarket.ee\/wp-content\/uploads\/2025\/08\/Mola-Mola-Tambaqui-Digital-to-Analogue-Converter-desc-400x140.jpg 400w, https:\/\/hifimarket.ee\/wp-content\/uploads\/2025\/08\/Mola-Mola-Tambaqui-Digital-to-Analogue-Converter-desc-430x150.jpg 430w, https:\/\/hifimarket.ee\/wp-content\/uploads\/2025\/08\/Mola-Mola-Tambaqui-Digital-to-Analogue-Converter-desc-150x52.jpg 150w, https:\/\/hifimarket.ee\/wp-content\/uploads\/2025\/08\/Mola-Mola-Tambaqui-Digital-to-Analogue-Converter-desc-700x244.jpg 700w, https:\/\/hifimarket.ee\/wp-content\/uploads\/2025\/08\/Mola-Mola-Tambaqui-Digital-to-Analogue-Converter-desc-768x268.jpg 768w, https:\/\/hifimarket.ee\/wp-content\/uploads\/2025\/08\/Mola-Mola-Tambaqui-Digital-to-Analogue-Converter-desc.jpg 1290w\" sizes=\"auto, (max-width: 1200px) 100vw, 1200px\" \/><\/p>\n","protected":false},"excerpt":{"rendered":"<p>Mola Mola Tambaqui on preemium-klassi DAC ja k\u00f5rvaklapiv\u00f5imendi, mille eesm\u00e4rk on \u201cdigitaalne heli nagu analoog\u201d: v\u00e4ga madal m\u00fcra, t\u00e4pne d\u00fcnaamika ja loomulik helipilt. See sobib digitaalse s\u00fcsteemi keskpunktiks, sest sisendeid on praktiliselt k\u00f5ikideks allikateks (USB, AES\/EBU, S\/PDIF, Toslink, I\u00b2S over HDMI, Ethernet\/Roon, Bluetooth), ning v\u00e4ljundis on balansseeritud line-out ja balansseeritud k\u00f5rvaklapiv\u00e4ljundid. <br \/>Failitugi katab t\u00e4nap\u00e4eva vajadused: PCM kuni 384 kHz\/32 bit (k\u00f5rgem kui 192\/24 ainult USB ja Roon\/Ethernet kaudu) ning DoP ja Native DSD (USB ja Roon\/Ethernet). <\/p>\n<p>Sisendid: Optical (Toslink), S\/PDIF (RCA), AES\/EBU (XLR), USB-B, Ethernet (Roon Ready), Bluetooth (SBC\/AAC\/aptX\/LDAC), I\u00b2S over HDMI <br \/>V\u00e4ljundid: balansseeritud XLR line out, k\u00f5rvaklapid 6.3 mm ja balansseeritud 4-pin XLR <br \/>Toetab PCM kuni 384 kHz\/32 bit (\u00fcle 192\/24 ainult USB ja Roon\/Ethernet) <br \/>Toetab DoP ja Native DSD \u201cquad speed\u201d USB ja Roon\/Ethernet kaudu <br \/>Seaded: balance\/input gain offset, phase invert, selectable output levels <br \/>2 programmeeritavat trigger-v\u00e4ljundit (3.5 mm) <br \/>Bro\u0161\u00fc\u00fcri j\u00e4rgi: SNR 130 dB, v\u00e4ljundtase 20 dBu; THD\/IMD \u201cmittem\u00f5\u00f5detav\u201d (hinnang \u2212140 dB)   <\/p>\n","protected":false},"featured_media":40060,"template":"","meta":{"_acf_changed":false},"product_brand":[766],"product_cat":[320],"product_tag":[],"class_list":{"0":"post-40058","1":"product","2":"type-product","3":"status-publish","4":"has-post-thumbnail","6":"product_brand-mola-mola","7":"product_cat-dacs-digital-to-analog-converters","9":"first","10":"instock","11":"taxable","12":"shipping-taxable","13":"purchasable","14":"product-type-simple"},"acf":[],"jetpack_sharing_enabled":true,"_links":{"self":[{"href":"https:\/\/hifimarket.ee\/et\/wp-json\/wp\/v2\/product\/40058","targetHints":{"allow":["GET"]}}],"collection":[{"href":"https:\/\/hifimarket.ee\/et\/wp-json\/wp\/v2\/product"}],"about":[{"href":"https:\/\/hifimarket.ee\/et\/wp-json\/wp\/v2\/types\/product"}],"version-history":[{"count":2,"href":"https:\/\/hifimarket.ee\/et\/wp-json\/wp\/v2\/product\/40058\/revisions"}],"predecessor-version":[{"id":56251,"href":"https:\/\/hifimarket.ee\/et\/wp-json\/wp\/v2\/product\/40058\/revisions\/56251"}],"wp:featuredmedia":[{"embeddable":true,"href":"https:\/\/hifimarket.ee\/et\/wp-json\/wp\/v2\/media\/40060"}],"wp:attachment":[{"href":"https:\/\/hifimarket.ee\/et\/wp-json\/wp\/v2\/media?parent=40058"}],"wp:term":[{"taxonomy":"product_brand","embeddable":true,"href":"https:\/\/hifimarket.ee\/et\/wp-json\/wp\/v2\/product_brand?post=40058"},{"taxonomy":"product_cat","embeddable":true,"href":"https:\/\/hifimarket.ee\/et\/wp-json\/wp\/v2\/product_cat?post=40058"},{"taxonomy":"product_tag","embeddable":true,"href":"https:\/\/hifimarket.ee\/et\/wp-json\/wp\/v2\/product_tag?post=40058"}],"curies":[{"name":"wp","href":"https:\/\/api.w.org\/{rel}","templated":true}]}}