{"id":40822,"date":"2025-11-27T14:23:55","date_gmt":"2025-11-27T12:23:55","guid":{"rendered":"https:\/\/hifimarket.ee\/product\/monitor-audio-gold-300-6g-floorstanding-speakers-pair\/"},"modified":"2026-03-13T16:14:13","modified_gmt":"2026-03-13T14:14:13","slug":"monitor-audio-gold-300-6g-floorstanding-speakers-pair","status":"publish","type":"product","link":"https:\/\/hifimarket.ee\/et\/toode\/monitor-audio-gold-300-6g-floorstanding-speakers-pair\/","title":{"rendered":"Monitor Audio Gold 300 6G Floorstanding Speakers (Pair)"},"content":{"rendered":"<p>The mid-sized 300 6G is a floorstanding loudspeaker capable of delivering pristine, room-filling sound from its relatively compact dimensions. It boasts the latest MPD III high-frequency transducer alongside an HDT, C-CAM 3-inch mid-driver, and twin 6-inch bass drivers. <\/p>\n<p><strong>Features at a glance:<\/strong><br \/>\nThree-way design | MPD III transducer | 2x 6-inch bass drivers | HDT, C-CAM cone technology | Ported cabinet design using HiVe II port technology | Cast aluminium outriggers | Magnetic grilles\u2019 included | Finishes available: Macassar wood veneer, High-Gloss Black and Satin White<\/p>\n<p><img loading=\"lazy\" decoding=\"async\" class=\"alignnone size-full wp-image-40867\" src=\"https:\/\/hifimarket.ee\/wp-content\/uploads\/2025\/11\/gold-300-life-1.2000x0.jpg\" alt=\"\" width=\"2000\" height=\"786\" srcset=\"https:\/\/hifimarket.ee\/wp-content\/uploads\/2025\/11\/gold-300-life-1.2000x0.jpg 2000w, https:\/\/hifimarket.ee\/wp-content\/uploads\/2025\/11\/gold-300-life-1.2000x0-400x157.jpg 400w, https:\/\/hifimarket.ee\/wp-content\/uploads\/2025\/11\/gold-300-life-1.2000x0-1300x511.jpg 1300w, https:\/\/hifimarket.ee\/wp-content\/uploads\/2025\/11\/gold-300-life-1.2000x0-768x302.jpg 768w, https:\/\/hifimarket.ee\/wp-content\/uploads\/2025\/11\/gold-300-life-1.2000x0-1536x604.jpg 1536w, https:\/\/hifimarket.ee\/wp-content\/uploads\/2025\/11\/gold-300-life-1.2000x0-430x169.jpg 430w, https:\/\/hifimarket.ee\/wp-content\/uploads\/2025\/11\/gold-300-life-1.2000x0-700x275.jpg 700w, https:\/\/hifimarket.ee\/wp-content\/uploads\/2025\/11\/gold-300-life-1.2000x0-150x59.jpg 150w\" sizes=\"auto, (max-width: 2000px) 100vw, 2000px\" \/><\/p>\n","protected":false},"excerpt":{"rendered":"<p>Monitor Audio Gold 300 6G on Gold-seeria p\u00f5randak\u00f5lar, mis annab suure osa Gold 500 tasemest, kuid veidi kompaktsemas ja paigutuse m\u00f5ttes \u201clihtsamas\u201d formaadis. See sobib v\u00e4ga h\u00e4sti elutuppa, kus tahad tugevamat bassi ja suuremat skaalat kui riiulik\u00f5larilt, kuid ei soovi minna k\u00f5ige suurema korpuse peale.<br \/>Gold 300 6G on tasakaalukas ja detailne: puhas keskosa, selge lava ja kontrollitud bass. Hea v\u00f5imendusega (Hegel\/Lyngdorf jne) on tulemus v\u00e4ga \u201ct\u00e4iskasvanulik\u201d ning k\u00f5lar reageerib selgelt allika ja sobituse kvaliteedile.<\/p>\n<p>Gold-seeria p\u00f5randak\u00f5lar suure helipildi ja tugeva d\u00fcnaamikaga<br \/>Kontrollitud bass ja hea ruumit\u00e4ide, sobib v\u00e4ga h\u00e4sti elutuppa<br \/>Selge keskosa ja fokusseeritud lava \u2014 vokaal ja instrumendid on h\u00e4sti \u201cpaigas\u201d<br \/>Detailne, kuid mugav k\u00f5rgsagedus korrektse sobituse korral<br \/>Hea kompromiss Gold 500 k\u00f5rval: rohkem paigutusmugavust, v\u00e4ga k\u00f5rge tase<br \/>N\u00e4itab h\u00e4sti s\u00fcsteemi upgrade\u2019e: v\u00f5imendus\/allikas\/paigutus annavad kuuldava lisav\u00f5idu   <\/p>\n","protected":false},"featured_media":40951,"template":"","meta":{"_acf_changed":false},"product_brand":[764],"product_cat":[333],"product_tag":[],"class_list":{"0":"post-40822","1":"product","2":"type-product","3":"status-publish","4":"has-post-thumbnail","6":"product_brand-monitor-audio","7":"product_cat-floorstanding-speakers","9":"first","10":"instock","11":"taxable","12":"shipping-taxable","13":"purchasable","14":"product-type-variable"},"acf":[],"jetpack_sharing_enabled":true,"_links":{"self":[{"href":"https:\/\/hifimarket.ee\/et\/wp-json\/wp\/v2\/product\/40822","targetHints":{"allow":["GET"]}}],"collection":[{"href":"https:\/\/hifimarket.ee\/et\/wp-json\/wp\/v2\/product"}],"about":[{"href":"https:\/\/hifimarket.ee\/et\/wp-json\/wp\/v2\/types\/product"}],"version-history":[{"count":2,"href":"https:\/\/hifimarket.ee\/et\/wp-json\/wp\/v2\/product\/40822\/revisions"}],"predecessor-version":[{"id":56288,"href":"https:\/\/hifimarket.ee\/et\/wp-json\/wp\/v2\/product\/40822\/revisions\/56288"}],"wp:featuredmedia":[{"embeddable":true,"href":"https:\/\/hifimarket.ee\/et\/wp-json\/wp\/v2\/media\/40951"}],"wp:attachment":[{"href":"https:\/\/hifimarket.ee\/et\/wp-json\/wp\/v2\/media?parent=40822"}],"wp:term":[{"taxonomy":"product_brand","embeddable":true,"href":"https:\/\/hifimarket.ee\/et\/wp-json\/wp\/v2\/product_brand?post=40822"},{"taxonomy":"product_cat","embeddable":true,"href":"https:\/\/hifimarket.ee\/et\/wp-json\/wp\/v2\/product_cat?post=40822"},{"taxonomy":"product_tag","embeddable":true,"href":"https:\/\/hifimarket.ee\/et\/wp-json\/wp\/v2\/product_tag?post=40822"}],"curies":[{"name":"wp","href":"https:\/\/api.w.org\/{rel}","templated":true}]}}