{"id":40872,"date":"2025-11-27T13:59:13","date_gmt":"2025-11-27T11:59:13","guid":{"rendered":"https:\/\/hifimarket.ee\/product\/monitor-audio-gold-500-6g-floorstanding-speakers\/"},"modified":"2026-03-13T16:10:34","modified_gmt":"2026-03-13T14:10:34","slug":"monitor-audio-gold-500-6g-floorstanding-speakers","status":"publish","type":"product","link":"https:\/\/hifimarket.ee\/et\/toode\/monitor-audio-gold-500-6g-floorstanding-speakers\/","title":{"rendered":"Monitor Audio Gold 500 6G Floorstanding Speakers (Pair)"},"content":{"rendered":"<p>The flagship Gold 500 6G is engineered to deliver the very highest levels of performance. It features the latest MPD III high-frequency transducer alongside an HDT, a C-CAM 3-inch mid-driver, and twin 8-inch bass drivers. <\/p>\n<p><strong>Features at a glance:<\/strong><br \/>\nThree-way design | MPD III transducer | 2x 8-inch bass drivers | HDT, C-CAM cone technology | Ported cabinet design using HiVe II port technology | Cast aluminium outriggers | Magnetic grilles\u2019 included | Finishes available: Macassar wood veneer, High-Gloss Black and Satin White<\/p>\n<p><img loading=\"lazy\" decoding=\"async\" class=\"alignnone size-full wp-image-40871\" src=\"https:\/\/hifimarket.ee\/wp-content\/uploads\/2025\/11\/gold-500-life.2000x0.jpg\" alt=\"\" width=\"2000\" height=\"786\" srcset=\"https:\/\/hifimarket.ee\/wp-content\/uploads\/2025\/11\/gold-500-life.2000x0.jpg 2000w, https:\/\/hifimarket.ee\/wp-content\/uploads\/2025\/11\/gold-500-life.2000x0-400x157.jpg 400w, https:\/\/hifimarket.ee\/wp-content\/uploads\/2025\/11\/gold-500-life.2000x0-1300x511.jpg 1300w, https:\/\/hifimarket.ee\/wp-content\/uploads\/2025\/11\/gold-500-life.2000x0-768x302.jpg 768w, https:\/\/hifimarket.ee\/wp-content\/uploads\/2025\/11\/gold-500-life.2000x0-1536x604.jpg 1536w, https:\/\/hifimarket.ee\/wp-content\/uploads\/2025\/11\/gold-500-life.2000x0-430x169.jpg 430w, https:\/\/hifimarket.ee\/wp-content\/uploads\/2025\/11\/gold-500-life.2000x0-700x275.jpg 700w, https:\/\/hifimarket.ee\/wp-content\/uploads\/2025\/11\/gold-500-life.2000x0-150x59.jpg 150w\" sizes=\"auto, (max-width: 2000px) 100vw, 2000px\" \/><\/p>\n","protected":false},"excerpt":{"rendered":"<p>Monitor Audio Gold 500 6G on Gold-seeria lipulaev p\u00f5randak\u00f5lar: suur helipilt, tugev bass ja v\u00e4ga k\u00f5rge detailsus, kuid samas kontrollitud ja \u201ck\u00fcps\u201d esitlus. See on k\u00f5lar neile, kes tahavad t\u00f5sist stereo-kogemust tavalises elutoas \u2014 nii muusika kui ka kodukino jaoks \u2014 ilma et heli muutuks teravaks v\u00f5i v\u00e4sitavaks.<br \/>Gold 500 6G sobib eriti h\u00e4sti kvaliteetse integreeritud v\u00f5imendiga (Hegel, Lyngdorf, Michi jne). Kui s\u00fcsteem on korralik, annab see k\u00f5lar v\u00e4ga selge upgrade-v\u00f5idu: allika, v\u00f5imenduse ja paigutuse muutused on h\u00e4sti kuulda.<\/p>\n<p>Gold-seeria lipulaev p\u00f5randak\u00f5lar suure d\u00fcnaamika ja avara lavaga<br \/>Tugev, kontrollitud bass ja ruumi \u201ct\u00e4itmine\u201d ka suuremas elutoas<br \/>V\u00e4ga detailne, kuid korrektse sobitusega mugav k\u00f5rgsagedus<br \/>T\u00e4pne keskosa ja tugev vokaali\/akustiliste instrumentide esitlus<br \/>Vajab kvaliteetset v\u00f5imendust; reageerib selgelt s\u00fcsteemi upgrade\u2019idele<br \/>Hea \u201cpikaajaline\u201d valik: kasvab koos allika, v\u00f5imendi ja akustilise seadistusega   <\/p>\n<p>&nbsp;<\/p>\n<p>&nbsp;<\/p>\n","protected":false},"featured_media":40874,"template":"","meta":{"_acf_changed":false},"product_brand":[764],"product_cat":[333],"product_tag":[],"class_list":{"0":"post-40872","1":"product","2":"type-product","3":"status-publish","4":"has-post-thumbnail","6":"product_brand-monitor-audio","7":"product_cat-floorstanding-speakers","9":"first","10":"instock","11":"taxable","12":"shipping-taxable","13":"purchasable","14":"product-type-variable"},"acf":[],"jetpack_sharing_enabled":true,"_links":{"self":[{"href":"https:\/\/hifimarket.ee\/et\/wp-json\/wp\/v2\/product\/40872","targetHints":{"allow":["GET"]}}],"collection":[{"href":"https:\/\/hifimarket.ee\/et\/wp-json\/wp\/v2\/product"}],"about":[{"href":"https:\/\/hifimarket.ee\/et\/wp-json\/wp\/v2\/types\/product"}],"version-history":[{"count":2,"href":"https:\/\/hifimarket.ee\/et\/wp-json\/wp\/v2\/product\/40872\/revisions"}],"predecessor-version":[{"id":56286,"href":"https:\/\/hifimarket.ee\/et\/wp-json\/wp\/v2\/product\/40872\/revisions\/56286"}],"wp:featuredmedia":[{"embeddable":true,"href":"https:\/\/hifimarket.ee\/et\/wp-json\/wp\/v2\/media\/40874"}],"wp:attachment":[{"href":"https:\/\/hifimarket.ee\/et\/wp-json\/wp\/v2\/media?parent=40872"}],"wp:term":[{"taxonomy":"product_brand","embeddable":true,"href":"https:\/\/hifimarket.ee\/et\/wp-json\/wp\/v2\/product_brand?post=40872"},{"taxonomy":"product_cat","embeddable":true,"href":"https:\/\/hifimarket.ee\/et\/wp-json\/wp\/v2\/product_cat?post=40872"},{"taxonomy":"product_tag","embeddable":true,"href":"https:\/\/hifimarket.ee\/et\/wp-json\/wp\/v2\/product_tag?post=40872"}],"curies":[{"name":"wp","href":"https:\/\/api.w.org\/{rel}","templated":true}]}}