{"id":41690,"date":"2025-11-30T19:06:39","date_gmt":"2025-11-30T17:06:39","guid":{"rendered":"https:\/\/hifimarket.ee\/product\/kraftwerk-autobahn-lp-blue-vinyl\/"},"modified":"2026-04-16T09:53:10","modified_gmt":"2026-04-16T07:53:10","slug":"kraftwerk-autobahn-lp-blue-vinyl","status":"publish","type":"product","link":"https:\/\/hifimarket.ee\/et\/toode\/kraftwerk-autobahn-lp-blue-vinyl\/","title":{"rendered":"Kraftwerk &#8211; Autobahn LP Blue Vinyl"},"content":{"rendered":"<p><strong>Autobahn<\/strong> is the <strong>fourth studio album<\/strong> by German electronic music band <strong>Kraftwerk<\/strong>, released in <strong>November 1974<\/strong> by <strong>Philips Records<\/strong>. The album marked several personnel changes in the band, which was initially a duo consisting of Florian Schneider and Ralf H\u00fctter; later, the group added Klaus R\u00f6der on guitar and flute, and Wolfgang Fl\u00fcr on percussion. The album also completed the group&#8217;s transition from the experimental krautrock style of their earlier work to an electronic pop sound consisting mostly of synthesizers and drum machines. Recording started at the group&#8217;s own Kling Klang facility, but was predominantly made at Conny Plank&#8217;s studio. Autobahn also includes lyrics and a new look for the group that was suggested by Emil Schult, an associate of Schneider and H\u00fctter.<\/p>\n<p>Most of the album is taken up by the 22-minute &#8220;Autobahn&#8221;, featuring lyrics by Schneider, H\u00fctter, and Schult. The song was inspired by the group&#8217;s joy of driving on Germany&#8217;s autobahns, and recorded music that reflected a trip emulating the sounds of a vehicle. The album&#8217;s release in West Germany saw little press attention. &#8220;Autobahn&#8221; was released as a single and received airplay at a Chicago radio station, leading it to spread across the United States. In 1975, the song became an international hit and Kraftwerk&#8217;s first release of their music in the US. &#8220;Autobahn&#8221;&#8216;s success led to the band touring the United States with new member Karl Bartos, who replaced R\u00f6der, followed by a tour of the United Kingdom.<\/p>\n<p>Initial reception to Autobahn was mixed; receiving negative reviews, from Rolling Stone and Village Voice, who felt the music was inferior to earlier music from Wendy Carlos and Mike Oldfield, and positive reviews that praised the title track as hypnotic and arresting for its imagery of driving on the autobahn. Critics from the Fort Worth Star-Telegram and Newsday included the album in their &#8220;Honorable Mentions&#8221; sections of their year-end lists. Retrospectively, the album has been unanimously praised; Simon Witter wrote in NME the album is of &#8220;enormous historical significance&#8221;[3] and Simon Reynolds said the album is where Kraftwerk&#8217;s music really starts to matter. Musicians of the 1970s and 1980s, including David Bowie, cited the album as a major influence.<\/p>\n<div class=\"pdp-attributes text-sm b5:mb-large\">\n<div class=\"inline-block w-full\">\n<div class=\"grid grid-cols-5 gap-small\">\n<div class=\"col-span-2 overflow-hidden text-support03\">Artist <strong>Kraftwerk<\/strong><\/div>\n<\/div>\n<\/div>\n<div class=\"inline-block w-full\">\n<div class=\"grid grid-cols-5 gap-small\">\n<div class=\"col-span-2 overflow-hidden text-support03\">Label <strong>Plg<\/strong><\/div>\n<\/div>\n<\/div>\n<div class=\"inline-block w-full\">\n<div class=\"grid grid-cols-5 gap-small\">\n<div class=\"col-span-2 overflow-hidden text-support03\">Release Date <strong><span class=\"\">09.10.2020<\/span><\/strong><\/div>\n<\/div>\n<\/div>\n<div class=\"inline-block w-full\">\n<div class=\"grid grid-cols-5 gap-small\">\n<div class=\"col-span-2 overflow-hidden text-support03\">Status Current<\/div>\n<\/div>\n<\/div>\n<div class=\"inline-block w-full\">\n<div class=\"grid grid-cols-5 gap-small\">\n<div class=\"col-span-3\">\n<div class=\"\">\n<div class=\"gap-2 flex items-center\">Article ID Z90914<\/div>\n<\/div>\n<\/div>\n<\/div>\n<\/div>\n<div class=\"inline-block w-full\">\n<div class=\"grid grid-cols-5 gap-small\">\n<div class=\"col-span-2 overflow-hidden text-support03\">EAN 0190295272432<\/div>\n<\/div>\n<\/div>\n<div class=\"inline-block w-full\">\n<div class=\"grid grid-cols-5 gap-small\">\n<div class=\"col-span-2 overflow-hidden text-support03\">Catalog no. 019029527243<\/div>\n<\/div>\n<\/div>\n<div class=\"inline-block w-full\">\n<div class=\"grid grid-cols-5 gap-small\">\n<div class=\"col-span-2 overflow-hidden text-support03\">upid 1450935<\/div>\n<\/div>\n<\/div>\n<\/div>\n<div class=\"pdp-attributes text-sm mb-large\">\n<div class=\"inline-block w-full\">\n<div class=\"grid grid-cols-5 gap-small\">\n<div class=\"col-span-2 overflow-hidden text-support03\">Colour Blue<\/div>\n<\/div>\n<\/div>\n<div class=\"inline-block w-full\">\n<div class=\"grid grid-cols-5 gap-small\">\n<div class=\"col-span-2 overflow-hidden text-support03\">Languages en<\/div>\n<\/div>\n<\/div>\n<div class=\"inline-block w-full\">\n<div class=\"grid grid-cols-5 gap-small\">\n<div class=\"col-span-2 overflow-hidden text-support03\">Height 6 mm<\/div>\n<\/div>\n<\/div>\n<div class=\"inline-block w-full\">\n<div class=\"grid grid-cols-5 gap-small\">\n<div class=\"col-span-2 overflow-hidden text-support03\">Width 315 mm<\/div>\n<\/div>\n<\/div>\n<div class=\"inline-block w-full\">\n<div class=\"grid grid-cols-5 gap-small\">\n<div class=\"col-span-2 overflow-hidden text-support03\">Weight 420 gr<\/div>\n<div><\/div>\n<\/div>\n<\/div>\n<\/div>\n<p><iframe loading=\"lazy\" title=\"TIDAL Embed Player\" src=\"https:\/\/embed.tidal.com\/albums\/3131343\" width=\"500\" height=\"275\" sandbox=\"allow-same-origin allow-scripts allow-forms allow-popups allow-popups-to-escape-sandbox\"><span data-mce-type=\"bookmark\" style=\"display: inline-block; width: 0px; overflow: hidden; line-height: 0;\" class=\"mce_SELRES_start\">\ufeff<\/span><\/iframe><\/p>\n","protected":false},"excerpt":{"rendered":"<p>Autobahn by Kraftwerk, released 9 October 2020, includes the following tracks: &#8220;Kometenmelodie 2&#8221;, &#8220;Morgenspaziergang&#8221; and more. This version of Autobahn comes as a 1xLP. The vinyl is pressed as a opaque, blue disc.<\/p>\n<div class=\"inline-block w-full\">\n<div class=\"grid grid-cols-5\">\n<div class=\"text-color03 col-span-2\">Format <strong>LP<\/strong><\/div>\n<\/div>\n<\/div>\n<div class=\"inline-block w-full\">\n<div class=\"grid grid-cols-5\">\n<div class=\"text-color03 col-span-2\">Pressing <strong>180 G<\/strong><\/div>\n<\/div>\n<\/div>\n<div class=\"inline-block w-full\">\n<div class=\"grid grid-cols-5\">\n<div class=\"text-color03 col-span-2\">Colour <strong>Blue<\/strong><\/div>\n<\/div>\n<\/div>\n<div class=\"inline-block w-full\">\n<div class=\"grid grid-cols-5\">\n<div class=\"text-color03 col-span-2\">Translucency <strong>Opaque<\/strong><\/div>\n<\/div>\n<\/div>\n<div class=\"inline-block w-full\">\n<div class=\"grid grid-cols-5\">\n<div class=\"text-color03 col-span-2\">Total Duration <strong>00:42:48<\/strong><\/div>\n<\/div>\n<\/div>\n","protected":false},"featured_media":41697,"template":"","meta":{"_acf_changed":false},"product_brand":[806],"product_cat":[344],"product_tag":[],"class_list":{"0":"post-41690","1":"product","2":"type-product","3":"status-publish","4":"has-post-thumbnail","6":"product_brand-parlophone","7":"product_cat-vinyl-records","9":"first","10":"instock","11":"taxable","12":"shipping-taxable","13":"purchasable","14":"product-type-simple"},"acf":[],"jetpack_sharing_enabled":true,"_links":{"self":[{"href":"https:\/\/hifimarket.ee\/et\/wp-json\/wp\/v2\/product\/41690","targetHints":{"allow":["GET"]}}],"collection":[{"href":"https:\/\/hifimarket.ee\/et\/wp-json\/wp\/v2\/product"}],"about":[{"href":"https:\/\/hifimarket.ee\/et\/wp-json\/wp\/v2\/types\/product"}],"version-history":[{"count":1,"href":"https:\/\/hifimarket.ee\/et\/wp-json\/wp\/v2\/product\/41690\/revisions"}],"predecessor-version":[{"id":41695,"href":"https:\/\/hifimarket.ee\/et\/wp-json\/wp\/v2\/product\/41690\/revisions\/41695"}],"wp:featuredmedia":[{"embeddable":true,"href":"https:\/\/hifimarket.ee\/et\/wp-json\/wp\/v2\/media\/41697"}],"wp:attachment":[{"href":"https:\/\/hifimarket.ee\/et\/wp-json\/wp\/v2\/media?parent=41690"}],"wp:term":[{"taxonomy":"product_brand","embeddable":true,"href":"https:\/\/hifimarket.ee\/et\/wp-json\/wp\/v2\/product_brand?post=41690"},{"taxonomy":"product_cat","embeddable":true,"href":"https:\/\/hifimarket.ee\/et\/wp-json\/wp\/v2\/product_cat?post=41690"},{"taxonomy":"product_tag","embeddable":true,"href":"https:\/\/hifimarket.ee\/et\/wp-json\/wp\/v2\/product_tag?post=41690"}],"curies":[{"name":"wp","href":"https:\/\/api.w.org\/{rel}","templated":true}]}}