{"id":42015,"date":"2025-12-01T17:05:42","date_gmt":"2025-12-01T15:05:42","guid":{"rendered":"https:\/\/hifimarket.ee\/product\/edna-vazquez-with-pink-martini-besame-mucho-ep-orange-vinyl\/"},"modified":"2026-04-16T09:25:50","modified_gmt":"2026-04-16T07:25:50","slug":"edna-vazquez-with-pink-martini-besame-mucho-ep-orange-vinyl","status":"publish","type":"product","link":"https:\/\/hifimarket.ee\/et\/toode\/edna-vazquez-with-pink-martini-besame-mucho-ep-orange-vinyl\/","title":{"rendered":"Edna Vazquez with Pink Martini &#8211; Besame Mucho EP Orange Vinyl"},"content":{"rendered":"<p>Edna Vazquez is a fearless singer, songwriter and guitarist whose haunting and powerful voice and musical talent transcend the boundaries of language to engage and uplift her audience. Born in Jalisco, Mexico, and now based in Portland, Oregon, Edna has been touring full time with the globe-trotting \u201clittle orchestra\u201d Pink Martini as a special guest singer for the last two years, her featured moments on stage inevitably bringing a roaring standing ovation at every tour stop. Now, to help give this incredible talent an even wider exposure, Pink Martini bandleader Thomas Lauderdale has produced a special five-song ep featuring Edna\u2019s soul-stirring singing accompanied by Pink Martini. Edna\u2019s original song \u201cSola Soy\u201d is the highlight of the album, alongside memorable classic repertoire in Spanish, such as the title track and \u201cQuiz\u00e1s, quiz\u00e1s, quiz\u00e1s.\u201d<\/p>\n<div class=\"pdp-attributes text-sm b5:mb-large\">\n<div class=\"inline-block w-full\">\n<div class=\"grid grid-cols-5 gap-small\">\n<div class=\"col-span-2 overflow-hidden text-support03\">Artist <strong>Edna Vazquez with Pink Martini<\/strong><\/div>\n<\/div>\n<\/div>\n<div class=\"inline-block w-full\">\n<div class=\"grid grid-cols-5 gap-small\">\n<div class=\"col-span-2 overflow-hidden text-support03\">Label <strong>Believe Records<\/strong><\/div>\n<\/div>\n<\/div>\n<div class=\"inline-block w-full\">\n<div class=\"grid grid-cols-5 gap-small\">\n<div class=\"col-span-2 overflow-hidden text-support03\">Release Date <strong><span class=\"\">22.05.2020<\/span><\/strong><\/div>\n<\/div>\n<\/div>\n<div class=\"inline-block w-full\">\n<div class=\"grid grid-cols-5 gap-small\">\n<div class=\"col-span-2 overflow-hidden text-support03\">Status Current<\/div>\n<\/div>\n<\/div>\n<div class=\"inline-block w-full\">\n<div class=\"grid grid-cols-5 gap-small\">\n<div class=\"col-span-3\">\n<div class=\"\">\n<div class=\"gap-2 flex items-center\">Article ID Z44632<\/div>\n<\/div>\n<\/div>\n<\/div>\n<\/div>\n<div class=\"inline-block w-full\">\n<div class=\"grid grid-cols-5 gap-small\">\n<div class=\"col-span-2 overflow-hidden text-support03\">EAN 3700187671976<\/div>\n<\/div>\n<\/div>\n<div class=\"inline-block w-full\">\n<div class=\"grid grid-cols-5 gap-small\">\n<div class=\"col-span-2 overflow-hidden text-support03\">Catalog no. 846K625682<\/div>\n<\/div>\n<\/div>\n<div class=\"inline-block w-full\">\n<div class=\"grid grid-cols-5 gap-small\">\n<div class=\"col-span-2 overflow-hidden text-support03\">upid 1434455<\/div>\n<\/div>\n<\/div>\n<\/div>\n<div class=\"pdp-attributes text-sm mb-large\">\n<div class=\"inline-block w-full\">\n<div class=\"grid grid-cols-5 gap-small\">\n<div class=\"col-span-2 overflow-hidden text-support03\">Languages es<\/div>\n<\/div>\n<\/div>\n<div class=\"inline-block w-full\">\n<div class=\"grid grid-cols-5 gap-small\">\n<div class=\"col-span-2 overflow-hidden text-support03\">Height 5 mm<\/div>\n<\/div>\n<\/div>\n<div class=\"inline-block w-full\">\n<div class=\"grid grid-cols-5 gap-small\">\n<div class=\"col-span-2 overflow-hidden text-support03\">Width 265 mm<\/div>\n<\/div>\n<\/div>\n<div class=\"inline-block w-full\">\n<div class=\"grid grid-cols-5 gap-small\">\n<div class=\"col-span-2 overflow-hidden text-support03\">Weight 162 gr<\/div>\n<\/div>\n<\/div>\n<\/div>\n<p><iframe loading=\"lazy\" title=\"TIDAL Embed Player\" src=\"https:\/\/embed.tidal.com\/albums\/129901772\" width=\"500\" height=\"275\" sandbox=\"allow-same-origin allow-scripts allow-forms allow-popups allow-popups-to-escape-sandbox\"><span data-mce-type=\"bookmark\" style=\"display: inline-block; width: 0px; overflow: hidden; line-height: 0;\" class=\"mce_SELRES_start\">\ufeff<\/span><\/iframe><\/p>\n","protected":false},"excerpt":{"rendered":"<p>Besame Mucho by Pink Martini, released 22 May 2020, includes the following tracks: &#8220;Lo Que Paso, Paso&#8221;, &#8220;Quizas, Quizas, Quizas&#8221; and more. This version of Besame Mucho comes as a 1&#215;12&#8243;. The vinyl is pressed as a opaque disc.<\/p>\n<div class=\"inline-block w-full\">\n<div class=\"grid grid-cols-5\">\n<div class=\"text-color03 col-span-2\">Format <strong>10&#8243; EP<\/strong><\/div>\n<\/div>\n<\/div>\n<div class=\"inline-block w-full\">\n<div class=\"grid grid-cols-5\">\n<div class=\"text-color03 col-span-2\">Translucency <strong>Opaque<\/strong><\/div>\n<div>Color<strong> Orange\u00a0<\/strong><\/div>\n<\/div>\n<\/div>\n","protected":false},"featured_media":42016,"template":"","meta":{"_acf_changed":false},"product_brand":[838],"product_cat":[344],"product_tag":[],"class_list":{"0":"post-42015","1":"product","2":"type-product","3":"status-publish","4":"has-post-thumbnail","6":"product_brand-believe-records","7":"product_cat-vinyl-records","9":"first","10":"instock","11":"taxable","12":"shipping-taxable","13":"purchasable","14":"product-type-simple"},"acf":[],"jetpack_sharing_enabled":true,"_links":{"self":[{"href":"https:\/\/hifimarket.ee\/et\/wp-json\/wp\/v2\/product\/42015","targetHints":{"allow":["GET"]}}],"collection":[{"href":"https:\/\/hifimarket.ee\/et\/wp-json\/wp\/v2\/product"}],"about":[{"href":"https:\/\/hifimarket.ee\/et\/wp-json\/wp\/v2\/types\/product"}],"version-history":[{"count":1,"href":"https:\/\/hifimarket.ee\/et\/wp-json\/wp\/v2\/product\/42015\/revisions"}],"predecessor-version":[{"id":59968,"href":"https:\/\/hifimarket.ee\/et\/wp-json\/wp\/v2\/product\/42015\/revisions\/59968"}],"wp:featuredmedia":[{"embeddable":true,"href":"https:\/\/hifimarket.ee\/et\/wp-json\/wp\/v2\/media\/42016"}],"wp:attachment":[{"href":"https:\/\/hifimarket.ee\/et\/wp-json\/wp\/v2\/media?parent=42015"}],"wp:term":[{"taxonomy":"product_brand","embeddable":true,"href":"https:\/\/hifimarket.ee\/et\/wp-json\/wp\/v2\/product_brand?post=42015"},{"taxonomy":"product_cat","embeddable":true,"href":"https:\/\/hifimarket.ee\/et\/wp-json\/wp\/v2\/product_cat?post=42015"},{"taxonomy":"product_tag","embeddable":true,"href":"https:\/\/hifimarket.ee\/et\/wp-json\/wp\/v2\/product_tag?post=42015"}],"curies":[{"name":"wp","href":"https:\/\/api.w.org\/{rel}","templated":true}]}}