{"id":42308,"date":"2025-12-15T15:52:30","date_gmt":"2025-12-15T13:52:30","guid":{"rendered":"https:\/\/hifimarket.ee\/product\/lyngdorf-tdai-2210-integrated-amplifier\/"},"modified":"2026-03-12T09:32:07","modified_gmt":"2026-03-12T07:32:07","slug":"lyngdorf-tdai-2210-integrated-amplifier","status":"publish","type":"product","link":"https:\/\/hifimarket.ee\/et\/toode\/lyngdorf-tdai-2210-integrated-amplifier\/","title":{"rendered":"Lyngdorf TDAI-2210 Integrated Amplifier"},"content":{"rendered":"<div id=\"wd-68ed5a7083745\" class=\"wd-text-block wd-wpb reset-last-child wd-rs-68ed5a7083745 text-left \">\n<h4>Color touchscreen with smooth glass surface<\/h4>\n<p>The touchscreen makes it easier than ever to control a <strong>Lyngdorf<\/strong> amplifier. With its icon-based interface and intuitive touch, tap, and slide functions, the screen guides first-time setup, helps to explore all features, allows customization, and makes music streaming more convenient. The<strong> Lyngdorf<\/strong> engineers took particular care to select the best screen: a silky-smooth real glass surface for the best fingertip feel, less visible fingerprints, and a vivid picture.  <\/p>\n<h4>Digital amplifier technology and best-in-class volume control<\/h4>\n<p><strong>TDAI<\/strong> stands for True Digital Amplifier Integrated. The amplification is 100% digital, with no analog conversion to degrade the sound right until the speaker outputs. The digital signal powers the speakers directly, while the volume wheel adjusts the gain in the output stage. This unique solution eliminates several analog components and signal paths, which are a source of noise, hiss, crosstalk, and distortion. This ensures the best sound quality at all volume levels and the most uncolored sound you have ever experienced.    <\/p>\n<h4>Better sound performance at home with RoomPerfect\u2122<\/h4>\n<p>RoomPerfect\u2122 is the most sophisticated solution for adapting loudspeakers to the room. The calibration addresses room acoustic issues like exaggerated bass, lack of bass, uneven bass, or diffuse imaging and sound staging. RoomPerfect\u2122 removes these issues in the digital domain and allows your speakers to perform at their best, without linearizing the sound. It is also very easy to use with the <strong>Lyngdorf<\/strong> app or directly on the <strong>TDAI-2210<\/strong> screen \u2013 no computer, software, or calibration knowledge required.   <\/p>\n<h4>Designed, assembled and 24h-tested at Lyngdorf Audio, Denmark<\/h4>\n<p>The <strong>TDAI-2210<\/strong> is assembled to the highest quality standards at <strong>Lyngdorf Audio<\/strong> in Denmark. Each unit must pass a 24-hour test with all inputs and outputs used, and both amp channels driven under load, measured to meet all specifications. This ensures the highest performance, quality, and reliability.  <\/p>\n<p><img loading=\"lazy\" decoding=\"async\" class=\"alignnone size-full wp-image-42297\" src=\"https:\/\/hifimarket.ee\/wp-content\/uploads\/2025\/12\/Lyngdorf-TDAI-2210-Integrated-Amplifier-desc.jpg\" alt=\"\" width=\"1290\" height=\"450\" srcset=\"https:\/\/hifimarket.ee\/wp-content\/uploads\/2025\/12\/Lyngdorf-TDAI-2210-Integrated-Amplifier-desc.jpg 1290w, https:\/\/hifimarket.ee\/wp-content\/uploads\/2025\/12\/Lyngdorf-TDAI-2210-Integrated-Amplifier-desc-400x140.jpg 400w, https:\/\/hifimarket.ee\/wp-content\/uploads\/2025\/12\/Lyngdorf-TDAI-2210-Integrated-Amplifier-desc-768x268.jpg 768w, https:\/\/hifimarket.ee\/wp-content\/uploads\/2025\/12\/Lyngdorf-TDAI-2210-Integrated-Amplifier-desc-430x150.jpg 430w, https:\/\/hifimarket.ee\/wp-content\/uploads\/2025\/12\/Lyngdorf-TDAI-2210-Integrated-Amplifier-desc-700x244.jpg 700w, https:\/\/hifimarket.ee\/wp-content\/uploads\/2025\/12\/Lyngdorf-TDAI-2210-Integrated-Amplifier-desc-150x52.jpg 150w\" sizes=\"auto, (max-width: 1290px) 100vw, 1290px\" \/><\/p>\n<p>&nbsp;<\/p>\n<\/div>\n","protected":false},"excerpt":{"rendered":"<p><strong>Lyngdorf TDAI-2210<\/strong> on integreeritud striimiv v\u00f5imendi, mis on loodud p\u00e4ris elutoa jaoks \u2014 selle suurim trump on <strong>RoomPerfect\u2122<\/strong> ruumikorrektsioon. See aitab saavutada puhta, fokusseeritud heli ka siis, kui paigutus ja ruum ei ole ideaalsed. <br \/><strong>TDAI-2210<\/strong> \u00fchendab endas v\u00f5imendi ja v\u00f5rgum\u00e4ngija ning pakub t\u00e4nap\u00e4evaseid \u00fchendusi, sh HDMI 2.1 eARC (teleri jaoks) ja USB-C. V\u00f5imsust on piisavalt ka n\u00f5udlikumatele k\u00f5laritele: 2\u00d7210 W (4 \u03a9) \/ 2\u00d7105 W (8 \u03a9). <\/p>\n<p>RoomPerfect\u2122 automaatne ruumikalibreerimine <br \/>Integreeritud striimer \/ v\u00f5rgum\u00e4ngija (all-in-one) <br \/>V\u00f5imsus: 2\u00d7210 W (4 \u03a9) \/ 2\u00d7105 W (8 \u03a9) <br \/>HDMI 2.1 eARC + USB-C digisisendid <br \/>XLR mikrofoni sisend RoomPerfect\u2122 m\u00f5\u00f5tmisteks <br \/>V\u00e4ljundid: RCA + balansseeritud XLR + 3.5 mm k\u00f5rvaklapiv\u00e4ljund <br \/>M\u00f5\u00f5dud: 325 \u00d7 102 \u00d7 300 mm, kaal ~4.8 kg  <\/p>\n","protected":false},"featured_media":42310,"template":"","meta":{"_acf_changed":false},"product_brand":[760],"product_cat":[314],"product_tag":[],"class_list":{"0":"post-42308","1":"product","2":"type-product","3":"status-publish","4":"has-post-thumbnail","6":"product_brand-lyngdorf","7":"product_cat-integrated-amplifiers","9":"first","10":"instock","11":"taxable","12":"shipping-taxable","13":"purchasable","14":"product-type-variable"},"acf":[],"jetpack_sharing_enabled":true,"_links":{"self":[{"href":"https:\/\/hifimarket.ee\/et\/wp-json\/wp\/v2\/product\/42308","targetHints":{"allow":["GET"]}}],"collection":[{"href":"https:\/\/hifimarket.ee\/et\/wp-json\/wp\/v2\/product"}],"about":[{"href":"https:\/\/hifimarket.ee\/et\/wp-json\/wp\/v2\/types\/product"}],"version-history":[{"count":2,"href":"https:\/\/hifimarket.ee\/et\/wp-json\/wp\/v2\/product\/42308\/revisions"}],"predecessor-version":[{"id":48517,"href":"https:\/\/hifimarket.ee\/et\/wp-json\/wp\/v2\/product\/42308\/revisions\/48517"}],"wp:featuredmedia":[{"embeddable":true,"href":"https:\/\/hifimarket.ee\/et\/wp-json\/wp\/v2\/media\/42310"}],"wp:attachment":[{"href":"https:\/\/hifimarket.ee\/et\/wp-json\/wp\/v2\/media?parent=42308"}],"wp:term":[{"taxonomy":"product_brand","embeddable":true,"href":"https:\/\/hifimarket.ee\/et\/wp-json\/wp\/v2\/product_brand?post=42308"},{"taxonomy":"product_cat","embeddable":true,"href":"https:\/\/hifimarket.ee\/et\/wp-json\/wp\/v2\/product_cat?post=42308"},{"taxonomy":"product_tag","embeddable":true,"href":"https:\/\/hifimarket.ee\/et\/wp-json\/wp\/v2\/product_tag?post=42308"}],"curies":[{"name":"wp","href":"https:\/\/api.w.org\/{rel}","templated":true}]}}