{"id":42619,"date":"2025-12-20T23:12:10","date_gmt":"2025-12-20T21:12:10","guid":{"rendered":"https:\/\/hifimarket.ee\/product\/jean-michel-jarre-the-concerts-in-china-2xlp\/"},"modified":"2026-04-16T09:15:02","modified_gmt":"2026-04-16T07:15:02","slug":"jean-michel-jarre-the-concerts-in-china-2xlp","status":"publish","type":"product","link":"https:\/\/hifimarket.ee\/et\/toode\/jean-michel-jarre-the-concerts-in-china-2xlp\/","title":{"rendered":"Jean-Michel Jarre &#8211; The Concerts In China 2xLP"},"content":{"rendered":"<p>Les Concerts en Chine (pronounced [le k\u0254\u0303s\u025b\u0281 \u0251\u0303 \u0283in], English title: <strong>The Concerts in China<\/strong>) is a live album by <strong>Jean-Michel Jarre<\/strong>, recorded in 1981 and released in 1982 on <strong>Disques Dreyfus<\/strong>. It was recorded during Jarre&#8217;s Concerts in China tour of Autumn 1981, which consisted of five Beijing and Shanghai concerts in China; this was the first time a Western pop artist performed in China after the Cultural Revolution.<\/p>\n<p>The album is a balance of previously released tracks by Jarre, new compositions inspired by Chinese culture, and one rearranged traditional Chinese track, &#8220;Fishing Junks at Sunset&#8221; (&#8220;Jonques de p\u00eacheurs au cr\u00e9puscule&#8221;).<\/p>\n<p>The album consists mainly of live material, plus ambient sound recordings and one new studio track &#8220;Souvenir of China&#8221;. Other new compositions recorded live include &#8220;Nuit \u00e0 Shanghai&#8221;, &#8220;Harpe Laser&#8221;, &#8220;Arp\u00e9giateur&#8221; and &#8220;Orient Express&#8221;. &#8220;Jonques de p\u00eacheurs au cr\u00e9puscule&#8221; (&#8220;Fishing Junks at Sunset&#8221;) is a new arrangement of a very old traditional Chinese song known as the &#8220;Fisherman&#8217;s Chant at Dusk&#8221;, which was performed and recorded with The Peking Conservatoire Symphony Orchestra and is often wrongly attributed as being composed by Jean-Michel Jarre, misled by the album inlay.<\/p>\n<p>Several of the tracks are misleadingly titled. The track labelled as &#8220;Magnetic Fields Part 1&#8221; is merely 30 seconds of table tennis sound effects and has no similarity with the studio track of the same name; in a 2018 interview with The Domino Elf, Jarre stated that he included the track as a joke. Meanwhile, &#8220;Band in the Rain&#8221; is actually part 8 of Equinoxe, &#8220;The Last Rhumba&#8221; is part 5 of Magnetic Fields, and &#8220;The Overture&#8221; is part 1 of Magnetic Fields slowed down.<\/p>\n<p>The album was originally released as a double-disc LP, then as a double-disc CD. There was also a CD release in two separate volumes, with the cover color changed to blue (Vol. 1) and yellow (Vol. 2). In 1997, a one-disc remastered CD was released, made possible by reducing the total running time to 78:17 by reducing the gaps and audience noise between tracks. The remastering was done by Scott Hull at Masterdisk to the 96 kHz, 24 bit standard.<\/p>\n<p>One of the album&#8217;s original tracks \u2013 &#8220;Arp\u00e9giateur&#8221; \u2013 was used in the soundtrack of the film 9\u00bd Weeks as well as in several mid-1980s episodes of the American soap opera Santa Barbara.<\/p>\n<p>The album reached No. 6 in the UK charts #1 in Portugal and #76 in Australia.<\/p>\n<div class=\"pdp-attributes text-sm b5:mb-large\">\n<div class=\"inline-block w-full\">\n<div class=\"grid grid-cols-5 gap-small\">\n<div class=\"col-span-2 overflow-hidden text-support03\">Artist <strong>Jean-Michel Jarre<\/strong><\/div>\n<\/div>\n<\/div>\n<div class=\"inline-block w-full\">\n<div class=\"grid grid-cols-5 gap-small\">\n<div class=\"col-span-2 overflow-hidden text-support03\">Label <strong>Sony Music Catalog<\/strong><\/div>\n<\/div>\n<\/div>\n<div class=\"inline-block w-full\">\n<div class=\"grid grid-cols-5 gap-small\">\n<div class=\"col-span-2 overflow-hidden text-support03\">Release Date <strong><span class=\"\">25.11.2022<\/span><\/strong><\/div>\n<\/div>\n<\/div>\n<div class=\"inline-block w-full\">\n<div class=\"grid grid-cols-5 gap-small\"><\/div>\n<\/div>\n<div class=\"inline-block w-full\">\n<div class=\"grid grid-cols-5 gap-small\">\n<div class=\"col-span-3\">\n<div class=\"\">\n<div class=\"gap-2 flex items-center\">Article ID 6D0866, 6D0875, 6D0879<\/div>\n<\/div>\n<\/div>\n<\/div>\n<\/div>\n<div class=\"inline-block w-full\">\n<div class=\"grid grid-cols-5 gap-small\">\n<div class=\"col-span-2 overflow-hidden text-support03\">EAN 0194399458112<\/div>\n<\/div>\n<\/div>\n<div class=\"inline-block w-full\">\n<div class=\"grid grid-cols-5 gap-small\">\n<div class=\"col-span-2 overflow-hidden text-support03\">Catalog no. 19439945811<\/div>\n<\/div>\n<\/div>\n<div class=\"inline-block w-full\">\n<div class=\"grid grid-cols-5 gap-small\">\n<div class=\"col-span-2 overflow-hidden text-support03\">upid 1147624<\/div>\n<\/div>\n<\/div>\n<\/div>\n<div class=\"pdp-attributes text-sm mb-large\">\n<div class=\"inline-block w-full\">\n<div class=\"grid grid-cols-5 gap-small\">\n<div class=\"col-span-2 overflow-hidden text-support03\">Packaging Gatefold Sleeve<\/div>\n<\/div>\n<\/div>\n<div class=\"inline-block w-full\">\n<div class=\"grid grid-cols-5 gap-small\">\n<div class=\"col-span-2 overflow-hidden text-support03\">Languages en<\/div>\n<\/div>\n<\/div>\n<div class=\"inline-block w-full\">\n<div class=\"grid grid-cols-5 gap-small\">\n<div class=\"col-span-2 overflow-hidden text-support03\">Height 7 mm<\/div>\n<\/div>\n<\/div>\n<div class=\"inline-block w-full\">\n<div class=\"grid grid-cols-5 gap-small\">\n<div class=\"col-span-2 overflow-hidden text-support03\">Width 313 mm<\/div>\n<\/div>\n<\/div>\n<div class=\"inline-block w-full\">\n<div class=\"grid grid-cols-5 gap-small\">\n<div class=\"col-span-2 overflow-hidden text-support03\">Weight 650 gr<\/div>\n<\/div>\n<\/div>\n<\/div>\n<p><iframe loading=\"lazy\" title=\"TIDAL Embed Player\" src=\"https:\/\/embed.tidal.com\/albums\/475933050\" width=\"500\" height=\"275\" sandbox=\"allow-same-origin allow-scripts allow-forms allow-popups allow-popups-to-escape-sandbox\"><span data-mce-type=\"bookmark\" style=\"display: inline-block; width: 0px; overflow: hidden; line-height: 0;\" class=\"mce_SELRES_start\">\ufeff<\/span><\/iframe><\/p>\n","protected":false},"excerpt":{"rendered":"<p>Originally released in 1982 as a record of the concert tour Jean-Michel undertook in 1981, this incredible 2CD \/ 2LP is a snapshot of an important moment in Chinese history. In 1981, the artist performed five spectacular concerts in Beijing and Shanghai in front of an estimated audience of 120,000. This was truly a milestone in Western music for the country and for Jean-Michel Jarre&#8217;s profile on the world stage.<\/p>\n<div class=\"inline-block w-full\">\n<div class=\"grid grid-cols-5\">\n<div class=\"text-color03 col-span-2\">Format <strong>2xLP\u00a0<\/strong><\/div>\n<\/div>\n<\/div>\n<div class=\"inline-block w-full\">\n<div class=\"grid grid-cols-5\">\n<div class=\"text-color03 col-span-2\">Translucency <strong>Opaque<\/strong><\/div>\n<\/div>\n<\/div>\n","protected":false},"featured_media":42621,"template":"","meta":{"_acf_changed":false},"product_brand":[836],"product_cat":[344],"product_tag":[],"class_list":{"0":"post-42619","1":"product","2":"type-product","3":"status-publish","4":"has-post-thumbnail","6":"product_brand-sony-music-cg","7":"product_cat-vinyl-records","9":"first","10":"instock","11":"taxable","12":"shipping-taxable","13":"purchasable","14":"product-type-simple"},"acf":[],"jetpack_sharing_enabled":true,"_links":{"self":[{"href":"https:\/\/hifimarket.ee\/et\/wp-json\/wp\/v2\/product\/42619","targetHints":{"allow":["GET"]}}],"collection":[{"href":"https:\/\/hifimarket.ee\/et\/wp-json\/wp\/v2\/product"}],"about":[{"href":"https:\/\/hifimarket.ee\/et\/wp-json\/wp\/v2\/types\/product"}],"version-history":[{"count":1,"href":"https:\/\/hifimarket.ee\/et\/wp-json\/wp\/v2\/product\/42619\/revisions"}],"predecessor-version":[{"id":59948,"href":"https:\/\/hifimarket.ee\/et\/wp-json\/wp\/v2\/product\/42619\/revisions\/59948"}],"wp:featuredmedia":[{"embeddable":true,"href":"https:\/\/hifimarket.ee\/et\/wp-json\/wp\/v2\/media\/42621"}],"wp:attachment":[{"href":"https:\/\/hifimarket.ee\/et\/wp-json\/wp\/v2\/media?parent=42619"}],"wp:term":[{"taxonomy":"product_brand","embeddable":true,"href":"https:\/\/hifimarket.ee\/et\/wp-json\/wp\/v2\/product_brand?post=42619"},{"taxonomy":"product_cat","embeddable":true,"href":"https:\/\/hifimarket.ee\/et\/wp-json\/wp\/v2\/product_cat?post=42619"},{"taxonomy":"product_tag","embeddable":true,"href":"https:\/\/hifimarket.ee\/et\/wp-json\/wp\/v2\/product_tag?post=42619"}],"curies":[{"name":"wp","href":"https:\/\/api.w.org\/{rel}","templated":true}]}}