{"id":43601,"date":"2025-12-27T12:21:10","date_gmt":"2025-12-27T10:21:10","guid":{"rendered":"https:\/\/hifimarket.ee\/product\/marantz-model-30-integrated-amplifier\/"},"modified":"2026-03-12T18:28:39","modified_gmt":"2026-03-12T16:28:39","slug":"marantz-model-30-integrated-amplifier","status":"publish","type":"product","link":"https:\/\/hifimarket.ee\/et\/toode\/marantz-model-30-integrated-amplifier\/","title":{"rendered":"Marantz Model 30 Integrated Amplifier"},"content":{"rendered":"<h4>Overview<\/h4>\n<p>Get the most musical sound possible from this Master-tuned integrated amplifier. Its custom-designed HDAM delivers exquisite detail and unforgettable musicality from any style of music. <strong>MODEL 30<\/strong> continues the renowned heritage of exquisite <strong>Marantz<\/strong> amplifiers. Tuned by the <strong>Marantz Sound Master<\/strong> who channeled his passion, experience, and extraordinary ear into the amplifier design. <strong>MODEL 30<\/strong> is built on its own discrete circuit board, the Hyper-Dynamic Amplifier Module, or HDAM. Envisioned to deliver optimal sound quality by simplifying the signal path \u2013 vital given the delicate nature of phono signals \u2013 the Phono EQ stage in <strong>MODEL 30<\/strong> can be used with both moving magnet and low-output moving coil cartridges, thanks to a built-in MC head amplifier. In order to optimize sound performance when using a moving coil (MC) or magnetic moving (MM) cartridge, and to accommodate all configurations as much as possible, <strong>MODEL 30<\/strong> is equipped with an input impedance selector. Like its counterpart, the <strong>SACD 30n<\/strong> Streaming CD Player, the <strong>MODEL 30<\/strong> Integrated Amplifier is designed to the highest standards. Founded in 1953, <strong>Marantz<\/strong> has a long and rich history of designing audio components embraced by music lovers and critical listeners around the world.      <\/p>\n<p><iframe loading=\"lazy\" title=\"Marantz - Introducing Model 30 and SACD 30n\" src=\"https:\/\/www.youtube.com\/embed\/3lvM6YTJlJ4\" width=\"1192\" height=\"671\" frameborder=\"0\" allowfullscreen=\"allowfullscreen\"><\/iframe><\/p>\n","protected":false},"excerpt":{"rendered":"<p><strong>Marantz Model 30<\/strong> on Premium-seeria integreeritud v\u00f5imendi neile, kes hindavad muusikalist esitust, \u00fchtlast tonaalsust ja \u201canaloogset\u201d tunnetust. See sobib h\u00e4sti nii kaasaegsesse stereosse (striimer\/DAC) kui ka klassikaliste allikatega s\u00fcsteemi (CD\/SACD, vin\u00fc\u00fcl l\u00e4bi phono-eelv\u00f5imendi).<br \/>Model 30 tugevus on mugav, rikkalik ja pika kuulamise jaoks sobiv heli, s\u00e4ilitades samas kontrolli ja d\u00fcnaamika. Hea k\u00f5lari ja allikaga kasvab see v\u00f5imendi s\u00fcsteemiga kaasa.<\/p>\n<p>Marantz Premium-seeria integreeritud v\u00f5imendi<br \/>Muusikaline ja mugav esitlus, v\u00e4ga ilus keskosa (Marantzi k\u00e4ekiri)<br \/>Kindel kontroll ja d\u00fcnaamika nii riiuli- kui p\u00f5randak\u00f5laritega<br \/>Sobib h\u00e4sti vin\u00fc\u00fcli (v\u00e4lise phono-eelv\u00f5imendi kaudu) ja digiallikatega (v\u00e4lise DAC\/striimeriga)<br \/>Hea \u201cpikaajaline\u201d s\u00fcsteemi alus: reageerib k\u00f5larite ja allika upgrade\u2019idele<br \/>Universaalne \u017eanridele: vokaal, jazz, akustika, rock \u2014 ilma v\u00e4simuseta   <\/p>\n","protected":false},"featured_media":43603,"template":"","meta":{"_acf_changed":false},"product_brand":[762],"product_cat":[314],"product_tag":[],"class_list":{"0":"post-43601","1":"product","2":"type-product","3":"status-publish","4":"has-post-thumbnail","6":"product_brand-marantz","7":"product_cat-integrated-amplifiers","9":"first","10":"instock","11":"taxable","12":"shipping-taxable","13":"purchasable","14":"product-type-variable"},"acf":[],"jetpack_sharing_enabled":true,"_links":{"self":[{"href":"https:\/\/hifimarket.ee\/et\/wp-json\/wp\/v2\/product\/43601","targetHints":{"allow":["GET"]}}],"collection":[{"href":"https:\/\/hifimarket.ee\/et\/wp-json\/wp\/v2\/product"}],"about":[{"href":"https:\/\/hifimarket.ee\/et\/wp-json\/wp\/v2\/types\/product"}],"version-history":[{"count":1,"href":"https:\/\/hifimarket.ee\/et\/wp-json\/wp\/v2\/product\/43601\/revisions"}],"predecessor-version":[{"id":56273,"href":"https:\/\/hifimarket.ee\/et\/wp-json\/wp\/v2\/product\/43601\/revisions\/56273"}],"wp:featuredmedia":[{"embeddable":true,"href":"https:\/\/hifimarket.ee\/et\/wp-json\/wp\/v2\/media\/43603"}],"wp:attachment":[{"href":"https:\/\/hifimarket.ee\/et\/wp-json\/wp\/v2\/media?parent=43601"}],"wp:term":[{"taxonomy":"product_brand","embeddable":true,"href":"https:\/\/hifimarket.ee\/et\/wp-json\/wp\/v2\/product_brand?post=43601"},{"taxonomy":"product_cat","embeddable":true,"href":"https:\/\/hifimarket.ee\/et\/wp-json\/wp\/v2\/product_cat?post=43601"},{"taxonomy":"product_tag","embeddable":true,"href":"https:\/\/hifimarket.ee\/et\/wp-json\/wp\/v2\/product_tag?post=43601"}],"curies":[{"name":"wp","href":"https:\/\/api.w.org\/{rel}","templated":true}]}}