{"id":48393,"date":"2026-03-04T17:29:44","date_gmt":"2026-03-04T15:29:44","guid":{"rendered":"https:\/\/hifimarket.ee\/product\/bowers-wilkins-702-s3-floorstanding-speaker\/"},"modified":"2026-03-12T18:24:03","modified_gmt":"2026-03-12T16:24:03","slug":"bowers-wilkins-702-s3-floorstanding-speaker","status":"publish","type":"product","link":"https:\/\/hifimarket.ee\/et\/toode\/bowers-wilkins-702-s3-floorstanding-speaker\/","title":{"rendered":"Bowers &amp; Wilkins 702 S3 Floorstanding Speaker"},"content":{"rendered":"<div id=\"wd-63ce92f3718e9\" class=\"wd-text-block wd-wpb reset-last-child wd-rs-63ce92f3718e9 text-left \">\n<h4>Overview<\/h4>\n<p>The <strong>700 Series<\/strong> features the latest generation of our iconic Solid Body Tweeter-on-Top housing. Its new, more elongated form incorporates a longer tube-loading system to produce an even more free and open sound with high frequencies. The carefully decoupled housing is milled from a single solid block of aluminum to better resist resonance.  <\/p>\n<p>Carbon Dome tweeters are purpose-built for the <strong>700 Series<\/strong>. Delivering a dramatic improvement on the aluminum double dome tweeter, they raise the breakup threshold to 47kHz, for pinpoint imaging accuracy and detail. <\/p>\n<p>Thanks to its composite construction, the Continuum\u2122 cone avoids the abrupt transitions in behavior that can impair the performance of a conventional drive unit. The result is a more open, neutral performance that delivers voices and instruments with precision and transparency. <\/p>\n<p>Every three-way loudspeaker in the new <strong>700 Series<\/strong> has a dedicated midrange cone using four key <strong>Bowers &amp; Wilkins<\/strong> technologies: the Continuum cone, FST\u2122, Biomimetic Suspension and midrange decoupling, the latter ensuring minimal interference from the operation of the loudspeaker\u2019s bass drivers.<\/p>\n<p>Developed using advanced computer modelling techniques, the Aerofoil\u2122 Profile bass cone has variable thickness, providing stiffness and rigidity where it\u2019s needed most. The result: deep and dynamic bass. <\/p>\n<\/div>\n<p><img loading=\"lazy\" decoding=\"async\" class=\"alignnone size-full wp-image-48379\" src=\"https:\/\/hifimarket.ee\/wp-content\/uploads\/2026\/03\/Bowers-Wilkins-702-S3-Floorstanding-Speaker-desc.jpg\" alt=\"\" width=\"1290\" height=\"450\" srcset=\"https:\/\/hifimarket.ee\/wp-content\/uploads\/2026\/03\/Bowers-Wilkins-702-S3-Floorstanding-Speaker-desc.jpg 1290w, https:\/\/hifimarket.ee\/wp-content\/uploads\/2026\/03\/Bowers-Wilkins-702-S3-Floorstanding-Speaker-desc-400x140.jpg 400w, https:\/\/hifimarket.ee\/wp-content\/uploads\/2026\/03\/Bowers-Wilkins-702-S3-Floorstanding-Speaker-desc-768x268.jpg 768w, https:\/\/hifimarket.ee\/wp-content\/uploads\/2026\/03\/Bowers-Wilkins-702-S3-Floorstanding-Speaker-desc-430x150.jpg 430w, https:\/\/hifimarket.ee\/wp-content\/uploads\/2026\/03\/Bowers-Wilkins-702-S3-Floorstanding-Speaker-desc-700x244.jpg 700w, https:\/\/hifimarket.ee\/wp-content\/uploads\/2026\/03\/Bowers-Wilkins-702-S3-Floorstanding-Speaker-desc-150x52.jpg 150w\" sizes=\"auto, (max-width: 1290px) 100vw, 1290px\" \/><\/p>\n","protected":false},"excerpt":{"rendered":"<p><strong>Bowers &amp; Wilkins 702 S3 <\/strong>on 700-seeria lipulaev p\u00f5randak\u00f5lar, mis on m\u00f5eldud t\u00f5siseks stereoks: suur helipilt, t\u00e4pne lava ja v\u00f5ime m\u00e4ngida nii v\u00f5imsalt kui ka v\u00e4ga detailselt. \u00d5ige v\u00f5imenduse ja paigutusega saad kindla bassi, puhta keskosa ja detailse k\u00f5rgsageduse.<br \/><strong>702 S3 <\/strong>sobib neile, kes tahavad \u201ct\u00e4iskasvanud\u201d p\u00f5randak\u00f5lareid ilma 800-seeria hinnaklassi h\u00fcppamata. Need k\u00f5larid kasvavad koos s\u00fcsteemiga \u2014 allika ja v\u00f5imenduse parandused on selgelt kuulda.<\/p>\n<p>700-seeria lipulaev: suur d\u00fcnaamika ja k\u00f5rge detailsus<br \/>T\u00e4pne ruumiline pilt ja hea instrumentide paiknemine laval<br \/>Kindel bass ja kontroll ka k\u00f5rgemal helitugevusel<br \/>Detailne, kuid \u00f5igesti sobitatuna mugav k\u00f5rgsagedus<br \/>Vajab head v\u00f5imendust: tugev integreeritud v\u00f5imendi v\u00f5i eel+v\u00f5imendi kombinatsioon<br \/>V\u00e4ga hea \u201cpikaajaline\u201d valik: reageerib selgelt allika\/v\u00f5imenduse upgrade\u2019idele  <\/p>\n","protected":false},"featured_media":48395,"template":"","meta":{"_acf_changed":false},"product_brand":[738],"product_cat":[333],"product_tag":[],"class_list":{"0":"post-48393","1":"product","2":"type-product","3":"status-publish","4":"has-post-thumbnail","6":"product_brand-bowers-wilkins","7":"product_cat-floorstanding-speakers","9":"first","10":"instock","11":"taxable","12":"shipping-taxable","13":"purchasable","14":"product-type-variable"},"acf":[],"jetpack_sharing_enabled":true,"_links":{"self":[{"href":"https:\/\/hifimarket.ee\/et\/wp-json\/wp\/v2\/product\/48393","targetHints":{"allow":["GET"]}}],"collection":[{"href":"https:\/\/hifimarket.ee\/et\/wp-json\/wp\/v2\/product"}],"about":[{"href":"https:\/\/hifimarket.ee\/et\/wp-json\/wp\/v2\/types\/product"}],"version-history":[{"count":2,"href":"https:\/\/hifimarket.ee\/et\/wp-json\/wp\/v2\/product\/48393\/revisions"}],"predecessor-version":[{"id":56271,"href":"https:\/\/hifimarket.ee\/et\/wp-json\/wp\/v2\/product\/48393\/revisions\/56271"}],"wp:featuredmedia":[{"embeddable":true,"href":"https:\/\/hifimarket.ee\/et\/wp-json\/wp\/v2\/media\/48395"}],"wp:attachment":[{"href":"https:\/\/hifimarket.ee\/et\/wp-json\/wp\/v2\/media?parent=48393"}],"wp:term":[{"taxonomy":"product_brand","embeddable":true,"href":"https:\/\/hifimarket.ee\/et\/wp-json\/wp\/v2\/product_brand?post=48393"},{"taxonomy":"product_cat","embeddable":true,"href":"https:\/\/hifimarket.ee\/et\/wp-json\/wp\/v2\/product_cat?post=48393"},{"taxonomy":"product_tag","embeddable":true,"href":"https:\/\/hifimarket.ee\/et\/wp-json\/wp\/v2\/product_tag?post=48393"}],"curies":[{"name":"wp","href":"https:\/\/api.w.org\/{rel}","templated":true}]}}