{"id":42269,"date":"2025-12-08T17:59:33","date_gmt":"2025-12-08T15:59:33","guid":{"rendered":"https:\/\/hifimarket.ee\/product\/buena-vista-social-club-lost-and-found-lp\/"},"modified":"2026-04-16T09:21:17","modified_gmt":"2026-04-16T07:21:17","slug":"buena-vista-social-club-lost-and-found-lp","status":"publish","type":"product","link":"https:\/\/hifimarket.ee\/ru\/product\/buena-vista-social-club-lost-and-found-lp\/","title":{"rendered":"Buena Vista Social Club &#8212; Lost And Found LP"},"content":{"rendered":"<p><strong>Lost and Found<\/strong> is a compilation album, and the third under the <strong>Buena Vista Social Club<\/strong> name, released on <strong>March 25, 2015<\/strong> on <strong>World Circuit Records<\/strong> and Nonesuch Records. It is a mixture of leftover tracks from the Egrem studio sessions, and from a string of dates through the late 1990s and early 2000s, and live performances from the band in the years that followed.<\/p>\n<p>Background<br \/>\nFollowing its release, the original Buena Vista Social Club album was an international best seller, and the most successful album in the history of Cuban music. The band was also profiled in the film of the same name, directed by Wim Wenders, in which the Cuban musicians travelled to Amsterdam and New York City as a full line-up, the latter performance was recorded in 1998 and released as a live album in 2008. This newfound attention allowed solo albums to be recorded by Ibrahim Ferrer, Eliades Ochoa, Manuel &#171;Guajiro&#187; Mirabal, Jes\u00fas &#171;Aguaje&#187; Ramos, Omara Portuondo, Rub\u00e9n Gonz\u00e1lez and Cacha\u00edto L\u00f3pez. Orquesta Buena Vista Social Club, a core band featuring several of the original musicians, continued to sell out shows worldwide and embarked on a farewell &#171;Adios&#187; tour in 2015.<\/p>\n<p>When asked about a possible album of leftover tracks from the Egrem studio sessions, producer Nick Gold said:<\/p>\n<p>Over the years we were often asked what unreleased material was left in the vaults. We knew of some gems, favourites amongst the musicians, but we were always too busy working on the next project to go back and see what else we had. When we eventually found the time, we were astonished at how much wonderful music there was.<\/p>\n<div class=\"pdp-attributes text-sm b5:mb-large\">\n<div class=\"inline-block w-full\">\n<div class=\"grid grid-cols-5 gap-small\">\n<div class=\"col-span-2 overflow-hidden text-support03\">Artist <strong>Buena Vista Social Club<\/strong><\/div>\n<\/div>\n<\/div>\n<div class=\"inline-block w-full\">\n<div class=\"grid grid-cols-5 gap-small\">\n<div class=\"col-span-2 overflow-hidden text-support03\">Label <strong>BMG<\/strong><\/div>\n<\/div>\n<\/div>\n<div class=\"inline-block w-full\">\n<div class=\"grid grid-cols-5 gap-small\">\n<div class=\"col-span-2 overflow-hidden text-support03\">Release Date <strong><span class=\"\">23.03.2015<\/span><\/strong><\/div>\n<\/div>\n<\/div>\n<div class=\"inline-block w-full\">\n<div class=\"grid grid-cols-5 gap-small\">\n<div class=\"col-span-2 overflow-hidden text-support03\">Status Current<\/div>\n<\/div>\n<\/div>\n<div class=\"inline-block w-full\">\n<div class=\"grid grid-cols-5 gap-small\">\n<div class=\"col-span-3\">\n<div class=\"\">\n<div class=\"gap-2 flex items-center\">Article ID 3F8352<\/div>\n<\/div>\n<\/div>\n<\/div>\n<\/div>\n<div class=\"inline-block w-full\">\n<div class=\"grid grid-cols-5 gap-small\">\n<div class=\"col-span-2 overflow-hidden text-support03\">EAN 0075597951806<\/div>\n<\/div>\n<\/div>\n<div class=\"inline-block w-full\">\n<div class=\"grid grid-cols-5 gap-small\">\n<div class=\"col-span-2 overflow-hidden text-support03\">Catalog no. WCV090<\/div>\n<\/div>\n<\/div>\n<div class=\"inline-block w-full\">\n<div class=\"grid grid-cols-5 gap-small\">\n<div class=\"col-span-2 overflow-hidden text-support03\">upid 1407225<\/div>\n<\/div>\n<\/div>\n<\/div>\n<div class=\"pdp-attributes text-sm mb-large\">\n<div class=\"inline-block w-full\">\n<div class=\"grid grid-cols-5 gap-small\">\n<div class=\"col-span-2 overflow-hidden text-support03\">Languages es<\/div>\n<\/div>\n<\/div>\n<div class=\"inline-block w-full\">\n<div class=\"grid grid-cols-5 gap-small\">\n<div class=\"col-span-2 overflow-hidden text-support03\">Height 8 mm<\/div>\n<\/div>\n<\/div>\n<div class=\"inline-block w-full\">\n<div class=\"grid grid-cols-5 gap-small\">\n<div class=\"col-span-2 overflow-hidden text-support03\">Width 320 mm<\/div>\n<\/div>\n<\/div>\n<div class=\"inline-block w-full\">\n<div class=\"grid grid-cols-5 gap-small\">\n<div class=\"col-span-2 overflow-hidden text-support03\">Weight 290 gr<\/div>\n<div><\/div>\n<\/div>\n<\/div>\n<\/div>\n<p><iframe loading=\"lazy\" title=\"TIDAL Embed Player\" src=\"https:\/\/embed.tidal.com\/albums\/111177503\" width=\"500\" height=\"275\" sandbox=\"allow-same-origin allow-scripts allow-forms allow-popups allow-popups-to-escape-sandbox\"><span data-mce-type=\"bookmark\" style=\"display: inline-block; width: 0px; overflow: hidden; line-height: 0;\" class=\"mce_SELRES_start\">\ufeff<\/span><\/iframe><\/p>\n","protected":false},"excerpt":{"rendered":"<p>Lost And Found by Buena Vista Social Club, released 23 March 2015, includes the following tracks: &#171;Tiene Sabor&#187;, &#171;Habanera&#187;, &#171;Como Fue&#187;, &#171;Qui\u00e9reme Mucho&#187; and more. This version of Lost And Found comes as a 1xLP. The vinyl is pressed as a opaque disc.<\/p>\n<div class=\"inline-block w-full\">\n<div class=\"grid grid-cols-5\">\n<div class=\"text-color03 col-span-2\">Format <strong>LP<\/strong><\/div>\n<div>Pressing <strong>180g<\/strong><\/div>\n<\/div>\n<\/div>\n<div class=\"inline-block w-full\">\n<div class=\"grid grid-cols-5\">\n<div class=\"text-color03 col-span-2\">Translucency <strong>Opaque<\/strong><\/div>\n<\/div>\n<\/div>\n","protected":false},"featured_media":42270,"template":"","meta":{"_acf_changed":false},"product_brand":[825],"product_cat":[345],"product_tag":[],"class_list":{"0":"post-42269","1":"product","2":"type-product","3":"status-publish","4":"has-post-thumbnail","6":"product_brand-bmg","7":"product_cat-vinyl-records","9":"first","10":"instock","11":"taxable","12":"shipping-taxable","13":"purchasable","14":"product-type-simple"},"acf":[],"jetpack_sharing_enabled":true,"_links":{"self":[{"href":"https:\/\/hifimarket.ee\/ru\/wp-json\/wp\/v2\/product\/42269","targetHints":{"allow":["GET"]}}],"collection":[{"href":"https:\/\/hifimarket.ee\/ru\/wp-json\/wp\/v2\/product"}],"about":[{"href":"https:\/\/hifimarket.ee\/ru\/wp-json\/wp\/v2\/types\/product"}],"version-history":[{"count":2,"href":"https:\/\/hifimarket.ee\/ru\/wp-json\/wp\/v2\/product\/42269\/revisions"}],"predecessor-version":[{"id":42274,"href":"https:\/\/hifimarket.ee\/ru\/wp-json\/wp\/v2\/product\/42269\/revisions\/42274"}],"wp:featuredmedia":[{"embeddable":true,"href":"https:\/\/hifimarket.ee\/ru\/wp-json\/wp\/v2\/media\/42270"}],"wp:attachment":[{"href":"https:\/\/hifimarket.ee\/ru\/wp-json\/wp\/v2\/media?parent=42269"}],"wp:term":[{"taxonomy":"product_brand","embeddable":true,"href":"https:\/\/hifimarket.ee\/ru\/wp-json\/wp\/v2\/product_brand?post=42269"},{"taxonomy":"product_cat","embeddable":true,"href":"https:\/\/hifimarket.ee\/ru\/wp-json\/wp\/v2\/product_cat?post=42269"},{"taxonomy":"product_tag","embeddable":true,"href":"https:\/\/hifimarket.ee\/ru\/wp-json\/wp\/v2\/product_tag?post=42269"}],"curies":[{"name":"wp","href":"https:\/\/api.w.org\/{rel}","templated":true}]}}