{"id":42633,"date":"2025-12-20T23:51:10","date_gmt":"2025-12-20T21:51:10","guid":{"rendered":"https:\/\/hifimarket.ee\/product\/jean-michel-jarre-oxygene-lp\/"},"modified":"2026-04-16T09:12:03","modified_gmt":"2026-04-16T07:12:03","slug":"jean-michel-jarre-oxygene-lp","status":"publish","type":"product","link":"https:\/\/hifimarket.ee\/ru\/product\/jean-michel-jarre-oxygene-lp\/","title":{"rendered":"Jean-Michel Jarre &#8212; Oxygene LP"},"content":{"rendered":"<p><strong>Oxyg\u00e8ne<\/strong> (French pronunciation: [\u0254ksi\u02c8\u0292\u025bn], English: Oxygen) is <strong>the third studio album<\/strong> by French electronic musician and composer <strong>Jean-Michel Jarre<\/strong>. It was first released in France in <strong>December 1976<\/strong> by Disques Motors, and distributed internationally in 1977 by <strong>Polydor Records<\/strong>. Jarre recorded the album in a makeshift studio that he set up in his apartment in Paris, using a variety of analog and digital synthesizers, and other electronic instruments and effects.<\/p>\n<p>French sound engineer Michel Geiss helped Jarre in the purchase, recording and programming of some instruments used on the album. Jarre&#8217;s musical style was influenced by musique concr\u00e8te, developed by Pierre Schaeffer. The album was supported by two singles, &#171;Oxyg\u00e8ne (Part II)&#187; and &#171;Oxyg\u00e8ne (Part IV)&#187;. Following the international success of the latter, the album became Jarre&#8217;s breakthrough, reaching number one on the French Albums Charts. It was inspired by the track &#171;Popcorn&#187; by German-American electronic composer Gershon Kingsley.<\/p>\n<p>Oxyg\u00e8ne has been described as the album that &#171;led the synthesizer revolution of the Seventies&#187; and &#171;an infectious combination of bouncy, bubbling analog sequences and memorable hook lines&#187;. The album influenced later artists such as Moby and Brian Canham of Pseudo Echo. In 1978, it would be followed by Equinoxe and in 1979, Jarre held an open-air concert at the Place de la Concorde, causing the sales of both albums to increase, reaching worldwide figures of 15 million copies. As of 2016 it had sold an estimated 18 million copies and is one of the best-selling French, electronic and instrumental albums in history.<\/p>\n<div class=\"pdp-attributes text-sm b5:mb-large\">\n<div class=\"inline-block w-full\">\n<div class=\"grid grid-cols-5 gap-small\">\n<div class=\"col-span-2 overflow-hidden text-support03\">Artist <strong>Jean-Michel Jarre<\/strong><\/div>\n<\/div>\n<\/div>\n<div class=\"inline-block w-full\">\n<div class=\"grid grid-cols-5 gap-small\">\n<div class=\"col-span-2 overflow-hidden text-support03\">Label <strong>BMG<\/strong><\/div>\n<\/div>\n<\/div>\n<div class=\"inline-block w-full\">\n<div class=\"grid grid-cols-5 gap-small\">\n<div class=\"col-span-2 overflow-hidden text-support03\">Release Date <strong><span class=\"\">13.12.2024<\/span><\/strong><\/div>\n<\/div>\n<\/div>\n<div class=\"inline-block w-full\">\n<div class=\"grid grid-cols-5 gap-small\"><\/div>\n<\/div>\n<div class=\"inline-block w-full\">\n<div class=\"grid grid-cols-5 gap-small\">\n<div class=\"col-span-3\">\n<div class=\"\">\n<div class=\"gap-2 flex items-center\">Article ID 4F9953<\/div>\n<\/div>\n<\/div>\n<\/div>\n<\/div>\n<div class=\"inline-block w-full\">\n<div class=\"grid grid-cols-5 gap-small\">\n<div class=\"col-span-2 overflow-hidden text-support03\">EAN 4099964139211<\/div>\n<\/div>\n<\/div>\n<div class=\"inline-block w-full\">\n<div class=\"grid grid-cols-5 gap-small\">\n<div class=\"col-span-2 overflow-hidden text-support03\">Catalog no. 409996413921<\/div>\n<\/div>\n<\/div>\n<div class=\"inline-block w-full\">\n<div class=\"grid grid-cols-5 gap-small\">\n<div class=\"col-span-2 overflow-hidden text-support03\">upid A00058406<\/div>\n<\/div>\n<\/div>\n<\/div>\n<div class=\"pdp-attributes text-sm mb-large\">\n<div class=\"inline-block w-full\">\n<div class=\"grid grid-cols-5 gap-small\">\n<div class=\"col-span-2 overflow-hidden text-support03\">Edition Reissue<\/div>\n<\/div>\n<\/div>\n<div class=\"inline-block w-full\">\n<div class=\"grid grid-cols-5 gap-small\">\n<div class=\"col-span-2 overflow-hidden text-support03\">Languages fr<\/div>\n<\/div>\n<\/div>\n<div class=\"inline-block w-full\">\n<div class=\"grid grid-cols-5 gap-small\">\n<div class=\"col-span-2 overflow-hidden text-support03\">Height 8 mm<\/div>\n<\/div>\n<\/div>\n<div class=\"inline-block w-full\">\n<div class=\"grid grid-cols-5 gap-small\">\n<div class=\"col-span-2 overflow-hidden text-support03\">Width 320 mm<\/div>\n<\/div>\n<\/div>\n<div class=\"inline-block w-full\">\n<div class=\"grid grid-cols-5 gap-small\">\n<div class=\"col-span-2 overflow-hidden text-support03\">Weight 254 gr<\/div>\n<\/div>\n<\/div>\n<\/div>\n<p><iframe loading=\"lazy\" title=\"TIDAL Embed Player\" src=\"https:\/\/embed.tidal.com\/albums\/335743704\" width=\"500\" height=\"275\" sandbox=\"allow-same-origin allow-scripts allow-forms allow-popups allow-popups-to-escape-sandbox\"><\/iframe><\/p>\n","protected":false},"excerpt":{"rendered":"<p>Oxygene by Jean-Michel Jarre, released 13 December 2024. This version of Oxygene comes as a 1xLP.<\/p>\n<p>&nbsp;<\/p>\n","protected":false},"featured_media":42634,"template":"","meta":{"_acf_changed":false},"product_brand":[825],"product_cat":[345],"product_tag":[],"class_list":{"0":"post-42633","1":"product","2":"type-product","3":"status-publish","4":"has-post-thumbnail","6":"product_brand-bmg","7":"product_cat-vinyl-records","9":"first","10":"instock","11":"taxable","12":"shipping-taxable","13":"purchasable","14":"product-type-simple"},"acf":[],"jetpack_sharing_enabled":true,"_links":{"self":[{"href":"https:\/\/hifimarket.ee\/ru\/wp-json\/wp\/v2\/product\/42633","targetHints":{"allow":["GET"]}}],"collection":[{"href":"https:\/\/hifimarket.ee\/ru\/wp-json\/wp\/v2\/product"}],"about":[{"href":"https:\/\/hifimarket.ee\/ru\/wp-json\/wp\/v2\/types\/product"}],"version-history":[{"count":1,"href":"https:\/\/hifimarket.ee\/ru\/wp-json\/wp\/v2\/product\/42633\/revisions"}],"predecessor-version":[{"id":42636,"href":"https:\/\/hifimarket.ee\/ru\/wp-json\/wp\/v2\/product\/42633\/revisions\/42636"}],"wp:featuredmedia":[{"embeddable":true,"href":"https:\/\/hifimarket.ee\/ru\/wp-json\/wp\/v2\/media\/42634"}],"wp:attachment":[{"href":"https:\/\/hifimarket.ee\/ru\/wp-json\/wp\/v2\/media?parent=42633"}],"wp:term":[{"taxonomy":"product_brand","embeddable":true,"href":"https:\/\/hifimarket.ee\/ru\/wp-json\/wp\/v2\/product_brand?post=42633"},{"taxonomy":"product_cat","embeddable":true,"href":"https:\/\/hifimarket.ee\/ru\/wp-json\/wp\/v2\/product_cat?post=42633"},{"taxonomy":"product_tag","embeddable":true,"href":"https:\/\/hifimarket.ee\/ru\/wp-json\/wp\/v2\/product_tag?post=42633"}],"curies":[{"name":"wp","href":"https:\/\/api.w.org\/{rel}","templated":true}]}}