{"id":46695,"date":"2026-01-16T18:56:09","date_gmt":"2026-01-16T16:56:09","guid":{"rendered":"https:\/\/hifimarket.ee\/product\/mcintosh-mc275-mk-ii-vacuum-tube-power-amplifier\/"},"modified":"2026-03-12T17:58:42","modified_gmt":"2026-03-12T15:58:42","slug":"mcintosh-mc275-mk-ii-vacuum-tube-power-amplifier","status":"publish","type":"product","link":"https:\/\/hifimarket.ee\/ru\/product\/mcintosh-mc275-mk-ii-vacuum-tube-power-amplifier\/","title":{"rendered":"McIntosh MC275 Mk II Vacuum Tube Power Amplifier"},"content":{"rendered":"<div id=\"wd-6518663f54103\" class=\"wd-text-block wd-wpb reset-last-child wd-rs-6518663f54103 text-left \">\n<p>It came back into production as a special commemoration edition in 1993 to posthumously honor <strong>McIntosh<\/strong> co-founder and longtime president Gordon Gow. The reincarnated <strong>MC275<\/strong> received incredibly high acclaim and earned its spot back in the product lineup. The overall storyline behind the <strong>MC275<\/strong> and its history with <strong>McIntosh<\/strong> is exceptionally rich and it has been the driving force behind countless home audio systems for decades. It is hard to imagine <strong>McIntosh<\/strong> without the <strong>MC275<\/strong>.   <\/p>\n<p>Now in its sixth generation, the <strong>MC275<\/strong> has many subtle enhancements from the previous releases that have greatly improved performance. Combined with the widest bandwidth <strong>McIntosh<\/strong>output transformer design, the <strong>MC275<\/strong> features tauter bass control and thermally quiet circuit design. The result is pure music. This vacuum tube power amplifier has all the features to meet the needs of today\u2019s music enthusiast, while preserving the qualities that have made the <strong>MC275<\/strong> the most revered <strong>McIntosh<\/strong> vacuum tube amplifier.   <\/p>\n<p>The <strong>MC275<\/strong> can be used in either stereo or mono mode. When used as a stereo amplifier, it will deliver 75 Watts per channel to 4, 8 or 16 Ohm speakers; in mono mode it will output 150 Watts to a single speaker with an impedance of 2, 4 or 8 Ohms. The <strong>MC275\u2019s<\/strong> full power can be delivered regardless of the speaker impedance thanks to our patented Unity Coupled Circuit output transformer technology \u2013 the same technology <strong>McIntosh<\/strong> was founded on in 1949. The two Unity Coupled Circuit output transformers are located next to the power transformer.   <\/p>\n<p>Four KT88 vacuum tubes power the output section while four 12AT7 and three 12AX7A smaller vacuum tubes are used for the Input, Voltage, and Driver amps. The <strong>MC275<\/strong> offers both balanced and unbalanced inputs to connect to your preamplifier and home audio system. It comes with our fuse-less Sentry Monitor\u2122 short-circuit protection that disengages the output stage before current exceeds safe operating levels and then resets automatically when operating conditions return to normal. Our patented gold-plated Solid Cinch\u2122 speaker binding posts assure the best connection to all speaker cables.   <\/p>\n<p>The seven small tubes are LED illuminated to indicate the amplifiers functional status: upon power up, they sequentially glow amber for a few seconds and then all turn green to signify system readiness. In the rare case of an output tube failure, the small tube(s) in front of it will turn red to notify you of the problem. An input and output for our Power Control technology allows other connected <strong>McIntosh<\/strong> components, such as preamplifiers, CD players, turntables, or media steamers, to automatically turn on and off. Contact your local dealer to learn more.   <\/p>\n<p>&nbsp;<\/p>\n<\/div>\n<p><iframe loading=\"lazy\" title=\"McIntosh MC275 Stereo Amplifier\" src=\"https:\/\/www.youtube.com\/embed\/hOXk5OwJbu4\" width=\"1240\" height=\"698\" frameborder=\"0\" allowfullscreen=\"allowfullscreen\"><\/iframe><\/p>\n","protected":false},"excerpt":{"rendered":"<p><strong>McIntosh MC275 <\/strong>\u2014 \u043b\u0435\u0433\u0435\u043d\u0434\u0430\u0440\u043d\u044b\u0439 \u043b\u0430\u043c\u043f\u043e\u0432\u044b\u0439 \u0443\u0441\u0438\u043b\u0438\u0442\u0435\u043b\u044c \u043c\u043e\u0449\u043d\u043e\u0441\u0442\u0438, \u043a\u043e\u0442\u043e\u0440\u044b\u0439 \u0446\u0435\u043d\u044f\u0442 \u0437\u0430 \u0436\u0438\u0432\u0443\u044e \u0434\u0438\u043d\u0430\u043c\u0438\u043a\u0443, \u043c\u0430\u0441\u0448\u0442\u0430\u0431 \u0438 \u0443\u0437\u043d\u0430\u0432\u0430\u0435\u043c\u044b\u0439 \u043f\u043e\u0447\u0435\u0440\u043a McIntosh. \u042d\u0442\u043e \u043e\u0442\u043b\u0438\u0447\u043d\u044b\u0439 \u0432\u0430\u0440\u0438\u0430\u043d\u0442, \u0435\u0441\u043b\u0438 \u0442\u044b \u0441\u0442\u0440\u043e\u0438\u0448\u044c \u0441\u0438\u0441\u0442\u0435\u043c\u0443 \u0432\u043e\u043a\u0440\u0443\u0433 \u043a\u0430\u0447\u0435\u0441\u0442\u0432\u0435\u043d\u043d\u043e\u0433\u043e \u043f\u0440\u0435\u0434\u0443\u0441\u0438\u043b\u0438\u0442\u0435\u043b\u044f \u0438\u043b\u0438 \u0438\u043d\u0442\u0435\u0433\u0440\u0438\u0440\u043e\u0432\u0430\u043d\u043d\u043e\u0433\u043e \u0443\u0441\u0438\u043b\u0438\u0442\u0435\u043b\u044f \u0441 Pre Out \u0438 \u0445\u043e\u0447\u0435\u0448\u044c \u0434\u043e\u0431\u0430\u0432\u0438\u0442\u044c \u043d\u0430\u0441\u0442\u043e\u044f\u0449\u0443\u044e \u043b\u0430\u043c\u043f\u043e\u0432\u0443\u044e \u044d\u043d\u0435\u0440\u0433\u0435\u0442\u0438\u043a\u0443 \u0438 \u201c\u0442\u0435\u043b\u043e\u201d \u0437\u0432\u0443\u0447\u0430\u043d\u0438\u044e.<br \/><strong>MC275<\/strong> \u043c\u043e\u0436\u043d\u043e \u0438\u0441\u043f\u043e\u043b\u044c\u0437\u043e\u0432\u0430\u0442\u044c \u043a\u0430\u043a \u0441\u0442\u0435\u0440\u0435\u043e-\u0443\u0441\u0438\u043b\u0438\u0442\u0435\u043b\u044c (75 \u0412\u0442 \u043d\u0430 \u043a\u0430\u043d\u0430\u043b) \u0438\u043b\u0438 \u043a\u0430\u043a \u043c\u043e\u043d\u043e\u0431\u043b\u043e\u043a (150 \u0412\u0442) \u2014 \u0443\u0434\u043e\u0431\u043d\u043e, \u0435\u0441\u043b\u0438 \u043f\u043e\u0437\u0436\u0435 \u0437\u0430\u0445\u043e\u0447\u0435\u0448\u044c \u043f\u0435\u0440\u0435\u0439\u0442\u0438 \u043d\u0430 \u043f\u0430\u0440\u0443 \u043c\u043e\u043d\u043e\u0431\u043b\u043e\u043a\u043e\u0432. \u0411\u043b\u0430\u0433\u043e\u0434\u0430\u0440\u044f \u0444\u0438\u0440\u043c\u0435\u043d\u043d\u043e\u0439 \u0442\u0440\u0430\u043d\u0441\u0444\u043e\u0440\u043c\u0430\u0442\u043e\u0440\u043d\u043e\u0439 \u0441\u0445\u0435\u043c\u0435 \u043c\u043e\u0449\u043d\u043e\u0441\u0442\u044c \u0434\u043e\u0441\u0442\u0443\u043f\u043d\u0430 \u043d\u0430 \u0440\u0430\u0437\u043d\u044b\u0445 \u0441\u043e\u043f\u0440\u043e\u0442\u0438\u0432\u043b\u0435\u043d\u0438\u044f\u0445 \u0430\u043a\u0443\u0441\u0442\u0438\u043a\u0438.<\/p>\n<p>75 \u0412\u0442 \u00d72 (\u0441\u0442\u0435\u0440\u0435\u043e) \u0438\u043b\u0438 150 \u0412\u0442 \u00d71 (\u043c\u043e\u043d\u043e)<br \/>\u0412\u044b\u0445\u043e\u0434\u044b \u0434\u043b\u044f \u0430\u043a\u0443\u0441\u0442\u0438\u043a\u0438: 4 \/ 8 \/ 16 \u03a9 (\u0441\u0442\u0435\u0440\u0435\u043e), 2 \/ 4 \/ 8 \u03a9 (\u043c\u043e\u043d\u043e)<br \/>\u041b\u0430\u043c\u043f\u043e\u0432\u0430\u044f \u0441\u0445\u0435\u043c\u043e\u0442\u0435\u0445\u043d\u0438\u043a\u0430 \u0438 \u0444\u0438\u0440\u043c\u0435\u043d\u043d\u044b\u0435 \u0432\u044b\u0445\u043e\u0434\u043d\u044b\u0435 \u0442\u0440\u0430\u043d\u0441\u0444\u043e\u0440\u043c\u0430\u0442\u043e\u0440\u044b<br \/>\u041a\u043e\u043c\u043f\u043b\u0435\u043a\u0442 \u043b\u0430\u043c\u043f: 4\u00d7 KT88, 4\u00d7 12AT7, 3\u00d7 12AX7A<br \/>\u0428\u0438\u0440\u043e\u043a\u0438\u0439 \u0447\u0430\u0441\u0442\u043e\u0442\u043d\u044b\u0439 \u0434\u0438\u0430\u043f\u0430\u0437\u043e\u043d, \u0432\u044b\u0441\u043e\u043a\u0430\u044f \u043f\u0440\u043e\u0437\u0440\u0430\u0447\u043d\u043e\u0441\u0442\u044c \u0438 \u043a\u043e\u043d\u0442\u0440\u043e\u043b\u044c<br \/><strong>\u0418\u0434\u0435\u0430\u043b\u0435\u043d \u0434\u043b\u044f \u0441\u0438\u0441\u0442\u0435\u043c\u044b \u201c\u043d\u0430 \u0432\u044b\u0440\u043e\u0441\u0442\u201d: \u043e\u0434\u0438\u043d \u0441\u0435\u0439\u0447\u0430\u0441 \u2192 \u0434\u0432\u0430 \u043a\u0430\u043a \u043c\u043e\u043d\u043e\u0431\u043b\u043e\u043a\u0438 \u043f\u043e\u0437\u0436\u0435<\/strong><\/p>\n","protected":false},"featured_media":46697,"template":"","meta":{"_acf_changed":false},"product_brand":[859],"product_cat":[297],"product_tag":[],"class_list":{"0":"post-46695","1":"product","2":"type-product","3":"status-publish","4":"has-post-thumbnail","6":"product_brand-mcintosh","7":"product_cat-power-amplifiers","9":"first","10":"instock","11":"taxable","12":"shipping-taxable","13":"purchasable","14":"product-type-simple"},"acf":[],"jetpack_sharing_enabled":true,"_links":{"self":[{"href":"https:\/\/hifimarket.ee\/ru\/wp-json\/wp\/v2\/product\/46695","targetHints":{"allow":["GET"]}}],"collection":[{"href":"https:\/\/hifimarket.ee\/ru\/wp-json\/wp\/v2\/product"}],"about":[{"href":"https:\/\/hifimarket.ee\/ru\/wp-json\/wp\/v2\/types\/product"}],"version-history":[{"count":4,"href":"https:\/\/hifimarket.ee\/ru\/wp-json\/wp\/v2\/product\/46695\/revisions"}],"predecessor-version":[{"id":56262,"href":"https:\/\/hifimarket.ee\/ru\/wp-json\/wp\/v2\/product\/46695\/revisions\/56262"}],"wp:featuredmedia":[{"embeddable":true,"href":"https:\/\/hifimarket.ee\/ru\/wp-json\/wp\/v2\/media\/46697"}],"wp:attachment":[{"href":"https:\/\/hifimarket.ee\/ru\/wp-json\/wp\/v2\/media?parent=46695"}],"wp:term":[{"taxonomy":"product_brand","embeddable":true,"href":"https:\/\/hifimarket.ee\/ru\/wp-json\/wp\/v2\/product_brand?post=46695"},{"taxonomy":"product_cat","embeddable":true,"href":"https:\/\/hifimarket.ee\/ru\/wp-json\/wp\/v2\/product_cat?post=46695"},{"taxonomy":"product_tag","embeddable":true,"href":"https:\/\/hifimarket.ee\/ru\/wp-json\/wp\/v2\/product_tag?post=46695"}],"curies":[{"name":"wp","href":"https:\/\/api.w.org\/{rel}","templated":true}]}}